{"id":9964,"date":"2021-08-23T13:10:27","date_gmt":"2021-08-23T12:10:27","guid":{"rendered":"https:\/\/tienda.ismet.es\/?post_type=product&#038;p=9964"},"modified":"2026-03-11T12:27:15","modified_gmt":"2026-03-11T11:27:15","slug":"terapia-manual-superior-artrosis-de-cadera","status":"publish","type":"product","link":"https:\/\/tienda.ismet.es\/index.php\/producto\/terapia-manual-superior-artrosis-de-cadera\/","title":{"rendered":"&#8211; Terapia manual superior: artrosis de cadera, impartido por el Dr. Sagrera"},"content":{"rendered":"[vc_row][vc_column][vc_video link=&#8221;https:\/\/youtu.be\/iygTanv8zyU&#8221;][vc_column_text]\n<hr \/>\n<div class=\"woocommerce-product-details__short-description\">\n<h4>Programa<\/h4>\n<ol class=\"cursos\">\n<li style=\"list-style-type: none;\">\n<ol class=\"cursos\">\n<li>Recuerdo anat\u00f3mico \u00f3seo y muscular<\/li>\n<li>Patolog\u00edas m\u00e1s frecuentes en dolor de cadera<\/li>\n<li>Protocolo de trabajo:<br \/>\nInspecci\u00f3n, anamnesis, balance muscular, test<br \/>\nortop\u00e9dicos-osteop\u00e1ticos<br \/>\nExploraci\u00f3n segmentaria en dolores de origen vertebral<\/li>\n<li>Tratamiento:<br \/>\nManiobras de masaje lumbar y espec\u00edficas de cadera<br \/>\nMasaje con ventosas en cadera<br \/>\nT\u00e9cnicas de energ\u00eda muscular<br \/>\nT\u00e9cnica del Volante (Mitchell)<br \/>\nExploraci\u00f3n y tratamiento m\u00fasculo Piriforme<br \/>\nLumbar Roll lumbosacro y t\u00e9cnica Mitchell<\/li>\n<\/ol>\n<\/li>\n<\/ol>\n<p><!--\n\n\n<h4>Impartido por: Jordi Sagrera Ferr\u00e1ndiz<\/h4>\n\n\nLic. Medicina y cirug\u00eda UB 1973. Acreditado como m\u00e9dico naturista en el colegio de m\u00e9dicos de Barcelona (2005). Magisterio en Medicina Manual y Osteopat\u00eda en la Univ. Complutense de Madrid. Especializado en Terapias Manuales: Masaje y Osteopat\u00eda. Profesor externo en la Univ. Barcelona, Complutense de Madrid y La Cat\u00f3lica de Montevideo. Miembro de Semooym (sociedad espa\u00f1ola de Medicina Ortop\u00e9dica y manual). Asesor m\u00e9dico de RBA editores y autor de diversos libros. Profesor en cursos de pre y postgrado en distintas Universidades. Asesor m\u00e9dico ISMET en la elaboraci\u00f3n e impartici\u00f3n en distintos cursos.--> [\/vc_column_text][\/vc_column][\/vc_row]\n<\/div>\n","protected":false},"excerpt":{"rendered":"<p>Modalidad online.<span style=\"color: #7f7dd1;\" data-darkreader-inline-color=\"\"><b><br \/>\nDel 2 al 31 de marzo 2026.<br \/>\nDel 1 al 30 de abril 2026.<br \/>\nDel 4 al 31 de mayo 2026.<br \/>\nDel 1 al 30 de junio 2026.<br \/>\nDel 1 al 30 de julio 2026.<br \/>\n<\/b><\/span><\/p>\n<hr \/>\n<p>El abordaje de los pacientes con dolores de cadera cr\u00f3nicos, desde una sobrecarga muscular a los pacientes en lista de espera para una pr\u00f3tesis de cadera o los casos de trocanteritis no resuelta sea de origen lumbar o sacroil\u00edaco&#8230;(<a href=\"#tab-description\">Ver m\u00e1s informaci\u00f3n<\/a>)<\/p>\n","protected":false},"featured_media":23110,"comment_status":"open","ping_status":"closed","template":"","meta":{"_joinchat":[]},"product_brand":[],"product_cat":[223,617,89,98,180,201,205,202,203,204],"product_tag":[684,683,236,519],"class_list":{"0":"post-9964","1":"product","2":"type-product","3":"status-publish","4":"has-post-thumbnail","6":"product_cat-black-friday","7":"product_cat-imagenes-profesores","8":"product_cat-terapias-manuales","9":"product_cat-cursos","10":"product_cat-online","11":"product_cat-online-marzo","12":"product_cat-online-abril","13":"product_cat-online-mayo","14":"product_cat-online-junio","15":"product_cat-online-julio","16":"product_tag-artrosis-de-cadera","17":"product_tag-cadera","18":"product_tag-dr-sagrera","19":"product_tag-terapia-manual","20":"pa_ediciones-edicion-diciembre","21":"pa_ediciones-edicion-enero","22":"pa_ediciones-edicion-febrero","23":"pa_ediciones-edicion-marzo","24":"pa_ediciones-edicion-abril","25":"pa_ediciones-edicion-mayo","26":"pa_ediciones-edicion-junio","27":"pa_ediciones-edicion-julio","29":"first","30":"instock","31":"purchasable","32":"product-type-variable"},"_links":{"self":[{"href":"https:\/\/tienda.ismet.es\/index.php\/wp-json\/wp\/v2\/product\/9964","targetHints":{"allow":["GET"]}}],"collection":[{"href":"https:\/\/tienda.ismet.es\/index.php\/wp-json\/wp\/v2\/product"}],"about":[{"href":"https:\/\/tienda.ismet.es\/index.php\/wp-json\/wp\/v2\/types\/product"}],"replies":[{"embeddable":true,"href":"https:\/\/tienda.ismet.es\/index.php\/wp-json\/wp\/v2\/comments?post=9964"}],"wp:featuredmedia":[{"embeddable":true,"href":"https:\/\/tienda.ismet.es\/index.php\/wp-json\/wp\/v2\/media\/23110"}],"wp:attachment":[{"href":"https:\/\/tienda.ismet.es\/index.php\/wp-json\/wp\/v2\/media?parent=9964"}],"wp:term":[{"taxonomy":"product_brand","embeddable":true,"href":"https:\/\/tienda.ismet.es\/index.php\/wp-json\/wp\/v2\/product_brand?post=9964"},{"taxonomy":"product_cat","embeddable":true,"href":"https:\/\/tienda.ismet.es\/index.php\/wp-json\/wp\/v2\/product_cat?post=9964"},{"taxonomy":"product_tag","embeddable":true,"href":"https:\/\/tienda.ismet.es\/index.php\/wp-json\/wp\/v2\/product_tag?post=9964"}],"curies":[{"name":"wp","href":"https:\/\/api.w.org\/{rel}","templated":true}]}}