{"id":9696,"date":"2021-07-20T17:57:02","date_gmt":"2021-07-20T16:57:02","guid":{"rendered":"https:\/\/tienda.ismet.es\/?post_type=product&#038;p=9696"},"modified":"2025-04-23T09:30:37","modified_gmt":"2025-04-23T08:30:37","slug":"shiatsu-miofascial-visceral-curso-de-profundizacion-y-especializacion","status":"publish","type":"product","link":"https:\/\/tienda.ismet.es\/index.php\/producto\/shiatsu-miofascial-visceral-curso-de-profundizacion-y-especializacion\/","title":{"rendered":"&#8211; Shiatsu miofascial visceral, curso de profundizaci\u00f3n y especializaci\u00f3n"},"content":{"rendered":"[vc_row][vc_column][vc_video link=&#8221;https:\/\/youtu.be\/bBe77NrSw24&#8243;][vc_column_text]\n<div class=\"woocommerce-product-details__short-description\">\n<p class=\"curso\">Dotar al alumno de los conocimientos te\u00f3rico-pr\u00e1cticos para la correcta realizaci\u00f3n de las t\u00e9cnicas miofasciales y viscerales, que complementan las t\u00e9cnicas de Shiatsu b\u00e1sicas y tradicionales. Aplicar los tratamientos coadyuvantes a los diferentes sistemas, teniendo en cuenta la fisiolog\u00eda del movimiento en los \u00f3rganos. Movilidad en relaci\u00f3n con la respiraci\u00f3n diafragm\u00e1tica. Sistemas: cardio -circulatorio, respiratorio, est\u00f3mago, h\u00edgado, ves\u00edcula biliar, intestino delgado y grueso, bazo-p\u00e1ncreas, \u00f3rganos sensoriales, renal, urinario, reproductor y nervioso. En este nivel de profundizaci\u00f3n y especializaci\u00f3n ayudaremos en problemas de salud, que podr\u00edan parecer fuera del alcance de la terapia Shiatsu, sin embargo, podemos conseguir grandes logros y mejoras de salud en: gastritis, hepatitis viral o alcoh\u00f3lica, discenesia vesicular, colitis, estre\u00f1imiento, consecuencias quir\u00fargicas, secuelas en infecciones, pielonefr\u00edtis, dismenorrea, amenorreas, s\u00edndrome premenstrual, asma y bronquitis.<\/p>\n<p class=\"curso\">Se ense\u00f1ar\u00e1 a c\u00f3mo ser competentes en tratamientos coadyuvantes en patolog\u00edas cr\u00f3nicas y procesos subagudos de los diferentes sistemas del cuerpo humano, indicados en los objetivos y en el programa de la asignatura. El alumno debe seguir acreditando un correcto conocimiento de las t\u00e9cnicas b\u00e1sicas y avanzadas de Shiatsu, y a su vez ir incorporando las t\u00e9cnicas para el tratamiento de adherencias, espasmos, topsis de v\u00edsceras, que pueden dar lugar a trastornos org\u00e1nicos y que acaban afectando a la estructura osteomuscular o viceversa.<\/p>\n<hr \/>\n<h4>Programa del Curso<\/h4>\n<p>CONTENIDO TEORICO-PR\u00c1CTICO<\/p>\n<p>Diafragma: Maniobras y drenaje abdominal \u2013 tratamiento Ra\u00edz esf\u00ednteres.<\/p>\n<ol class=\"cursos\">\n<li>SISTEMA CARDIO RESPIRATORIO:<br \/>\nSistema circulatorio: t\u00e9cnicas shiatsu \u2013 miofasciales y funcionales, Insuficiencia cardiaca, hipertensi\u00f3n, aterosclerosis, venas varicosas, enfermedad de Raynaud, linfedema, tromboflebitis. Tto circulatorio-venoso superficial y profundo.<br \/>\nSistema respiratorio: t\u00e9cnicas shiatsu \u2013 miofasciales y funcionales, resfriado-gripe, asma, EPOC, alergias, hipo.<\/li>\n<li>SISTEMA DIGESTIVO:<br \/>\nSistema Hepato-digestivo 1: t\u00e9cnicas shiatsu \u2013 miofasciales y funcionales, dolor abdominal, trastornos hep\u00e1ticos, gastroespasmo, gastritis, h\u00e9rnia hiatal. Sistema digestivo-Intestinos 2: t\u00e9cnicas shiatsu \u2013 miofasciales y funcionales, Instestino Grueso \u2013 Intestino Delgado, Estre\u00f1imiento, diarrea. P\u00e1ncreas y Bazo: t\u00e9cnicas shiatsu \u2013 miofasciales y funcionales, topsis, diabetes, inmunidad.<\/li>\n<li>SISTEMA RENAL:<br \/>\n\u00f3rganos sensoriales: t\u00e9cnicas shiatsu \u2013 miofasciales y funcionales, sinusitis, tinitus, epistaxis, blefaroptosis, enfermedad del movimiento. Des\u00f3rdenes en el sistema metab\u00f3lico, endocrino, urinario y reproductor: T\u00e9cnicas shiatsu \u2013 miofasciales y funcionales. Des\u00f3rdenes renales, hiperplasia benigna de pr\u00f3stata, impotencia, Agenesia (dificultad para el embarazo), enfriamiento, n\u00e1usea matinal en el embarazo, Embarazo, trastornos del climaterio, desarreglos menstruales.<\/li>\n<\/ol>\n<div><\/div>\n<hr \/>\n<p><!--\n\n\n<h4>Impartido por: Miguel L\u00f3pez Alarc\u00f3n<\/h4>\n\n\nShiatsu terapeuta y en t\u00e9cnicas japonesas-Diplomado en MTCH (Acupuntura) y terapias tradicionales chinas. D.A.P de COFENAT.--><\/p>\n[\/vc_column_text][\/vc_column][\/vc_row]\n<\/div>\n","protected":false},"excerpt":{"rendered":"<p>Modalidad presencial<br \/>\n<span style=\"color: #7f7dd1;\" data-darkreader-inline-color=\"\"> <strong>Shiatsu Miofascial Visceral: Sistema cardio respiratorio<\/strong><br \/>\nPlanificando fechas<br \/>\n<strong>Shiatsu Miofascial Visceral: Sistema digestivo<\/strong><br \/>\nPlanificando fechas<br \/>\n<strong>Shiatsu Miofascial Visceral: Renal, urinario y reproductor<\/strong><br \/>\nPlanificando fechas<\/span><\/p>\n<hr \/>\n<p>Este curso quiere dotar al alumno de los conocimientos te\u00f3rico-pr\u00e1cticos para la correcta realizaci\u00f3n de la terapia shiatsu aplicada a los \u00f3rganos y entra\u00f1as&#8230;..<span style=\"font-size: 1rem;\">(<\/span><a style=\"font-size: 1rem;\" href=\"#tab-description\">Ver m\u00e1s informaci\u00f3n<\/a><span style=\"font-size: 1rem;\">)<\/span><\/p>\n","protected":false},"featured_media":9647,"comment_status":"open","ping_status":"closed","template":"","meta":{"_joinchat":[]},"product_brand":[],"product_cat":[617,90,98,179],"product_tag":[239],"class_list":{"0":"post-9696","1":"product","2":"type-product","3":"status-publish","4":"has-post-thumbnail","6":"product_cat-imagenes-profesores","7":"product_cat-medicina-china-y-acupuntura","8":"product_cat-cursos","9":"product_cat-cursos-presenciales","10":"product_tag-miguel-lopez","12":"first","13":"instock","14":"product-type-variable"},"_links":{"self":[{"href":"https:\/\/tienda.ismet.es\/index.php\/wp-json\/wp\/v2\/product\/9696","targetHints":{"allow":["GET"]}}],"collection":[{"href":"https:\/\/tienda.ismet.es\/index.php\/wp-json\/wp\/v2\/product"}],"about":[{"href":"https:\/\/tienda.ismet.es\/index.php\/wp-json\/wp\/v2\/types\/product"}],"replies":[{"embeddable":true,"href":"https:\/\/tienda.ismet.es\/index.php\/wp-json\/wp\/v2\/comments?post=9696"}],"wp:featuredmedia":[{"embeddable":true,"href":"https:\/\/tienda.ismet.es\/index.php\/wp-json\/wp\/v2\/media\/9647"}],"wp:attachment":[{"href":"https:\/\/tienda.ismet.es\/index.php\/wp-json\/wp\/v2\/media?parent=9696"}],"wp:term":[{"taxonomy":"product_brand","embeddable":true,"href":"https:\/\/tienda.ismet.es\/index.php\/wp-json\/wp\/v2\/product_brand?post=9696"},{"taxonomy":"product_cat","embeddable":true,"href":"https:\/\/tienda.ismet.es\/index.php\/wp-json\/wp\/v2\/product_cat?post=9696"},{"taxonomy":"product_tag","embeddable":true,"href":"https:\/\/tienda.ismet.es\/index.php\/wp-json\/wp\/v2\/product_tag?post=9696"}],"curies":[{"name":"wp","href":"https:\/\/api.w.org\/{rel}","templated":true}]}}