{"id":9082,"date":"2021-06-21T14:34:32","date_gmt":"2021-06-21T13:34:32","guid":{"rendered":"https:\/\/tienda.ismet.es\/?post_type=product&#038;p=9082"},"modified":"2026-04-14T11:27:27","modified_gmt":"2026-04-14T10:27:27","slug":"masaje-alivio-dolor-cervical","status":"publish","type":"product","link":"https:\/\/tienda.ismet.es\/index.php\/producto\/masaje-alivio-dolor-cervical\/","title":{"rendered":"&#8211; Masaje alivio dolor cervical"},"content":{"rendered":"[vc_row][vc_column][vc_video link=&#8221;https:\/\/youtu.be\/BUr3kZUZKQM&#8221;][vc_column_text]\n<div class=\"woocommerce-product-details__short-description\">\n<hr \/>\n<h4>Objetivos<\/h4>\n<p>Este taller tiene como objetivo aprender un sencillo protocolo de masaje para alivio del dolor cervical con irradiaci\u00f3n hacia la cabeza, en forma de cefaleas y migra\u00f1as. As\u00ed como tambi\u00e9n el de eliminar tensi\u00f3n en zona hombros y cervicales.<\/p>\n<p>Realizar un buen masaje en la zona de cervicales puede aportar los siguientes beneficios:<br \/>\nAlivio del dolor: Aprender esta t\u00e9cnica de masaje puede ayudar a aliviar el dolor y la tensi\u00f3n en el cuello, lo que es especialmente \u00fatil para quienes sufren de dolor cervical cr\u00f3nico.<br \/>\nMejora de la movilidad: este masaje puede mejorar la flexibilidad y la movilidad del cuello, lo que puede ser beneficioso para personas con rigidez o limitaci\u00f3n de movimiento.<br \/>\nReducci\u00f3n del estr\u00e9s: El masaje no solo ayuda f\u00edsicamente, sino que tambi\u00e9n puede reducir el estr\u00e9s y la ansiedad, contribuyendo a una sensaci\u00f3n general de bienestar.<br \/>\nOportunidades profesionales: Para quienes buscan una carrera en el bienestar y la salud, esta formaci\u00f3n puede abrir puertas a nuevas oportunidades laborales en cl\u00ednicas, spas, o incluso en la pr\u00e1ctica privada.<br \/>\nAutocuidado: Aprender a realizar masajes tambi\u00e9n puede ser \u00fatil para el autocuidado, permitiendo aplicar t\u00e9cnicas en uno mismo o en seres queridos.<\/p>\n<h4>Programa del Curso<\/h4>\n<ul>\n<li>C\u00f3mo colocar al usuario para recibir masaje cervical.<\/li>\n<li>Masaje en cuello y hombros en dec\u00fabito prono y dec\u00fabito supino con manipulaciones b\u00e1sicas.<\/li>\n<li>Masaje con el usuario sentado.<\/li>\n<\/ul>\n[\/vc_column_text][\/vc_column][\/vc_row]\n<\/div>\n","protected":false},"excerpt":{"rendered":"<p>Modalidad presencial. <span style=\"color: #7f7dd1;\" data-darkreader-inline-color=\"\"><strong><br \/>\nMi\u00e9rcoles 8 de julio 2026.<br \/>\nHorario: De 16 a 20h<br \/>\n<\/strong><\/span><\/p>\n<hr \/>\n<p><strong>Precio Total: <\/strong>70\u20ac.<\/p>\n<hr \/>\n<p>Este taller tiene como objetivo aprender un sencillo protocolo de masaje para alivio del dolor cervical&#8230;(<a href=\"#tab-description\">Ver m\u00e1s informaci\u00f3n<\/a>)<\/p>\n","protected":false},"featured_media":22501,"comment_status":"open","ping_status":"closed","template":"","meta":{"_joinchat":[]},"product_brand":[],"product_cat":[617,89,182,98,179,200],"product_tag":[416,357,417,387,368],"class_list":{"0":"post-9082","1":"product","2":"type-product","3":"status-publish","4":"has-post-thumbnail","6":"product_cat-imagenes-profesores","7":"product_cat-terapias-manuales","8":"product_cat-wellness-y-estetica","9":"product_cat-cursos","10":"product_cat-cursos-presenciales","11":"product_cat-presencial-julio","12":"product_tag-alivio-dolor","13":"product_tag-masaje","14":"product_tag-montse-espejo","15":"product_tag-tecnicas-manuales","16":"product_tag-terapias-manuales","17":"pa_ediciones-edicion-enero","19":"first","20":"instock","21":"purchasable","22":"product-type-simple"},"_links":{"self":[{"href":"https:\/\/tienda.ismet.es\/index.php\/wp-json\/wp\/v2\/product\/9082","targetHints":{"allow":["GET"]}}],"collection":[{"href":"https:\/\/tienda.ismet.es\/index.php\/wp-json\/wp\/v2\/product"}],"about":[{"href":"https:\/\/tienda.ismet.es\/index.php\/wp-json\/wp\/v2\/types\/product"}],"replies":[{"embeddable":true,"href":"https:\/\/tienda.ismet.es\/index.php\/wp-json\/wp\/v2\/comments?post=9082"}],"wp:featuredmedia":[{"embeddable":true,"href":"https:\/\/tienda.ismet.es\/index.php\/wp-json\/wp\/v2\/media\/22501"}],"wp:attachment":[{"href":"https:\/\/tienda.ismet.es\/index.php\/wp-json\/wp\/v2\/media?parent=9082"}],"wp:term":[{"taxonomy":"product_brand","embeddable":true,"href":"https:\/\/tienda.ismet.es\/index.php\/wp-json\/wp\/v2\/product_brand?post=9082"},{"taxonomy":"product_cat","embeddable":true,"href":"https:\/\/tienda.ismet.es\/index.php\/wp-json\/wp\/v2\/product_cat?post=9082"},{"taxonomy":"product_tag","embeddable":true,"href":"https:\/\/tienda.ismet.es\/index.php\/wp-json\/wp\/v2\/product_tag?post=9082"}],"curies":[{"name":"wp","href":"https:\/\/api.w.org\/{rel}","templated":true}]}}