{"id":8934,"date":"2021-06-02T13:43:14","date_gmt":"2021-06-02T12:43:14","guid":{"rendered":"https:\/\/tienda.ismet.es\/?post_type=product&#038;p=8934"},"modified":"2025-05-07T12:50:29","modified_gmt":"2025-05-07T11:50:29","slug":"geometria_sagrada_biodescodificacion_energetica_3","status":"publish","type":"product","link":"https:\/\/tienda.ismet.es\/index.php\/producto\/geometria_sagrada_biodescodificacion_energetica_3\/","title":{"rendered":"&#8211; Biodescodificaci\u00f3n con Geometr\u00eda Sagrada. Nivel III"},"content":{"rendered":"[vc_row][vc_column][vc_video link=&#8221;https:\/\/youtu.be\/qXnl_RR8PHM&#8221;][vc_column_text]\n<div class=\"woocommerce-product-details__short-description\">\n<hr \/>\n<h4>Objetivos<\/h4>\n<ul>\n<li>\n<p class=\"curso\">Limpiar, armonizar y reprogramar los canales o flujos energ\u00e9ticos del Ser con Forma (geometr\u00eda sagrada) y Luz. Se destruye y se descarga todo aquello que impide la correcta circulaci\u00f3n de la energ\u00eda, sean creencias, vivencias o shocks que afectan al consciente e inconsciente de la persona.<\/p>\n<\/li>\n<\/ul>\n<\/div>\n<hr \/>\n<h4>Programa del Curso<\/h4>\n<ol class=\"cursos\">\n<li>Repaso de las formas geom\u00e9tricas y su utilidad cl\u00ednica<\/li>\n<li>Repaso de los diferentes tonos de luz, el color y su frecuencia.<\/li>\n<li>Estudio de la constituci\u00f3n energ\u00e9tica del Ser y los puntos de desbloqueo f\u00edsico y emocional con forma y luz.<\/li>\n<li>Como testar estos puntos, diferentes m\u00e9todos de testaje, VAS (pulso), con la varilla o biotensor.<\/li>\n<li>Emociones atrapadas, cuando, como y en qu\u00e9 momento. El porqu\u00e9 de las dolencias y enfermedades.<\/li>\n<li>Las emociones atrapadas prenatales, los c\u00f3digos de Enma Kunz.<\/li>\n<li>Pr\u00e1cticas:<br \/>\n\u2022 Puntos energ\u00e9ticos que necesita el Ser.<br \/>\n\u2022 Tratamiento magistral de forma (geometr\u00eda sagrada) y luz<br \/>\n\u2022 El giro de la emoci\u00f3n atrapada a ser liberada por nuestro antiguo sistema de creencias, la nueva condici\u00f3n y el doble cu\u00e1ntico, la rotaci\u00f3n de la emoci\u00f3n y el anclaje en el Ser de la nueva conciencia<br \/>\n\u2022 El cambio de actitud y la repercusi\u00f3n en nuestras fascias y aguas<br \/>\n\u2022 El Giro, la rotaci\u00f3n y el anclaje de la geometr\u00eda para una completa armonizaci\u00f3n.<br \/>\n\u2022 C\u00e9lulas limpias, c\u00e9lulas felices.<\/li>\n<\/ol>\n<hr \/>\n<p><!--\n\n\n<h4>Impartido por: Montserrat Sorli Ivern<\/h4>\n\n\nTerapeuta cu\u00e1ntica, con m\u00e1s de 30 a\u00f1os de experiencia. Empresaria de un negocio de cosm\u00e9tica natural. Terapeuta y Medium Canalizadora. Formaci\u00f3n en Naturopat\u00eda, reflexolog\u00eda, auriculoterapia, kinesiolog\u00eda, acupuntura, cromoterapia , esencias florales, maestra de Reiki.-->[\/vc_column_text][\/vc_column][\/vc_row]\n","protected":false},"excerpt":{"rendered":"<p>Modalidad presencial<br \/>\n<span style=\"color: #7f7dd1;\"><b><br \/>\nProgramando fechas.<\/b><\/span><\/p>\n<hr \/>\n<p>Precio total: 195\u20ac. Se abonar\u00e1 de la siguiente manera: Reserva plaza: 50\u20ac, y 145\u20ac restantes se abonar\u00e1n el 1er d\u00eda del curso, antes de empezar, en efectivo o tarjeta.<\/p>\n<hr \/>\n<p>Limpiar, armonizar y reprogramar los canales o flujos energ\u00e9ticos del Ser con Forma (geometr\u00eda sagrada) y Luz&#8230; (<a href=\"#tab-description\">Ver m\u00e1s informaci\u00f3n<\/a>)<\/p>\n","protected":false},"featured_media":8935,"comment_status":"open","ping_status":"closed","template":"","meta":{"_joinchat":[]},"product_brand":[],"product_cat":[617,92,183,98,179],"product_tag":[491,492,388,461],"class_list":{"0":"post-8934","1":"product","2":"type-product","3":"status-publish","4":"has-post-thumbnail","6":"product_cat-imagenes-profesores","7":"product_cat-crecimiento-personal","8":"product_cat-terapias-energeticas","9":"product_cat-cursos","10":"product_cat-cursos-presenciales","11":"product_tag-biodescodificacion-energetica","12":"product_tag-geometria-sagrada","13":"product_tag-montserrat-sorli-ivern","14":"product_tag-nivel-3","15":"pa_ediciones-edicion-marzo","16":"pa_ediciones-edicion-septiembre","18":"first","19":"instock","20":"purchasable","21":"product-type-simple"},"_links":{"self":[{"href":"https:\/\/tienda.ismet.es\/index.php\/wp-json\/wp\/v2\/product\/8934","targetHints":{"allow":["GET"]}}],"collection":[{"href":"https:\/\/tienda.ismet.es\/index.php\/wp-json\/wp\/v2\/product"}],"about":[{"href":"https:\/\/tienda.ismet.es\/index.php\/wp-json\/wp\/v2\/types\/product"}],"replies":[{"embeddable":true,"href":"https:\/\/tienda.ismet.es\/index.php\/wp-json\/wp\/v2\/comments?post=8934"}],"wp:featuredmedia":[{"embeddable":true,"href":"https:\/\/tienda.ismet.es\/index.php\/wp-json\/wp\/v2\/media\/8935"}],"wp:attachment":[{"href":"https:\/\/tienda.ismet.es\/index.php\/wp-json\/wp\/v2\/media?parent=8934"}],"wp:term":[{"taxonomy":"product_brand","embeddable":true,"href":"https:\/\/tienda.ismet.es\/index.php\/wp-json\/wp\/v2\/product_brand?post=8934"},{"taxonomy":"product_cat","embeddable":true,"href":"https:\/\/tienda.ismet.es\/index.php\/wp-json\/wp\/v2\/product_cat?post=8934"},{"taxonomy":"product_tag","embeddable":true,"href":"https:\/\/tienda.ismet.es\/index.php\/wp-json\/wp\/v2\/product_tag?post=8934"}],"curies":[{"name":"wp","href":"https:\/\/api.w.org\/{rel}","templated":true}]}}