{"id":8887,"date":"2021-05-31T12:36:03","date_gmt":"2021-05-31T11:36:03","guid":{"rendered":"https:\/\/tienda.ismet.es\/?post_type=product&#038;p=8887"},"modified":"2026-03-11T12:11:33","modified_gmt":"2026-03-11T11:11:33","slug":"secuelas-de-la-covid-y-covid-persistente","status":"publish","type":"product","link":"https:\/\/tienda.ismet.es\/index.php\/producto\/secuelas-de-la-covid-y-covid-persistente\/","title":{"rendered":"&#8211; Secuelas de la covid y covid persistente"},"content":{"rendered":"[vc_row][vc_column][vc_video link=&#8221;https:\/\/youtu.be\/mTgC8wyCzjk&#8221;][vc_column_text]\n<hr \/>\n<div class=\"woocommerce-product-details__short-description\">\n<p class=\"curso\">Tras la pandemia provocada por el virus SARS-CoV2 denominada COVID-19, se ha producido un nuevo fen\u00f3meno patol\u00f3gico cronificante que nos obliga a distinguir entre:<br \/>\nLas secuelas de la COVID-19 denominadas frecuentemente post-Covid y que hacen referencia al paciente que ha requerido ingreso hospitalario y que presenta posteriormente s\u00edntomas aislados o no, derivados de su proceso patol\u00f3gico. Mientras que la Covid-Persistente o Long-Covid es un complejo sintom\u00e1tico multiorg\u00e1nico que afecta a los pacientes que han padecido Covid y que a\u00fan presentan sintomatolog\u00eda pasadas 4 e incluso 12 semanas.<br \/>\nSon prevalentes las alteraciones neuro-psicol\u00f3gicas e inmuno \u2013 respiratorias<br \/>\nPor ello es necesario disponer de un abordaje que aporte recursos terap\u00e9uticos de car\u00e1cter integrativo a la hora de tratar lo que se ha dado en llamar el eje Psico-neuroinmuno \u2013 respiratorio que presentan estos pacientes.<br \/>\nDescribiremos y protocolarizaremos los tratamientos m\u00e1s potentes y contrastados de los que la Terapia Integrativa dispone en estos momentos.<\/p>\n<\/div>\n<hr \/>\n<h4>Objetivos y programa<\/h4>\n<ol class=\"cursos\">\n<li>Aprender a distinguir entre el paciente secuelado y el paciente Covid-persistente o Long-Covid.<\/li>\n<li>Comprender las implicaciones neuro-fisiol\u00f3gicas del llamado Eje Psico-neuro-inmuno-respiratorio.<\/li>\n<li>Proporcionar al alumnado las herramientas \u00f3ptimas para poder abordar la Covid Persistente desde una vertiente de Terapia integrativa.<\/li>\n<\/ol>\n<hr \/>\n<h4>Programa<\/h4>\n<ol>\n<li>CONCEPTOS DE SECUELAS DE COVID Y COVID PERSISTENTE<\/li>\n<li>COVID-19 Y EL PACIENTE SECUELADO<\/li>\n<li>COVID PERSISTENTE Y ANAL\u00cdTICAS<\/li>\n<li>COVID PERSISTENTE Y SECUELAS NEURO-PSICOL\u00d3GICAS: Estr\u00e9s post-traum\u00e1tico, depresi\u00f3n, cansancio, fatiga desmotivaci\u00f3n, apat\u00eda, alteraciones del sue\u00f1o, rabia y frustraci\u00f3n. Protocolos de tratamiento: 5HTP, Hip\u00e9rico, Adapt\u00f3genos (Rhodiola, Eleutherococo, etc.) , Plantas sedantes, Ltirosina, Complex B+C, Drenadores hep\u00e1ticos, L-Carnosina, Acetil-L-Carnitina (ALC), Co Q 10, NADH, D-Ribosa, Pirroquinolina quinona (PQQ), Complex B, Selenio + Vitamina E,\u2026<\/li>\n<li>COVID PERSISTENTES Y SECUELAS RESPIRATORIAS Y AFINES Disnea, hipoxia, anosmia, ageusia. Protocolos de tratamiento: Nigella sativa, Vitamina C, Quercetina, Beta-caroteno, Vitamina A, N-Acetil- Ciste\u00edna (NAC), Zinc, Vitamina D3,\u2026<\/li>\n<li>COVID PERSISTENTE Y OTROS FARMANUTRIENTES: \u00c1cidos Grasos Poliinsaturados, \u00c1cido alfa-lipoico, Melatonina, Quercetina, Lactoferrina, Micoterapia (Reishi, Shiitake, Maitake, Agaricus, Cordyceps), Microbioterapia (pro y prebi\u00f3ticos),\u2026<\/li>\n<li>BIBLIOGRAF\u00cdA Y WEBGRAF\u00cdA LOS BUENOS CONTACTOS.<\/li>\n<\/ol>\n<hr \/>\n<p><!--\n\n\n<h4>Impartido por: Enric Ser<\/h4>\n\n\nDiplomado en Terapias Naturales (Universidad Aut\u00f3noma de Barcelona y por el Real centro Universitario Reina M\u00aa Cristina de Madrid). Dr. in Naturopathy por la American University of Natural Medic (Florida\/EUA). T\u00e9cnica Higienista por Nature et Vie (Lorient-France). Profesor titular del \u00e1rea de Terapia Ortomolecular en ISMET. Profesor colaborador en diversos cursos Posgrado de la Escuela Universitaria de Ciencias de la Salud de Vic (Barcelona) y de la Escuela de Enfermer\u00eda Gimbernat (Sant Cugat-Barcelona). Autor de diversos libros ya publicados de Terapia Biol\u00f3gica e Historia de la Medicina y ex-colaborador de distintas publicaciones del sector (Cuerpomente, Vital, Vivir con salud, Diet\u00e9tica y salud). Premio Nacional de Investigaci\u00f3n Educativa del Ministerio de Educaci\u00f3n y Ciencia...-->[\/vc_column_text][\/vc_column][\/vc_row]\n","protected":false},"excerpt":{"rendered":"<p>Modalidad online.<span style=\"color: #7f7dd1;\" data-darkreader-inline-color=\"\"><strong><br \/>\nDel 2 al 31 de marzo 2026.<br \/>\nDel 1 al 30 de abril 2026.<br \/>\nDel 4 al 31 de mayo 2026.<br \/>\nDel 1 al 30 de junio 2026.<br \/>\nDel 1 al 30 de julio 2026. <\/p>\n<p><\/strong><\/span><\/p>\n<hr \/>\n<p>Las secuelas de la COVID-19 denominadas frecuentemente post-Covid y que hacen referencia al paciente que ha requerido ingreso hospitalario y que presenta posteriormente s\u00edntomas&#8230;(<a href=\"#tab-description\">Ver m\u00e1s informaci\u00f3n<\/a>)<\/p>\n","protected":false},"featured_media":8893,"comment_status":"open","ping_status":"closed","template":"","meta":{"_joinchat":[]},"product_brand":[],"product_cat":[223,617,82,184,98,180,201,205,202,203,204],"product_tag":[696,891,219,541,695],"class_list":{"0":"post-8887","1":"product","2":"type-product","3":"status-publish","4":"has-post-thumbnail","6":"product_cat-black-friday","7":"product_cat-imagenes-profesores","8":"product_cat-naturopatia","9":"product_cat-alimentacion-saludable","10":"product_cat-cursos","11":"product_cat-online","12":"product_cat-online-marzo","13":"product_cat-online-abril","14":"product_cat-online-mayo","15":"product_cat-online-junio","16":"product_cat-online-julio","17":"product_tag-covid","18":"product_tag-covid-persistente","19":"product_tag-enric-ser","20":"product_tag-nutricion-y-suplementacion","21":"product_tag-secuelas-covid","22":"pa_ediciones-edicion-diciembre","23":"pa_ediciones-edicion-enero","24":"pa_ediciones-edicion-febrero","25":"pa_ediciones-edicion-marzo","26":"pa_ediciones-edicion-abril","27":"pa_ediciones-edicion-mayo","28":"pa_ediciones-edicion-junio","29":"pa_ediciones-edicion-julio","31":"first","32":"instock","33":"purchasable","34":"product-type-variable"},"_links":{"self":[{"href":"https:\/\/tienda.ismet.es\/index.php\/wp-json\/wp\/v2\/product\/8887","targetHints":{"allow":["GET"]}}],"collection":[{"href":"https:\/\/tienda.ismet.es\/index.php\/wp-json\/wp\/v2\/product"}],"about":[{"href":"https:\/\/tienda.ismet.es\/index.php\/wp-json\/wp\/v2\/types\/product"}],"replies":[{"embeddable":true,"href":"https:\/\/tienda.ismet.es\/index.php\/wp-json\/wp\/v2\/comments?post=8887"}],"wp:featuredmedia":[{"embeddable":true,"href":"https:\/\/tienda.ismet.es\/index.php\/wp-json\/wp\/v2\/media\/8893"}],"wp:attachment":[{"href":"https:\/\/tienda.ismet.es\/index.php\/wp-json\/wp\/v2\/media?parent=8887"}],"wp:term":[{"taxonomy":"product_brand","embeddable":true,"href":"https:\/\/tienda.ismet.es\/index.php\/wp-json\/wp\/v2\/product_brand?post=8887"},{"taxonomy":"product_cat","embeddable":true,"href":"https:\/\/tienda.ismet.es\/index.php\/wp-json\/wp\/v2\/product_cat?post=8887"},{"taxonomy":"product_tag","embeddable":true,"href":"https:\/\/tienda.ismet.es\/index.php\/wp-json\/wp\/v2\/product_tag?post=8887"}],"curies":[{"name":"wp","href":"https:\/\/api.w.org\/{rel}","templated":true}]}}