{"id":8711,"date":"2021-05-13T11:11:59","date_gmt":"2021-05-13T10:11:59","guid":{"rendered":"https:\/\/tienda.ismet.es\/?post_type=product&#038;p=8711"},"modified":"2026-04-14T12:27:13","modified_gmt":"2026-04-14T11:27:13","slug":"anticelulitico-de-piernas-y-gluteos-con-chanbeaute-la-estetica-terapeutica","status":"publish","type":"product","link":"https:\/\/tienda.ismet.es\/index.php\/producto\/anticelulitico-de-piernas-y-gluteos-con-chanbeaute-la-estetica-terapeutica\/","title":{"rendered":"&#8211; Anticelul\u00edtico de piernas y gl\u00fateos con Chan\u2019beaut\u00e9, la est\u00e9tica terap\u00e9utica"},"content":{"rendered":"[vc_row][vc_column][vc_video link=&#8221;https:\/\/youtu.be\/lEOd5EzbaYo?si=B0pMMGf_8Ps9YcgJ&#8221;][vc_column_text]\n<hr \/>\n<div class=\"woocommerce-product-details__short-description\">\n<p class=\"curso\">La Facioterapia-Dien Chan, el m\u00e9todo original de reflexolog\u00eda facial vietnamita, es una t\u00e9cnica muy pr\u00e1ctica y f\u00e1cil de aprender que nos ense\u00f1a trucos y consejos para auto aplicarnos o ayudar a otros a mejorar sus s\u00edntomas. El Dien Chan, reequilibra r\u00e1pidamente el cuerpo gracias a peque\u00f1as estimulaciones sobre el rostro. Debido a su proximidad con el cerebro, proporciona resultados inmediatos y profundos. El Chanbeaut\u00e9 es la aplicaci\u00f3n est\u00e9tica del Dien Chan con el que se consiguen resultados r\u00e1pidos y profundos al combinar las herramientas, los reflejos sobre el rostro y los protocolos detallados para celulitis.<\/p>\n<hr \/>\n<h4>Objetivos<\/h4>\n<ul>\n<li>Domina el tratamiento completo de Chanbeaut\u00e9 anticelul\u00edtico para piernas y gl\u00fateos.<\/li>\n<li>Aprende a usar correctamente las herramientas Yang y Yin para un trabajo m\u00e1s efectivo.<\/li>\n<li>Descubre esquemas de reflexi\u00f3n para reducir el volumen y mejorar la figura.<\/li>\n<li>Aplica diagramas espec\u00edficos para equilibrar el cuerpo y corregir posibles or\u00edgenes de la celulitis.<\/li>\n<\/ul>\n<\/div>\n<hr \/>\n<h4>Programa del Curso<\/h4>\n<ol>\n<li>&gt; Introducci\u00f3n al tratamiento anticelul\u00edtico<\/li>\n<li>&gt; Protocolo Detox para eliminar toxinas y l\u00edquidos.<\/li>\n<li>&gt; Trabajo local anticelul\u00edtico con energ\u00eda Yang-Yin.<\/li>\n<li>&gt; Esquemas Dien Chan:<br \/>\n\u2022 Cuerpo Yang sobre el rostro<br \/>\n\u2022 Hom\u00fanculo de Peinfield<br \/>\n\u2022 Esquema de Rodin<\/li>\n<li>&gt; Diagramas de tratamiento:<br \/>\n\u2022 Antiestr\u00e9s<br \/>\n\u2022 Digestivo<br \/>\n\u2022 Equilibrio hormonal<\/li>\n<li>&gt; Reflexodrenaje para mejorar la circulaci\u00f3n y tonificar la piel.<\/li>\n<li>&gt; Recomendaciones de mantenimiento para continuar con el tratamiento en casa.<\/li>\n<\/ol>\n<hr \/>\n<p><!--\n\n\n<h4>Impartido por: Montse Garc\u00eda<\/h4>\n\n\nMasajista deportiva, Natur\u00f3pata. Formadora certificada en Facioterapia-Dien Chan por el Profesor Dr. B\u00f9i Qu\u00f4c Ch\u00e2u en Espa\u00f1a (2004) y en Ho Chi Minh, en Vietnam (2006 y 2009). Experta en Reflexoterapia Podal. Coordinadora de masajistas deportivos en eventos y competiciones deportivas, de \u00e1mbito nacional e internacional...-->[\/vc_column_text][\/vc_column][\/vc_row]\n","protected":false},"excerpt":{"rendered":"<p>Modalidad presencial. <span style=\"color: #7f7dd1;\"><br \/>\n<strong>Mi\u00e9rcoles 22 de julio 2026.<br \/>\nDe 9:30 a 13:30h.<\/strong><\/span><\/p>\n<hr \/>\n<p><strong>Precio total<\/strong><b>: 65\u20ac. <\/b><\/p>\n<hr \/>\n<p>Consiste en realizar una fricci\u00f3n transversal a la direcci\u00f3n de las fibras musculares, tendinosas o ligamentosas\u2026 (<a href=\"#tab-description\">Ver m\u00e1s informaci\u00f3n<\/a>)<\/p>\n","protected":false},"featured_media":24449,"comment_status":"open","ping_status":"closed","template":"","meta":{"_joinchat":[]},"product_brand":[],"product_cat":[617,89,98,179,200],"product_tag":[432,411,338,434,220,433],"class_list":{"0":"post-8711","1":"product","2":"type-product","3":"status-publish","4":"has-post-thumbnail","6":"product_cat-imagenes-profesores","7":"product_cat-terapias-manuales","8":"product_cat-cursos","9":"product_cat-cursos-presenciales","10":"product_cat-presencial-julio","11":"product_tag-anticelulitico","12":"product_tag-chanbeaute","13":"product_tag-estetica-natural","14":"product_tag-gluteos","15":"product_tag-montse-garcia","16":"product_tag-piernas","18":"first","19":"instock","20":"virtual","21":"purchasable","22":"product-type-simple"},"_links":{"self":[{"href":"https:\/\/tienda.ismet.es\/index.php\/wp-json\/wp\/v2\/product\/8711","targetHints":{"allow":["GET"]}}],"collection":[{"href":"https:\/\/tienda.ismet.es\/index.php\/wp-json\/wp\/v2\/product"}],"about":[{"href":"https:\/\/tienda.ismet.es\/index.php\/wp-json\/wp\/v2\/types\/product"}],"replies":[{"embeddable":true,"href":"https:\/\/tienda.ismet.es\/index.php\/wp-json\/wp\/v2\/comments?post=8711"}],"wp:featuredmedia":[{"embeddable":true,"href":"https:\/\/tienda.ismet.es\/index.php\/wp-json\/wp\/v2\/media\/24449"}],"wp:attachment":[{"href":"https:\/\/tienda.ismet.es\/index.php\/wp-json\/wp\/v2\/media?parent=8711"}],"wp:term":[{"taxonomy":"product_brand","embeddable":true,"href":"https:\/\/tienda.ismet.es\/index.php\/wp-json\/wp\/v2\/product_brand?post=8711"},{"taxonomy":"product_cat","embeddable":true,"href":"https:\/\/tienda.ismet.es\/index.php\/wp-json\/wp\/v2\/product_cat?post=8711"},{"taxonomy":"product_tag","embeddable":true,"href":"https:\/\/tienda.ismet.es\/index.php\/wp-json\/wp\/v2\/product_tag?post=8711"}],"curies":[{"name":"wp","href":"https:\/\/api.w.org\/{rel}","templated":true}]}}