{"id":8530,"date":"2021-04-28T16:18:13","date_gmt":"2021-04-28T15:18:13","guid":{"rendered":"https:\/\/tienda.ismet.es\/?post_type=product&#038;p=8530"},"modified":"2025-04-23T09:36:59","modified_gmt":"2025-04-23T08:36:59","slug":"tendinopatias-hombro-exploracion-y-tratamiento-manual","status":"publish","type":"product","link":"https:\/\/tienda.ismet.es\/index.php\/producto\/tendinopatias-hombro-exploracion-y-tratamiento-manual\/","title":{"rendered":"&#8211; Tendinopatias hombro, exploraci\u00f3n y tratamiento manual"},"content":{"rendered":"[vc_row][vc_column][vc_video link=&#8221;https:\/\/youtu.be\/gxiYV_R87qA&#8221;][vc_column_text]\n<hr \/>\n<div class=\"woocommerce-product-details__short-description\">\n<h4>Presentaci\u00f3n<\/h4>\n<p>La afectaci\u00f3n de los tendones del hombro, tanto en forma aguda como cr\u00f3nica son temas que constantemente se producen por falta de movilidad, sobreesfuerzo, o p\u00e9rdida de col\u00e1geno. La exploraci\u00f3n y tratamiento manual puede significar tanto la mejor\u00eda del problema como tambi\u00e9n evitar que se pueda llegar a lesiones irreversibles.<\/p>\n<hr \/>\n<h4>Programa<\/h4>\n<ol>\n<li>Definici\u00f3n de dorsalgia y hombro doloroso exploraci\u00f3n general.<\/li>\n<li>Recuerdo anat\u00f3mico<\/li>\n<li>Exploraci\u00f3n Inspecci\u00f3n patrones de activaci\u00f3n de Janda<\/li>\n<li>Test de movilidad de Appley Test de contrarresistencia y test de seguridad<\/li>\n<li>Test de Bursitis. Palpaci\u00f3n de estructuras.<\/li>\n<li>Balance muscular rotadores externos e internos.<\/li>\n<li>Tratamiento manual: T\u00e9cnica Arre dorsal y hombro<\/li>\n<li>Maniobras de masaje espec\u00edficas<\/li>\n<li>Presi\u00f3n inhibitoria<\/li>\n<li>Maes romboides, trapecio y supraespinoso Miotensivas<\/li>\n<li>Estiramientos postisom\u00e9tricos<\/li>\n<li>Movilizaciones con inhibici\u00f3n muscular y Mitchell corrector. Jones subacromial<\/li>\n<li>Contraindicaciones<\/li>\n<\/ol>\n<p><!--\n\n\n<h4>Impartido por: Jordi Sagrera Ferrandiz.<\/h4>\n\n\nLic. Medicina y cirug\u00eda UB 1973. Acreditado como m\u00e9dico naturista en el colegio de m\u00e9dicos de Barcelona (2005). Magister en Medicina Manual y Osteopat\u00eda en la Univ. Complutense de Madrid. Especializado en Terapias Manuales: Masaje y Osteopat\u00eda. Profesor externo en la Univ. Barcelona, Complutense de Madrid y La Cat\u00f3lica de Montevideo. Miembro de Semooym (sociedad espa\u00f1ola de Medicina Ortop\u00e9dica y manual). Asesor m\u00e9dico de RBA editores y autor de diversos libros. Profesor en cursos de pre y postgrado en distintas Universidades. Asesor m\u00e9dico ISMET en la elaboraci\u00f3n e impartici\u00f3n en distintos cursos.--><\/p>\n[\/vc_column_text][\/vc_column][\/vc_row]\n<\/div>\n","protected":false},"excerpt":{"rendered":"<p>Modalidad presencial<br \/>\n<span style=\"color: #7f7dd1;\"><strong>Planificando fechas<\/strong><\/span><\/p>\n<hr \/>\n<p><strong>Precio total:<\/strong> 110\u20ac. Se abonar\u00e1 50\u20ac de reserva de plaza, y el resto del importe (60\u20ac), se abonar\u00e1 el 1\u00ba d\u00eda de curso. Grupo: entre 10 y 20 alumnos.<\/p>\n<hr \/>\n<p>La exploraci\u00f3n y tratamiento manual puede significar tanto la mejor\u00eda del problema como tambi\u00e9n evitar que se pueda llegar a lesiones irreversibles&#8230;(<a href=\"#tab-description\">Ver m\u00e1s informaci\u00f3n<\/a>)<\/p>\n","protected":false},"featured_media":8534,"comment_status":"open","ping_status":"closed","template":"","meta":{"_joinchat":[]},"product_brand":[],"product_cat":[617,89,98,179],"product_tag":[236],"class_list":{"0":"post-8530","1":"product","2":"type-product","3":"status-publish","4":"has-post-thumbnail","6":"product_cat-imagenes-profesores","7":"product_cat-terapias-manuales","8":"product_cat-cursos","9":"product_cat-cursos-presenciales","10":"product_tag-dr-sagrera","11":"pa_ediciones-edicion-marzo","12":"pa_ediciones-edicion-abril","13":"pa_ediciones-edicion-mayo","14":"pa_modalidad-online","16":"first","17":"instock","18":"virtual","19":"purchasable","20":"product-type-simple"},"_links":{"self":[{"href":"https:\/\/tienda.ismet.es\/index.php\/wp-json\/wp\/v2\/product\/8530","targetHints":{"allow":["GET"]}}],"collection":[{"href":"https:\/\/tienda.ismet.es\/index.php\/wp-json\/wp\/v2\/product"}],"about":[{"href":"https:\/\/tienda.ismet.es\/index.php\/wp-json\/wp\/v2\/types\/product"}],"replies":[{"embeddable":true,"href":"https:\/\/tienda.ismet.es\/index.php\/wp-json\/wp\/v2\/comments?post=8530"}],"wp:featuredmedia":[{"embeddable":true,"href":"https:\/\/tienda.ismet.es\/index.php\/wp-json\/wp\/v2\/media\/8534"}],"wp:attachment":[{"href":"https:\/\/tienda.ismet.es\/index.php\/wp-json\/wp\/v2\/media?parent=8530"}],"wp:term":[{"taxonomy":"product_brand","embeddable":true,"href":"https:\/\/tienda.ismet.es\/index.php\/wp-json\/wp\/v2\/product_brand?post=8530"},{"taxonomy":"product_cat","embeddable":true,"href":"https:\/\/tienda.ismet.es\/index.php\/wp-json\/wp\/v2\/product_cat?post=8530"},{"taxonomy":"product_tag","embeddable":true,"href":"https:\/\/tienda.ismet.es\/index.php\/wp-json\/wp\/v2\/product_tag?post=8530"}],"curies":[{"name":"wp","href":"https:\/\/api.w.org\/{rel}","templated":true}]}}