{"id":8007,"date":"2021-03-15T16:31:49","date_gmt":"2021-03-15T15:31:49","guid":{"rendered":"https:\/\/tienda.ismet.es\/?post_type=product&#038;p=8007"},"modified":"2026-04-10T09:32:21","modified_gmt":"2026-04-10T08:32:21","slug":"biomagnetismo-terapeutico","status":"publish","type":"product","link":"https:\/\/tienda.ismet.es\/index.php\/producto\/biomagnetismo-terapeutico\/","title":{"rendered":"&#8211; Biomagnetismo terap\u00e9utico, desarrollando el potencial curativo de los campos magn\u00e9ticos"},"content":{"rendered":"[vc_row][vc_column][vc_video link=&#8221;https:\/\/www.youtube.com\/watch?v=VrVMDE4yYGM&#8221;][vc_column_text]\n<div class=\"woocommerce-product-details__short-description\">\n<hr \/>\n<p>El biomagnetismo es una disciplina terap\u00e9utica fascinante que busca el equilibrio bioenerg\u00e9tico, la alteraci\u00f3n del cual, tiene repercusiones en la salud. A trav\u00e9s de imanes, se rastrea el cuerpo como si fuera un esc\u00e1ner y se detectan los puntos que originan el mal funcionamiento de un \u00f3rgano y la presencia de virus, bacterias, hongos o par\u00e1sitos. Esta t\u00e9cnica neutraliza y elimina estos pat\u00f3genos, devolviendo al organismo su estado de equilibrio. Es un m\u00e9todo totalmente inocuo y con el que se podr\u00e1 abordar todo tipo de enfermedades y disfunciones, incluso a nivel emocional.En esta formaci\u00f3n, explorar\u00e1s su rica historia, desde Arist\u00f3teles hasta los avances cient\u00edficos contempor\u00e1neos, y descubrir\u00e1s su base cient\u00edfica. Aprender\u00e1s a utilizar esta t\u00e9cnica para equilibrar el organismo y restaurar el bienestar de forma segura y efectiva.<\/p>\n<hr \/>\n<h4>Objetivos<\/h4>\n<p>Conocer las bases te\u00f3ricas del Biomagnetismo terap\u00e9utico. Aprender la t\u00e9cnica con el test de Kinesiolog\u00eda para reconocer los virus, bacterias, hongos, par\u00e1sitos y t\u00f3xicos del usuario y comprobar que, una vez aplicado biomagnetismo terap\u00e9utico, ya no se encuentran en el cuerpo del usuario. Saber identificar los puntos de rastreo: aplicar los pares biomagn\u00e9ticos correspondientes al usuario seg\u00fan los virus, bacterias, hongos, par\u00e1sitos y t\u00f3xicos detectados. Realizar la pr\u00e1ctica de la t\u00e9cnica, suficiente como para que el alumno aprenda a desarrollarse bien con ella<\/p>\n<\/div>\n<hr \/>\n<h4>Programa del Curso<\/h4>\n<p><strong><br \/>\nM\u00f3dulo 1: Fundamentos del Biomagnetismo<\/strong><br \/>\n\u2022 Historia del Biomagnetismo: Descubre c\u00f3mo la humanidad ha explorado y aprovechado el potencial de los imanes sobre la salud a lo largo del tiempo.<br \/>\n\u2022 Bioqu\u00edmica y Funcionamiento: Sum\u00e9rgete en la bioqu\u00edmica detr\u00e1s de los campos magn\u00e9ticos y c\u00f3mo interact\u00faan con el cuerpo a nivel celular.<br \/>\n\u2022 Impacto en la Membrana Celular: Entiende c\u00f3mo los campos magn\u00e9ticos influyen en la funci\u00f3n de las c\u00e9lulas y su membrana.<br \/>\n\u2022 Efectos en \u00d3rganos y Sistemas: Explora c\u00f3mo el biomagnetismo puede impactar positivamente en diferentes sistemas del cuerpo.<br \/>\n\u2022 Contraindicaciones: Aprende sobre las precauciones y situaciones en las que el biomagnetismo puede no ser adecuado.<\/p>\n<p><strong>M\u00f3dulo 2: T\u00e9cnicas Avanzadas y Aplicaciones Pr\u00e1cticas<\/strong><br \/>\n\u2022 Tipos de Imanes, Gauss y Flujo Magn\u00e9tico: Conoce las herramientas y sus propiedades para aplicar el biomagnetismo de manera efectiva.<br \/>\n\u2022 Epigen\u00e9tica y la Influencia del Entorno: Descubre las investigaciones de Bruce Lipton y c\u00f3mo nuestro entorno afecta nuestra gen\u00e9tica y salud.<br \/>\n\u2022 Agua Magnetizada y Cristal-l\u00edquido: Explora c\u00f3mo el agua puede ser un aliado en el proceso de sanaci\u00f3n.<br \/>\n\u2022 T\u00e9cnicas Avanzadas: Aprende las metodolog\u00edas del Dr. Bansal y otros pioneros en el campo del biomagnetismo.<\/p>\n<p><strong>M\u00f3dulo 3: Aplicaciones Espec\u00edficas y Protocolos de Tratamiento<\/strong><br \/>\n\u2022 Anamnesis con Kinesiolog\u00eda: Adquiere habilidades para rastrear y determinar desequilibrios energ\u00e9ticos en el cuerpo.<br \/>\n\u2022 Abordaje de Pat\u00f3genos: Descubre c\u00f3mo neutralizar virus, bacterias, hongos y par\u00e1sitos para restaurar el equilibrio biol\u00f3gico.<br \/>\n\u2022 Sistemas del Cuerpo y Protocolos de Tratamiento: Explora tratamientos espec\u00edficos para el sistema digestivo, genito-urinario, respiratorio, cardiovascular, endocrino, nervioso e inmunol\u00f3gico.<\/p>\n<p><strong>M\u00f3dulo 4: Sesiones Pr\u00e1cticas y Protocolos Completos<\/strong><br \/>\n\u2022 Pr\u00e1ctica Guiada: Aplica tus conocimientos en casos reales y experimenta el proceso completo de una sesi\u00f3n de biomagnetismo.<br \/>\n\u2022 Al finalizar este curso, estar\u00e1s preparado para abordar una amplia gama de enfermedades y disfunciones de manera segura y efectiva. \u00a1\u00danete a nosotros y descubre el potencial curativo que yace en los campos magn\u00e9ticos!<\/p>\n<hr \/>\n<p><!--\n\n\n<h4>Impartido por: Axel Marco<\/h4>\n\n\nDiplomado por la Universidad de San Antonio de Murcia-UCAM. Actualmente, se desempe\u00f1a como profesor, investigador y terapeuta en el Instituto Superior de Medicinas Tradicionales, ISMET, en Barcelona. Adem\u00e1s de su formaci\u00f3n en Biomagnetismo, cuenta con una s\u00f3lida base acad\u00e9mica y experiencia en diversas disciplinas relacionadas con la salud y el bienestar, como, por ejemplo, la kinesiolog\u00eda, la naturopat\u00eda, las terapias manuales o la acupuntura. Desde el a\u00f1o 2017, Axel se ha dedicado activamente a la investigaci\u00f3n y desarrollo de innovadoras t\u00e9cnicas que utilizan campos magn\u00e9ticos para la regeneraci\u00f3n celular..--><\/p>\n<h4>[\/vc_column_text][\/vc_column][\/vc_row]<\/h4>\n","protected":false},"excerpt":{"rendered":"<p>Modalidad presencial. <span style=\"color: #7f7dd1;\" data-darkreader-inline-color=\"\"><strong><br \/>\nprogramando fechas&#8230;<\/strong><\/span><\/p>\n<hr \/>\n<p>Modalidad online.<span style=\"color: #7f7dd1;\" data-darkreader-inline-color=\"\"><strong><br \/>\n\u00bb Del 1 al 30 de abril 2026.<br \/>\n\u00bb Del 4 al 31 de mayo 2026.<br \/>\n\u00bb Del 1 al 30 de junio 2026.<br \/>\n\u00bb Del 1 al 30 de julio 2026.<br \/>\n<\/strong><\/span><\/p>\n<hr \/>\n<p>Biomagnetismo es una disciplina terap\u00e9utica que busca el equilibrio bioenerg\u00e9tico, la alteraci\u00f3n del cual, tiene repercusiones funcionales. A trav\u00e9s de imanes, se rastrea el cuerpo y se detectan los puntos que originan el mal funcionamiento de un \u00f3rgano y la presencia de virus, bacterias, hongos o par\u00e1sitos. Es un m\u00e9todo totalmente inocuo. (<a href=\"#tab-description\">Ver m\u00e1s informaci\u00f3n<\/a>)<\/p>\n<hr \/>\n","protected":false},"featured_media":32008,"comment_status":"open","ping_status":"closed","template":"","meta":{"_joinchat":[]},"product_brand":[],"product_cat":[617,183,98,205,202,203,204,179],"product_tag":[381,382,422,423],"class_list":{"0":"post-8007","1":"product","2":"type-product","3":"status-publish","4":"has-post-thumbnail","6":"product_cat-imagenes-profesores","7":"product_cat-terapias-energeticas","8":"product_cat-cursos","9":"product_cat-online-abril","10":"product_cat-online-mayo","11":"product_cat-online-junio","12":"product_cat-online-julio","13":"product_cat-cursos-presenciales","14":"product_tag-axel-marco","15":"product_tag-biomagnetismo","16":"product_tag-campos-magneticos","17":"product_tag-imanes","18":"pa_ediciones-edicion-diciembre","19":"pa_ediciones-edicion-enero","20":"pa_ediciones-edicion-febrero","21":"pa_ediciones-edicion-marzo","22":"pa_ediciones-edicion-abril","23":"pa_ediciones-edicion-mayo","24":"pa_ediciones-edicion-junio","25":"pa_ediciones-edicion-julio","26":"pa_ediciones-edicion-agosto","27":"pa_ediciones-edicion-septiembre","28":"pa_ediciones-edicion-octubre","29":"pa_ediciones-edicion-noviembre","30":"pa_modalidad-online","31":"pa_modalidad-presencial","33":"first","34":"instock","35":"purchasable","36":"product-type-variable"},"_links":{"self":[{"href":"https:\/\/tienda.ismet.es\/index.php\/wp-json\/wp\/v2\/product\/8007","targetHints":{"allow":["GET"]}}],"collection":[{"href":"https:\/\/tienda.ismet.es\/index.php\/wp-json\/wp\/v2\/product"}],"about":[{"href":"https:\/\/tienda.ismet.es\/index.php\/wp-json\/wp\/v2\/types\/product"}],"replies":[{"embeddable":true,"href":"https:\/\/tienda.ismet.es\/index.php\/wp-json\/wp\/v2\/comments?post=8007"}],"wp:featuredmedia":[{"embeddable":true,"href":"https:\/\/tienda.ismet.es\/index.php\/wp-json\/wp\/v2\/media\/32008"}],"wp:attachment":[{"href":"https:\/\/tienda.ismet.es\/index.php\/wp-json\/wp\/v2\/media?parent=8007"}],"wp:term":[{"taxonomy":"product_brand","embeddable":true,"href":"https:\/\/tienda.ismet.es\/index.php\/wp-json\/wp\/v2\/product_brand?post=8007"},{"taxonomy":"product_cat","embeddable":true,"href":"https:\/\/tienda.ismet.es\/index.php\/wp-json\/wp\/v2\/product_cat?post=8007"},{"taxonomy":"product_tag","embeddable":true,"href":"https:\/\/tienda.ismet.es\/index.php\/wp-json\/wp\/v2\/product_tag?post=8007"}],"curies":[{"name":"wp","href":"https:\/\/api.w.org\/{rel}","templated":true}]}}