{"id":7933,"date":"2021-03-09T13:22:36","date_gmt":"2021-03-09T12:22:36","guid":{"rendered":"https:\/\/tienda.ismet.es\/?post_type=product&#038;p=7933"},"modified":"2026-02-17T13:32:58","modified_gmt":"2026-02-17T12:32:58","slug":"drenaje-linfatico-manual-en-piernas-y-abdomen-metodo-vodder","status":"publish","type":"product","link":"https:\/\/tienda.ismet.es\/index.php\/producto\/drenaje-linfatico-manual-en-piernas-y-abdomen-metodo-vodder\/","title":{"rendered":"&#8211; Drenaje linf\u00e1tico manual en piernas y abdomen. Basado en el m\u00e9todo Vodder"},"content":{"rendered":"[vc_row][vc_column][vc_video link=&#8221;https:\/\/youtu.be\/mn_e6RQ_fT4&#8243;][vc_column_text]\n<div class=\"woocommerce-product-details__short-description\">\n<hr \/>\n<p>El Drenaje Linf\u00e1tico Manual nace como una t\u00e9cnica lenta de bombeo para empujar la linfa y ayudar as\u00ed con movimientos, (siempre de empuje, lentos y largos de la piel) a fluir por los vasos linf\u00e1ticos. Trabaja con \u201cla carga linf\u00e1tica\u201d, es decir: masa l\u00edquida, prote\u00ednas, grasas, c\u00e9lulas muertas, c\u00e9lulas presentes en el torrente sangu\u00edneo, etc. Es un curso b\u00e1sicamente pr\u00e1ctico, donde tambi\u00e9n se estudia la anatom\u00eda del sistema linf\u00e1tico. Donde se aprende a realizar correctamente las manipulaciones para la pr\u00e1ctica del dlm, potenciando la sensibilidad del alumno. El drenaje linf\u00e1tico es una herramienta de trabajo para ayudar manualmente a reducir inflamaciones y edemas. Se aprende el m\u00e9todo Vodder. Su principal beneficio es el efecto drenante, eliminando los l\u00edquidos sobrantes en los diferentes tejidos y las toxinas acumuladas en ellos. Tambi\u00e9n influye sobre el sistema nervioso relajando. Se aplica en inflamaciones derivadas de traumatismos, intervenciones quir\u00fargicas y lesiones de tejidos blandos. Y edemas producidos por una deficiente circulaci\u00f3n vascular..<\/p>\n<hr \/>\n<h4>Objetivos<\/h4>\n<p>Objetivos: aprender las manipulaciones del dlm y su funci\u00f3n para establecer protocolos de aplicaci\u00f3n en sus diferentes \u00e1reas anat\u00f3micas. Y preparar al alumno para una correcta praxis. Competencias: Aplicar correctamente la secuencia de trabajo con dlm en todo el cuerpo. Saber<br \/>\ncomunicar la acci\u00f3n del dlm, para poder informar al usuario sobre los beneficios de la t\u00e9cnica..<\/p>\n<hr \/>\n<h4>Programa del Curso<\/h4>\n<ul>\n<li>Anatom\u00eda sistema linf\u00e1tico, capilar, colector, conducto y ganglio.<\/li>\n<li>Funci\u00f3n del sistema linf\u00e1tico en la homeostasis tisular.<\/li>\n<li>Tipos de edema: linfedema, flebedema, lipedema, trombosis venosa profunda, edema card\u00edaco, hep\u00e1tico, tras intervenciones quir\u00fargicas de trauma o est\u00e9tica, tras una lesi\u00f3n articular (esguince) o muscular.<\/li>\n<li>Cuando se puede hacer drenaje linf\u00e1tico en extremidades inferiores y cuando no se debe hacer.<\/li>\n<li>Protocolo de drenaje linf\u00e1tico en cuello, abdomen y extremidades inferiores.<\/li>\n<\/ul>\n<hr \/>\n<p><!--\n\n\n<h4>Impartido por: Montse Espejo<\/h4>\n\n\nQuiromasajista y linfoterapeuta manual. Diplomada en Kinesiolog\u00eda (hol\u00edstica, emocional y del comportamiento) y en Osteopat\u00eda Sacro-craneal..--><\/p>\n[\/vc_column_text][\/vc_column][\/vc_row]\n<\/div>\n","protected":false},"excerpt":{"rendered":"<p>Modalidad presencial.<span style=\"color: #7f7dd1;\" data-darkreader-inline-color=\"\"><br \/>\nFechas: 9-10 mayo y 6-7 junio 2026.<br \/>\nS\u00e1bados, de 9 a 14 h y de 15 a 18:30 h Domingo, de 9 a 15h. <\/p>\n<p><\/span><\/p>\n<hr \/>\n<p>Precio total: 446\u20ac. En 2 pagos de 148\u20ac\/mes los d\u00edas 9 de mayo y 6 de julio 2026. Reserva de plaza de 150\u20ac.<\/p>\n<hr \/>\n<p>&#8230; (<a href=\"#tab-description\">Ver m\u00e1s informaci\u00f3n<\/a>)<\/p>\n<hr \/>\n","protected":false},"featured_media":22719,"comment_status":"open","ping_status":"closed","template":"","meta":{"_joinchat":[]},"product_brand":[],"product_cat":[617,89,182,98,179,198],"product_tag":[468,463,467,465,464,417,433,469,466],"class_list":{"0":"post-7933","1":"product","2":"type-product","3":"status-publish","4":"has-post-thumbnail","6":"product_cat-imagenes-profesores","7":"product_cat-terapias-manuales","8":"product_cat-wellness-y-estetica","9":"product_cat-cursos","10":"product_cat-cursos-presenciales","11":"product_cat-presencial-mayo","12":"product_tag-abdomen","13":"product_tag-drenaje","14":"product_tag-drenaje-linfatico","15":"product_tag-linfa","16":"product_tag-metodo-vodder","17":"product_tag-montse-espejo","18":"product_tag-piernas","19":"product_tag-tratamiento-manual","20":"product_tag-vodder","21":"pa_ediciones-edicion-febrero","22":"pa_ediciones-edicion-mayo","23":"pa_ediciones-edicion-junio","24":"pa_ediciones-edicion-noviembre","26":"first","27":"instock","28":"purchasable","29":"product-type-simple"},"_links":{"self":[{"href":"https:\/\/tienda.ismet.es\/index.php\/wp-json\/wp\/v2\/product\/7933","targetHints":{"allow":["GET"]}}],"collection":[{"href":"https:\/\/tienda.ismet.es\/index.php\/wp-json\/wp\/v2\/product"}],"about":[{"href":"https:\/\/tienda.ismet.es\/index.php\/wp-json\/wp\/v2\/types\/product"}],"replies":[{"embeddable":true,"href":"https:\/\/tienda.ismet.es\/index.php\/wp-json\/wp\/v2\/comments?post=7933"}],"wp:featuredmedia":[{"embeddable":true,"href":"https:\/\/tienda.ismet.es\/index.php\/wp-json\/wp\/v2\/media\/22719"}],"wp:attachment":[{"href":"https:\/\/tienda.ismet.es\/index.php\/wp-json\/wp\/v2\/media?parent=7933"}],"wp:term":[{"taxonomy":"product_brand","embeddable":true,"href":"https:\/\/tienda.ismet.es\/index.php\/wp-json\/wp\/v2\/product_brand?post=7933"},{"taxonomy":"product_cat","embeddable":true,"href":"https:\/\/tienda.ismet.es\/index.php\/wp-json\/wp\/v2\/product_cat?post=7933"},{"taxonomy":"product_tag","embeddable":true,"href":"https:\/\/tienda.ismet.es\/index.php\/wp-json\/wp\/v2\/product_tag?post=7933"}],"curies":[{"name":"wp","href":"https:\/\/api.w.org\/{rel}","templated":true}]}}