{"id":7165,"date":"2021-01-21T11:10:28","date_gmt":"2021-01-21T10:10:28","guid":{"rendered":"https:\/\/tienda.ismet.es\/?post_type=product&#038;p=7165"},"modified":"2025-04-23T09:39:28","modified_gmt":"2025-04-23T08:39:28","slug":"cromoterapia","status":"publish","type":"product","link":"https:\/\/tienda.ismet.es\/index.php\/producto\/cromoterapia\/","title":{"rendered":"&#8211; Cromoterapia"},"content":{"rendered":"[vc_row][vc_column][vc_video link=&#8221;https:\/\/youtu.be\/J9A62TKS2zo&#8221;][vc_column_text]\n<div class=\"woocommerce-product-details__short-description\">\n<hr \/>\n<p class=\"curso\">El color o cromoterapia es una terapia de Bio-resonancia. Nos ayuda a identificar las frecuencias en las que vibra nuestro cuerpo, y en el caso de una patolog\u00eda, podemos rectificar esta frecuencia. Teniendo en cuenta que estamos rodeados de color, este nos ayuda a rectificar en cada momento de nuestro d\u00eda a d\u00eda, nuestras emociones, sentimientos, pensamientos, incluso las acciones, conocer el est\u00edmulo del color o luz nos da una t\u00e9cnica fant\u00e1stica, simple y efectiva. Ahora que tanto hablamos de la energ\u00eda podemos reparar un proceso con el color o c\u00f3digos de informaci\u00f3n, tal como los llamamos.<\/p>\n<p class=\"curso\">La vibraci\u00f3n de estos c\u00f3digos trabaja a nivel f\u00edsico y energ\u00e9tico a todos los seres vivos, personas, animales, plantas, y tambi\u00e9n los espacios en los que vivimos. Cada color tiene una informaci\u00f3n, una cualidad, una armon\u00eda y \u00e9sta es la que aplicamos mediante la foto-estimulaci\u00f3n lum\u00ednica sea con una linterna para tratar un punto concreto de nuestro cuerpo en el que repararemos la frecuencia o mediante una c\u00fapula de color para reparar todo el sistema en general.<\/p>\n<hr \/>\n<h4>Objetivos<\/h4>\n<p>Tratar al Ser como una totalidad, f\u00edsico, ps\u00edquico y energ\u00e9tico. Con el fin de devolverle el orden que, por alg\u00fan motivo, raz\u00f3n o causa perdi\u00f3 en su camino. La informaci\u00f3n de cada uno de los colores y su vibraci\u00f3n resuena con nuestro cuerpo desde los tonos m\u00e1s densos o primarios con los que realizaremos el trabajo de ciertas patolog\u00edas f\u00edsicas, a los m\u00e1s sutiles. Aplicamos la t\u00e9cnica para reparar nuestro cuerpo energ\u00e9tico mediante el trabajo en cada uno de los chakras, puntos de acupuntura u \u00f3rganos a tratar.<\/p>\n<hr \/>\n<h4>Programa<\/h4>\n<p>Nivel 1 \/ Diferencia entre Luz y Color Caracter\u00edsticas del color: dualidad, complementarios y alternativos. Afectaci\u00f3n del color al cuerpo f\u00edsico y emocional. Colores b\u00e1sicos, intermedios y triples. Matices oro, plata, cobre. Aplicaci\u00f3n de la luz en la terapia, pr\u00e1cticas. Los Ba\u00f1os de color con luz, forma (geometr\u00edas) aroma y sonido.<\/p>\n<\/div>\n<hr \/>\n<p><!-- \n\n\n<h4>Impartido por: Montserrat Sorli Ivern<\/h4>\n\n\nTerapeuta cu\u00e1ntica, con m\u00e1s de 30 a\u00f1os de experiencia. Empresaria de un negocio de cosm\u00e9tica natural. Terapeuta y Medium Canalizadora. Formaci\u00f3n en Naturopat\u00eda, reflexolog\u00eda, auriculoterapia, kinesiolog\u00eda, acupuntura, cromoterapia , esencias florales, maestra de Reiki.--><\/p>\n[\/vc_column_text][\/vc_column][\/vc_row]\n","protected":false},"excerpt":{"rendered":"<p>Modalidad presencial. <span style=\"color: #7f7dd1;\" data-darkreader-inline-color=\"\"><br \/>\n<B>Programando fechas.<\/B><\/span><\/p>\n<hr \/>\n<p><strong>Precio Total: <\/strong>250\u20ac. Reserva de plaza: 100\u20ac + 150\u20ac a abonar el 1er d\u00eda de clase (en efectivo o tarjeta, antes de empezar)<\/p>\n<hr \/>\n<p>El color o cromoterapia es una terapia de Biorresonancia. Nos ayuda a identificar las frecuencias en las que vibra nuestro cuerpo&#8230; (<a href=\"#tab-description\">Ver m\u00e1s informaci\u00f3n<\/a>)<\/p>\n","protected":false},"featured_media":8744,"comment_status":"open","ping_status":"closed","template":"","meta":{"_joinchat":[]},"product_brand":[],"product_cat":[617,92,183,98,179],"product_tag":[390,389,824,388],"class_list":{"0":"post-7165","1":"product","2":"type-product","3":"status-publish","4":"has-post-thumbnail","6":"product_cat-imagenes-profesores","7":"product_cat-crecimiento-personal","8":"product_cat-terapias-energeticas","9":"product_cat-cursos","10":"product_cat-cursos-presenciales","11":"product_tag-cromo","12":"product_tag-cromoterapia","13":"product_tag-luz","14":"product_tag-montserrat-sorli-ivern","15":"pa_ediciones-edicion-enero","16":"pa_ediciones-edicion-enero-black-friday","18":"first","19":"instock","20":"virtual","21":"taxable","22":"purchasable","23":"product-type-simple"},"_links":{"self":[{"href":"https:\/\/tienda.ismet.es\/index.php\/wp-json\/wp\/v2\/product\/7165","targetHints":{"allow":["GET"]}}],"collection":[{"href":"https:\/\/tienda.ismet.es\/index.php\/wp-json\/wp\/v2\/product"}],"about":[{"href":"https:\/\/tienda.ismet.es\/index.php\/wp-json\/wp\/v2\/types\/product"}],"replies":[{"embeddable":true,"href":"https:\/\/tienda.ismet.es\/index.php\/wp-json\/wp\/v2\/comments?post=7165"}],"wp:featuredmedia":[{"embeddable":true,"href":"https:\/\/tienda.ismet.es\/index.php\/wp-json\/wp\/v2\/media\/8744"}],"wp:attachment":[{"href":"https:\/\/tienda.ismet.es\/index.php\/wp-json\/wp\/v2\/media?parent=7165"}],"wp:term":[{"taxonomy":"product_brand","embeddable":true,"href":"https:\/\/tienda.ismet.es\/index.php\/wp-json\/wp\/v2\/product_brand?post=7165"},{"taxonomy":"product_cat","embeddable":true,"href":"https:\/\/tienda.ismet.es\/index.php\/wp-json\/wp\/v2\/product_cat?post=7165"},{"taxonomy":"product_tag","embeddable":true,"href":"https:\/\/tienda.ismet.es\/index.php\/wp-json\/wp\/v2\/product_tag?post=7165"}],"curies":[{"name":"wp","href":"https:\/\/api.w.org\/{rel}","templated":true}]}}