{"id":6988,"date":"2021-01-11T16:51:44","date_gmt":"2021-01-11T15:51:44","guid":{"rendered":"https:\/\/tienda.ismet.es\/?post_type=product&#038;p=6988"},"modified":"2025-05-07T13:41:37","modified_gmt":"2025-05-07T12:41:37","slug":"terapia-sacro-craneal-capsula-repaso-profundizacion","status":"publish","type":"product","link":"https:\/\/tienda.ismet.es\/index.php\/producto\/terapia-sacro-craneal-capsula-repaso-profundizacion\/","title":{"rendered":"&#8211; Terapia sacro craneal, (c\u00e1psula de repaso y profundizaci\u00f3n)"},"content":{"rendered":"[vc_row][vc_column][vc_video link=&#8221;https:\/\/youtu.be\/WSp0qEP3f9s&#8221;][vc_column_text]\n<div class=\"woocommerce-product-details__short-description\">\n<h4>Objetivos<\/h4>\n<ul>\n<li>Recordatorio anat\u00f3mico y fisiol\u00f3gico de las M.T.R.<\/li>\n<li>Repaso del concepto de tensi\u00f3n y tensi\u00f3n rec\u00edproca.<\/li>\n<li>El Fulcro. Equilibrio y desequilibrio.<\/li>\n<li>Puntos de anclaje.<\/li>\n<li>Repaso y descripci\u00f3n de las t\u00e9cnicas de evaluaci\u00f3n y tratamiento.<\/li>\n<li>Tratamiento de patolog\u00edas. Migra\u00f1as. Cefaleas tensionales. Patolog\u00edas de CV. V\u00e9rtigos y Mareos.<\/li>\n<\/ul>\n<hr \/>\n<h4>Programa del Curso<\/h4>\n<ol>\n<li>La Palpaci\u00f3n. La Escucha. El ritmo.<\/li>\n<li>Presas.<\/li>\n<li>Relaci\u00f3n Huesos, Membranas y LCR.<\/li>\n<li>Cord\u00f3n dural. Core Link.<\/li>\n<li>T\u00e9cnicas: Still Point. Lift. CV4. T\u00e9cnica en \u201cO\u201d.<\/li>\n<li>Pr\u00e1ctica y tratamiento entre los participantes.<\/li>\n<\/ol>\n<hr \/>\n<p><!--\n\n\n<h4>Impartido por: Juli Salvat<\/h4>\n\n\nFisioterapeuta. Oste\u00f3pata. Acupuntor. T\u00e9cnico en Shiatsu. Profesor del postgrado de Digitopresi\u00f3n y MTC en la Escuela Universitaria Sant Joan de D\u00e9u de Barcelona y en la Universidad de Alcal\u00e1 de Henares. Terapeuta Gest\u00e1ltico.--><\/p>\n[\/vc_column_text][\/vc_column][\/vc_row]\n<\/div>\n","protected":false},"excerpt":{"rendered":"<p>Modalidad presencial<br \/>\n<span style=\"color: #7f7dd1;\"><strong>Planificando fechas<\/strong><\/span><\/p>\n<p><strong>Precio<\/strong><br \/>\n160\u20ac. Reserva plaza: 50\u20ac + 110\u20ac, que se abonar\u00e1n el primer d\u00eda de clase, en efectivo o tarjeta, antes de empezar. (IVA incluido).<\/p>\n<p>(<a href=\"#tab-description\">Ver m\u00e1s informaci\u00f3n<\/a>)<\/p>\n","protected":false},"featured_media":6989,"comment_status":"open","ping_status":"closed","template":"","meta":{"_joinchat":[]},"product_brand":[],"product_cat":[617,191,89,98,179],"product_tag":[],"class_list":{"0":"post-6988","1":"product","2":"type-product","3":"status-publish","4":"has-post-thumbnail","6":"product_cat-imagenes-profesores","7":"product_cat-osteopatia","8":"product_cat-terapias-manuales","9":"product_cat-cursos","10":"product_cat-cursos-presenciales","12":"first","13":"instock","14":"virtual","15":"purchasable","16":"product-type-simple"},"_links":{"self":[{"href":"https:\/\/tienda.ismet.es\/index.php\/wp-json\/wp\/v2\/product\/6988","targetHints":{"allow":["GET"]}}],"collection":[{"href":"https:\/\/tienda.ismet.es\/index.php\/wp-json\/wp\/v2\/product"}],"about":[{"href":"https:\/\/tienda.ismet.es\/index.php\/wp-json\/wp\/v2\/types\/product"}],"replies":[{"embeddable":true,"href":"https:\/\/tienda.ismet.es\/index.php\/wp-json\/wp\/v2\/comments?post=6988"}],"wp:featuredmedia":[{"embeddable":true,"href":"https:\/\/tienda.ismet.es\/index.php\/wp-json\/wp\/v2\/media\/6989"}],"wp:attachment":[{"href":"https:\/\/tienda.ismet.es\/index.php\/wp-json\/wp\/v2\/media?parent=6988"}],"wp:term":[{"taxonomy":"product_brand","embeddable":true,"href":"https:\/\/tienda.ismet.es\/index.php\/wp-json\/wp\/v2\/product_brand?post=6988"},{"taxonomy":"product_cat","embeddable":true,"href":"https:\/\/tienda.ismet.es\/index.php\/wp-json\/wp\/v2\/product_cat?post=6988"},{"taxonomy":"product_tag","embeddable":true,"href":"https:\/\/tienda.ismet.es\/index.php\/wp-json\/wp\/v2\/product_tag?post=6988"}],"curies":[{"name":"wp","href":"https:\/\/api.w.org\/{rel}","templated":true}]}}