{"id":6913,"date":"2021-01-07T11:35:07","date_gmt":"2021-01-07T10:35:07","guid":{"rendered":"https:\/\/tienda.ismet.es\/?post_type=product&#038;p=6913"},"modified":"2025-04-23T09:39:50","modified_gmt":"2025-04-23T08:39:50","slug":"planificacion-y-organizacion-de-menus-saludables-modulo-2","status":"publish","type":"product","link":"https:\/\/tienda.ismet.es\/index.php\/producto\/planificacion-y-organizacion-de-menus-saludables-modulo-2\/","title":{"rendered":"&#8211; Planificaci\u00f3n y organizaci\u00f3n de men\u00fas saludables \/ M\u00f3dulo 2"},"content":{"rendered":"[vc_row][vc_column][vc_video link=&#8221;https:\/\/youtu.be\/QhAL7BOQFHw&#8221;][vc_column_text]\n<hr \/>\n<div class=\"woocommerce-product-details__short-description\">\n<p>\u00bfQuieres que tus platos sean saludables, equilibrados y variados? \u00bfQuieres planificar tus men\u00fas semanales y no sabes por d\u00f3nde empezar? \u00bfQuieres pasar de la teor\u00eda a la pr\u00e1ctica? Las prisas del d\u00eda a d\u00eda, la publicidad y las tendencias, a veces nos confunden o tambi\u00e9n nos alejan de un h\u00e1bito sano en la mesa. En este curso os daremos los consejos, los trucos y otras herramientas para planificar y organizar vuestros men\u00fas semanales. Estructurar estos men\u00fas es la mejor manera de potenciar h\u00e1bitos saludables, no caer en errores nutricionales, en rutinas que nos aburren y adem\u00e1s ahorraremos en tiempo y dinero, en tiempo porque no ser\u00e1 necesario ir pensando cada d\u00eda que tenemos que comer y en dinero porque una vez lo hayamos decidido, s\u00f3lo tendremos que comprar los ingredientes necesarios. \u00bfTe animas a pasar a la acci\u00f3n?<\/p>\n<hr \/>\n<h4>Objetivos<\/h4>\n<ul>\n<li>Adquirir los conocimientos b\u00e1sicos para saber organizar men\u00fas semanales saludables y equilibrados.<\/li>\n<\/ul>\n<\/div>\n<hr \/>\n<h4>Programa del Curso<\/h4>\n<ol>\n<li>Cantidad y variedad de grupos de alimentos que deben estar presentes en un men\u00fa equilibrado y otros alimentos a los que les tendremos que decir \u00abno\u00bb.<\/li>\n<li>Vamos a comprar\u2026\u00bblos secretos de las etiquetas\u00bb, alimentos ecol\u00f3gicos versus convencionales, alimentos transg\u00e9nicos\u2026<\/li>\n<li>M\u00e9todos m\u00e1s adecuados para preparar los alimentos.<\/li>\n<li>Efecto de las t\u00e9cnicas culinarias sobre la salud. Los utensilios m\u00e1s recomendables para una cocina saludable.<\/li>\n<li>Planificaremos men\u00fas semanales con alimentos de invierno y verano<\/li>\n<\/ol>\n<hr \/>\n<p><!--\n\n\n<h4>Impartido por: Victoria Garc\u00eda Framis<\/h4>\n\n\nLic. y Doctorada en Ciencias Biol\u00f3gicas (Universidad Aut\u00f3noma de Barcelona). Posgrado en Diet\u00e9tica y nutrici\u00f3n (Universidad Ram\u00f3n Llul). T\u00e9cnico Superior en Diet\u00e9tica y Naturopat\u00eda--> [\/vc_column_text][\/vc_column][\/vc_row]\n","protected":false},"excerpt":{"rendered":"<p>Modalidad presencial. <span style=\"color: #7f7dd1;\"><b>Planificando fechas<\/b><\/span><\/p>\n<hr \/>\n<p><strong>Precio total:<\/strong> 120\u20ac. Reserva 50\u20ac + importe restante de 70\u20ac. Se abonar\u00e1 el 1er d\u00eda, antes de empezar, en efectivo o tarjeta.<\/p>\n<hr \/>\n<p>\u00bfQuieres que tus platos sean saludables, equilibrados y variados? \u00bfQuieres planificar tus men\u00fas semanales y no sabes por d\u00f3nde empezar?&#8230; (<a href=\"#tab-description\">Ver m\u00e1s informaci\u00f3n<\/a>)<\/p>\n<hr \/>\n","protected":false},"featured_media":6918,"comment_status":"open","ping_status":"closed","template":"","meta":{"_joinchat":[]},"product_brand":[],"product_cat":[617,82,184,98,179],"product_tag":[],"class_list":{"0":"post-6913","1":"product","2":"type-product","3":"status-publish","4":"has-post-thumbnail","6":"product_cat-imagenes-profesores","7":"product_cat-naturopatia","8":"product_cat-alimentacion-saludable","9":"product_cat-cursos","10":"product_cat-cursos-presenciales","12":"first","13":"instock","14":"virtual","15":"purchasable","16":"product-type-simple"},"_links":{"self":[{"href":"https:\/\/tienda.ismet.es\/index.php\/wp-json\/wp\/v2\/product\/6913","targetHints":{"allow":["GET"]}}],"collection":[{"href":"https:\/\/tienda.ismet.es\/index.php\/wp-json\/wp\/v2\/product"}],"about":[{"href":"https:\/\/tienda.ismet.es\/index.php\/wp-json\/wp\/v2\/types\/product"}],"replies":[{"embeddable":true,"href":"https:\/\/tienda.ismet.es\/index.php\/wp-json\/wp\/v2\/comments?post=6913"}],"wp:featuredmedia":[{"embeddable":true,"href":"https:\/\/tienda.ismet.es\/index.php\/wp-json\/wp\/v2\/media\/6918"}],"wp:attachment":[{"href":"https:\/\/tienda.ismet.es\/index.php\/wp-json\/wp\/v2\/media?parent=6913"}],"wp:term":[{"taxonomy":"product_brand","embeddable":true,"href":"https:\/\/tienda.ismet.es\/index.php\/wp-json\/wp\/v2\/product_brand?post=6913"},{"taxonomy":"product_cat","embeddable":true,"href":"https:\/\/tienda.ismet.es\/index.php\/wp-json\/wp\/v2\/product_cat?post=6913"},{"taxonomy":"product_tag","embeddable":true,"href":"https:\/\/tienda.ismet.es\/index.php\/wp-json\/wp\/v2\/product_tag?post=6913"}],"curies":[{"name":"wp","href":"https:\/\/api.w.org\/{rel}","templated":true}]}}