{"id":6771,"date":"2020-12-21T12:47:22","date_gmt":"2020-12-21T11:47:22","guid":{"rendered":"https:\/\/tienda.ismet.es\/?post_type=product&#038;p=6771"},"modified":"2026-04-14T11:19:07","modified_gmt":"2026-04-14T10:19:07","slug":"quiropractica-aplicada-en-extremidades","status":"publish","type":"product","link":"https:\/\/tienda.ismet.es\/index.php\/producto\/quiropractica-aplicada-en-extremidades\/","title":{"rendered":"&#8211; Quiropr\u00e1ctica aplicada en extremidades por el Dr. Sagrera"},"content":{"rendered":"[vc_row][vc_column][vc_video link=&#8221;https:\/\/youtu.be\/KPwKuPKG414&#8243;][vc_column_text]\n<div class=\"woocommerce-product-details__short-description\">\n<hr \/>\n<h4>Presentaci\u00f3n<\/h4>\n<p>En muchas ocasiones, encontramos lesiones cr\u00f3nicas que no han llegado a curarse persistiendo dolor y alteraciones en la movilidad que incluso pueden repercutir en otras regiones corporales. En estos casos es cuando el estudio osteop\u00e1tico funcional nos puede abrir ventanas para un tratamiento m\u00e1s completo. As\u00ed pues, veremos en este curso de terapia manual superior en extremidades\u2026que tanto en extremidades inferiores como superiores, debemos actuar en estas patolog\u00edas m\u00e1s frecuentes, nuestro enfoque y posterior tratamiento manual, como puede ser fascitis plantar, esguinces internos o externos de tobillo, periostitis tibial, tendinitis de pata de ganso, trocanteritis hombro doloroso, tendinitis supraespinoso, epicondilitis, etc.<\/p>\n<hr \/>\n<h4>Objetivos<\/h4>\n<p class=\"curso\">En este curso de terapia manual superior en extremidades\u2026 vamos a mostrar c\u00f3mo a partir de un diagn\u00f3stico m\u00e9dico de distintas patolog\u00edas cual puede ser el enfoque del terapeuta manual a nivel de exploraci\u00f3n y tratamiento de distintas alteraciones y disfunciones que pueden encontrarse.<\/p>\n<hr \/>\n<h4>Programa del Curso<\/h4>\n<p>Terapia manual superior en extremidades \/ Patolog\u00edas, exploraci\u00f3n, tratamiento, abordaje cl\u00ednico-pr\u00e1ctico.<br \/>\nT\u00e9cnicas:<br \/>\nT\u00e9cnicas fasciales superficiales y profundas, Masaje terap\u00e9utico, Maes, T\u00e9cnicas de energ\u00eda muscular, T\u00e9cnica Jones y T\u00e9cnicas osteop\u00e1ticas articulares de exploraci\u00f3n y tratamiento.<br \/>\nPatolog\u00edas en EEII:<br \/>\nFascitis plantar. esguince de tobillo externo e interno Periostitis. Tendinopat\u00eda de Aquiles y del tibial. Pinzamiento de menisco. Tendinopat\u00eda pata de ganso. Condropat\u00eda rotuliana. S\u00edndr. Isquios cortos. S\u00edndrome adductores y Osteopat\u00eda pubis. Lesiones musculares. S\u00edndrome Piriforme (Pseudoci\u00e1tica).<br \/>\nPatolog\u00edas en EESS:<br \/>\nHombro doloroso. Tendinopat\u00eda del supraespinoso. Esguince acromioclavicular. Epicondilitis. Epitrocleitis. Sindr. T\u00fanel carpiano. Esguince de mu\u00f1eca. Dolor cr\u00f3nico de mu\u00f1eca<\/p>\n<hr \/>\n<p><!--\n\n\n<h4>Impartido por: Jordi Sagrera Ferrandiz<\/h4>\n\n\nLic. Medicina y cirug\u00eda UB 1973. Acreditado como m\u00e9dico naturista en el colegio de m\u00e9dicos de Barcelona (2005). Magisterio en Medicina Manual y Osteopat\u00eda en la Univ. Complutense de Madrid. Especializado en Terapias Manuales: Masaje y Osteopat\u00eda. Profesor externo en la Univ. Barcelona, Complutense de Madrid y La Cat\u00f3lica de Montevideo. Miembro de Semooym (sociedad espa\u00f1ola de Medicina Ortop\u00e9dica y manual). Asesor m\u00e9dico de RBA editores y autor de diversos libros. Profesor en cursos de pre y postgrado en distintas Universidades. Asesor m\u00e9dico ISMET en la elaboraci\u00f3n e impartici\u00f3n en distintos cursos.--> [\/vc_column_text][\/vc_column][\/vc_row]\n<\/div>\n","protected":false},"excerpt":{"rendered":"<p>Modalidad presencial. <span style=\"color: #7f7dd1;\"><strong><br \/>\nprogramndo fechas<br \/>\n<\/strong><br \/>\n<\/span><\/p>\n<hr \/>\n<p><strong>Precio Total: <\/strong>240\u20ac. Reserva plaza: 100\u20ac y 140\u20ac, a abonar en efectivo o tarjeta, el primer d\u00eda de curso.<\/p>\n<p>(<a href=\"#tab-description\">Ver m\u00e1s informaci\u00f3n<\/a>)<\/p>\n","protected":false},"featured_media":23245,"comment_status":"open","ping_status":"closed","template":"","meta":{"_joinchat":[]},"product_brand":[],"product_cat":[617,89,98,179],"product_tag":[236,543,544,542,857,387],"class_list":{"0":"post-6771","1":"product","2":"type-product","3":"status-publish","4":"has-post-thumbnail","6":"product_cat-imagenes-profesores","7":"product_cat-terapias-manuales","8":"product_cat-cursos","9":"product_cat-cursos-presenciales","10":"product_tag-dr-sagrera","11":"product_tag-extremidades","12":"product_tag-quiro","13":"product_tag-quiropractica","14":"product_tag-quiropraxia","15":"product_tag-tecnicas-manuales","16":"pa_ediciones-edicion-enero","17":"pa_ediciones-edicion-noviembre","19":"first","20":"instock","21":"purchasable","22":"product-type-simple"},"_links":{"self":[{"href":"https:\/\/tienda.ismet.es\/index.php\/wp-json\/wp\/v2\/product\/6771","targetHints":{"allow":["GET"]}}],"collection":[{"href":"https:\/\/tienda.ismet.es\/index.php\/wp-json\/wp\/v2\/product"}],"about":[{"href":"https:\/\/tienda.ismet.es\/index.php\/wp-json\/wp\/v2\/types\/product"}],"replies":[{"embeddable":true,"href":"https:\/\/tienda.ismet.es\/index.php\/wp-json\/wp\/v2\/comments?post=6771"}],"wp:featuredmedia":[{"embeddable":true,"href":"https:\/\/tienda.ismet.es\/index.php\/wp-json\/wp\/v2\/media\/23245"}],"wp:attachment":[{"href":"https:\/\/tienda.ismet.es\/index.php\/wp-json\/wp\/v2\/media?parent=6771"}],"wp:term":[{"taxonomy":"product_brand","embeddable":true,"href":"https:\/\/tienda.ismet.es\/index.php\/wp-json\/wp\/v2\/product_brand?post=6771"},{"taxonomy":"product_cat","embeddable":true,"href":"https:\/\/tienda.ismet.es\/index.php\/wp-json\/wp\/v2\/product_cat?post=6771"},{"taxonomy":"product_tag","embeddable":true,"href":"https:\/\/tienda.ismet.es\/index.php\/wp-json\/wp\/v2\/product_tag?post=6771"}],"curies":[{"name":"wp","href":"https:\/\/api.w.org\/{rel}","templated":true}]}}