{"id":6764,"date":"2020-12-21T11:27:02","date_gmt":"2020-12-21T10:27:02","guid":{"rendered":"https:\/\/tienda.ismet.es\/?post_type=product&#038;p=6764"},"modified":"2026-03-11T12:17:06","modified_gmt":"2026-03-11T11:17:06","slug":"terapia-manual-aplicada-al-bloqueo-cervical-y-bruxismo","status":"publish","type":"product","link":"https:\/\/tienda.ismet.es\/index.php\/producto\/terapia-manual-aplicada-al-bloqueo-cervical-y-bruxismo\/","title":{"rendered":"&#8211; Terapia manual aplicada al bloqueo cervical y bruxismo, por el Dr. Sagrera"},"content":{"rendered":"[vc_row][vc_column][vc_video link=&#8221;https:\/\/youtu.be\/MmLJHvSOeyI&#8221;][vc_column_text]\n<div class=\"woocommerce-product-details__short-description\">\n<hr \/>\n<h4>Presentaci\u00f3n<\/h4>\n<p>Se estima que cerca del 70% de la poblaci\u00f3n sufre de bruxismo, una patolog\u00eda silenciosa que provoca desgaste en los dientes y dolores en cervicales, en la musculatura mandibular y en la articulaci\u00f3n temporomandibular, afectando por igual a hombres y mujeres.<br \/>\nEl curso est\u00e1 enfocado para que el estudiante sepa explorar y testar bien la situaci\u00f3n que presenta el usuario para luego aplicar las t\u00e9cnicas manuales correspondientes en funci\u00f3n de la situaci\u00f3n que se presenta. Asimismo, se explora la estrecha relaci\u00f3n que hay entre la ATM posibles bloqueos de los segmentos vertebrales cervicales del lado afectado. La formaci\u00f3n se presenta entre una combinaci\u00f3n de informaci\u00f3n te\u00f3rica y unas demostraciones pr\u00e1cticas que el Dr. Sagrera muestra en diferentes planos para que facilite el aprendizaje del correcto protocolo.<\/p>\n<hr \/>\n<h4>Objetivos<\/h4>\n<p>Reconocer la afectaci\u00f3n de la articulaci\u00f3n ATM y su estrecha relaci\u00f3n con bloqueo articular de la regi\u00f3n cervical especialmente de C3 a C5.<br \/>\nA partir de este conocimiento el alumno aprender\u00e1 pues a explorar y reconocer este bloqueo, y a efectuar un tratamiento de terapia manual sobre la regi\u00f3n muscular y articular de ATM y tambi\u00e9n de la zona cervical<\/p>\n<hr \/>\n<h4>Programa del Curso<\/h4>\n<ol>\n<li style=\"list-style-type: none;\">\n<ol>\n<li style=\"list-style-type: none;\">\n<ol>\n<li style=\"list-style-type: none;\">\n<ol class=\"cursos\">\n<li>\n<ol class=\"cursos\">\n<li>Recuerdo anat\u00f3mico.<\/li>\n<li>Concepto de Bloqueo Cervical.<\/li>\n<li>Concepto de Bruxismo.<\/li>\n<li>Test cervical de comprobaci\u00f3n: dolor y extensi\u00f3n.<\/li>\n<li>Test cervicales de exploraci\u00f3n.<\/li>\n<li>Pinzado rodado.<\/li>\n<li>Movilidad activa y pasiva.<\/li>\n<li>Palpaci\u00f3n y localizaci\u00f3n del segmento afectado.<\/li>\n<li>Tratamiento.\n<ul class=\"cursos\">\n<li>Trazos fasciales.<\/li>\n<li>Amasamiento l\u00ednea \u00e1spera.<\/li>\n<li>Cepillo cruzado.<\/li>\n<li>Cepillo contrariado.<\/li>\n<li>Maes cervicales.<\/li>\n<li>Exploraci\u00f3n masetero.<\/li>\n<li>T\u00e9cnicas de energ\u00eda muscular en cervicales.<\/li>\n<li>Estiramiento postisom\u00e9trico maseteros.<\/li>\n<li>Tratamiento bloqueo segmentario vertebral: Mitchell por segmentos.<\/li>\n<li>Movilizaci\u00f3n con toalla<\/li>\n<li>Masajes maseteros y movimientos de relajaci\u00f3n facial<\/li>\n<li>Estiramiento muscular cervical.<\/li>\n<li>Exploraci\u00f3n de comprobaci\u00f3n final.<\/li>\n<\/ul>\n<\/li>\n<\/ol>\n<\/li>\n<\/ol>\n<\/li>\n<\/ol>\n<\/li>\n<\/ol>\n<\/li>\n<\/ol>\n<hr \/>\n<p><!--\n\n\n<h4>Impartido por: Jordi Sagrera Ferr\u00e1ndiz<\/h4>\n\n\nLic. Medicina y cirug\u00eda UB 1973. Acreditado como m\u00e9dico naturista en el colegio de m\u00e9dicos de Barcelona (2005). Magisterio en Medicina Manual y Osteopat\u00eda en la Univ. Complutense de Madrid. Especializado en Terapias Manuales: Masaje y Osteopat\u00eda. Profesor externo en la Univ. Barcelona, Complutense de Madrid y La Cat\u00f3lica de Montevideo. Miembro de Semooym (sociedad espa\u00f1ola de Medicina Ortop\u00e9dica y manual). Asesor m\u00e9dico de RBA editores y autor de diversos libros. Profesor en cursos de pre y postgrado en distintas Universidades. Asesor m\u00e9dico ISMET en la elaboraci\u00f3n e impartici\u00f3n en distintos cursos. -->[\/vc_column_text][\/vc_column][\/vc_row]\n<\/div>\n","protected":false},"excerpt":{"rendered":"<p>Modalidad online.<span style=\"color: #7f7dd1;\" data-darkreader-inline-color=\"\"><strong><br \/>\n\u2022 Del 2 al 31 de marzo 2026.<br \/>\n\u2022 Del 1 al 30 de abril 2026.<br \/>\n\u2022 Del 4 al 31 de mayo 2026.<br \/>\n\u2022 Del 1 al 30 de junio 2026.<br \/>\n\u2022 Del 1 al 30 de julio 2026.<\/strong><\/span><\/p>\n<hr \/>\n<p>(<a href=\"#tab-description\">Ver m\u00e1s informaci\u00f3n<\/a>)<\/p>\n","protected":false},"featured_media":6768,"comment_status":"open","ping_status":"closed","template":"","meta":{"_joinchat":[]},"product_brand":[],"product_cat":[223,617,89,98,180,201,205,202,203,204],"product_tag":[378,379,380,519],"class_list":{"0":"post-6764","1":"product","2":"type-product","3":"status-publish","4":"has-post-thumbnail","6":"product_cat-black-friday","7":"product_cat-imagenes-profesores","8":"product_cat-terapias-manuales","9":"product_cat-cursos","10":"product_cat-online","11":"product_cat-online-marzo","12":"product_cat-online-abril","13":"product_cat-online-mayo","14":"product_cat-online-junio","15":"product_cat-online-julio","16":"product_tag-bloqueo-cervical","17":"product_tag-bruxismo","18":"product_tag-jordi-sagrera-ferrandiz","19":"product_tag-terapia-manual","20":"pa_ediciones-edicion-diciembre","21":"pa_ediciones-edicion-enero","22":"pa_ediciones-edicion-febrero","23":"pa_ediciones-edicion-marzo","24":"pa_ediciones-edicion-abril","25":"pa_ediciones-edicion-mayo","26":"pa_ediciones-edicion-junio","27":"pa_ediciones-edicion-julio","29":"first","30":"instock","31":"purchasable","32":"product-type-variable"},"_links":{"self":[{"href":"https:\/\/tienda.ismet.es\/index.php\/wp-json\/wp\/v2\/product\/6764","targetHints":{"allow":["GET"]}}],"collection":[{"href":"https:\/\/tienda.ismet.es\/index.php\/wp-json\/wp\/v2\/product"}],"about":[{"href":"https:\/\/tienda.ismet.es\/index.php\/wp-json\/wp\/v2\/types\/product"}],"replies":[{"embeddable":true,"href":"https:\/\/tienda.ismet.es\/index.php\/wp-json\/wp\/v2\/comments?post=6764"}],"wp:featuredmedia":[{"embeddable":true,"href":"https:\/\/tienda.ismet.es\/index.php\/wp-json\/wp\/v2\/media\/6768"}],"wp:attachment":[{"href":"https:\/\/tienda.ismet.es\/index.php\/wp-json\/wp\/v2\/media?parent=6764"}],"wp:term":[{"taxonomy":"product_brand","embeddable":true,"href":"https:\/\/tienda.ismet.es\/index.php\/wp-json\/wp\/v2\/product_brand?post=6764"},{"taxonomy":"product_cat","embeddable":true,"href":"https:\/\/tienda.ismet.es\/index.php\/wp-json\/wp\/v2\/product_cat?post=6764"},{"taxonomy":"product_tag","embeddable":true,"href":"https:\/\/tienda.ismet.es\/index.php\/wp-json\/wp\/v2\/product_tag?post=6764"}],"curies":[{"name":"wp","href":"https:\/\/api.w.org\/{rel}","templated":true}]}}