{"id":6757,"date":"2020-12-21T11:14:26","date_gmt":"2020-12-21T10:14:26","guid":{"rendered":"https:\/\/tienda.ismet.es\/?post_type=product&#038;p=6757"},"modified":"2026-03-11T12:17:43","modified_gmt":"2026-03-11T11:17:43","slug":"terapia-manual-aplicada-a-patologias-de-rodilla-codo-y-mano","status":"publish","type":"product","link":"https:\/\/tienda.ismet.es\/index.php\/producto\/terapia-manual-aplicada-a-patologias-de-rodilla-codo-y-mano\/","title":{"rendered":"&#8211; Terapia manual aplicada a patolog\u00edas de rodilla, codo y mano, por el Dr. Sagrera"},"content":{"rendered":"[vc_row][vc_column][vc_video link=&#8221;https:\/\/youtu.be\/l46-GjERDds&#8221;][vc_column_text]\n<div class=\"woocommerce-product-details__short-description\">\n<hr \/>\n<h4>Presentaci\u00f3n<\/h4>\n<p>A menudo y despu\u00e9s de sufrir un esguince de tobillo se inicia un camino que al finalizar la etapa m\u00e9dica y de rehabilitaci\u00f3n, ciertos casos no acaban de solucionarse de forma completa.<br \/>\nEn estos casos, y en este curso, sabremos qu\u00e9 disfunciones acompa\u00f1an a la lesi\u00f3n cr\u00f3nica y que son la causa de la persistencia del dolor como de la alteraci\u00f3n de la movilidad debemos explorar para encontrar su posible existencia y como corregirlas con diferentes t\u00e9cnicas manuales. Es pues un verdadero caso pr\u00e1ctico tal como se presentan en nuestra consulta. La formaci\u00f3n se presenta entre una combinaci\u00f3n de teor\u00eda y pr\u00e1ctica que el Dr. Sagrera expone en v\u00eddeos de manera que el estudiante pueda f\u00e1cilmente aprender los diferentes protocolos y t\u00e9cnicas.<\/p>\n<hr \/>\n<h4>Objetivos<\/h4>\n<p>Observaci\u00f3n y tratamiento de patolog\u00edas comunes como la tendinitis de pata de ganso, rotuliana, meniscos de rodilla, epicondilitis y otras que son con mucha frecuencia, el motivo que acuden a nosotros. Veremos qu\u00e9 alteraciones o desequilibrios musculoesquel\u00e9ticas acompa\u00f1an a estas patolog\u00edas. Aprender a realizar una buena exploraci\u00f3n y a corregir con las maniobras y t\u00e9cnicas que veremos en este curso.<\/p>\n<hr \/>\n<h4>Programa del Curso<\/h4>\n<ol>\n<li style=\"list-style-type: none;\">\n<ol class=\"cursos\">\n<li>\n<ul class=\"cursos\">\n<li>Rodilla:\n<ul class=\"cursos\">\n<li>Exploraci\u00f3n de lesiones estructurales: Menisco y ligamentos<\/li>\n<li>Pinzamiento de menisco:<\/li>\n<li>Exploraci\u00f3n por movilidad palpatoria<\/li>\n<li>Tratamiento: Bombeos en rodilla, en tibia en navaja y manipulaci\u00f3n meniscal<\/li>\n<li>Tendinitis rotuliana:<\/li>\n<li>Exploraci\u00f3n: Iliaco ascendido, Tibia en rotaci\u00f3n y dismetr\u00eda de Eips.<\/li>\n<li>Tratamiento: Tracci\u00f3n, movilizaci\u00f3n y t\u00e9cnica Mitchell.<\/li>\n<li>Tendinitis pata de ganso:Exploraci\u00f3n: Tibia anterior en rodilla e iliaco posteriorizado<br \/>\nTratamiento: Manipulaci\u00f3n directa tibia t\u00e9cnica Mitchell con Volante<\/li>\n<li>S\u00edndrome Isquiotibiales cortos Exploraci\u00f3n: cabeza peron\u00e9 posteriorizada e iliaco en anterior. Tratamiento: manipulaci\u00f3n peron\u00e9 en navaja y t\u00e9cnica Mitchell con volante<\/li>\n<\/ul>\n<\/li>\n<li>Codo:\n<ul class=\"cursos\">\n<li>Recuerdo anat\u00f3mico.<\/li>\n<li>Palpaci\u00f3n de estructuras.<\/li>\n<li>Principales patolog\u00edas: Epicondilitis y Epeitrocleitis.<\/li>\n<li>Exploraci\u00f3n: Cervical y codo (contra-resistencia).<\/li>\n<li>Tratamiento del tejido blando: presi\u00f3n de manos alternadas presiones deslizantes y Maes.<\/li>\n<li>Tratamiento articular: Manipulaci\u00f3n espec\u00edfica para epicondilos externo e interno.<\/li>\n<\/ul>\n<\/li>\n<li>Mano:\n<ul class=\"cursos\">\n<li>Recuerdo anat\u00f3mico.<\/li>\n<li>Palpaci\u00f3n huesos carpo.<\/li>\n<li>Exploraci\u00f3n movilidad carpiana.<\/li>\n<li>Patolog\u00edas Carpo:<\/li>\n<li>Dolor cr\u00f3nico (semilunar).<\/li>\n<li>Exploraci\u00f3n: en superior o inferior.<\/li>\n<li>Tratamiento: Manipulaci\u00f3n en flexi\u00f3n o extensi\u00f3n.<\/li>\n<li>S\u00edndrome t\u00fanel carpiano.<\/li>\n<li>Exploraci\u00f3n: Hueso grande y semilunar descendidos.<\/li>\n<li>Tratamiento: Manipulaci\u00f3n en flexi\u00f3n.<\/li>\n<li>Esguince de mu\u00f1eca.<\/li>\n<li>Exploraci\u00f3n: Estiloides radial y cubital y huesos carpianos.<\/li>\n<li>Tratamiento: Manipulaci\u00f3n directa en flexi\u00f3n o extensi\u00f3n.<\/li>\n<li>Rizartrosis.<\/li>\n<li>Exploraci\u00f3n: articulaci\u00f3n metacarpofal\u00e1ngica.<\/li>\n<li>Tratamiento: Manipulaci\u00f3n en rotaci\u00f3n interna y bombeo.<\/li>\n<li>Interfal\u00e1ngica.<\/li>\n<li>Exploraci\u00f3n: movilidad y dolor.<\/li>\n<li>Tratamiento: de coaptaci\u00f3n y bombeo.<\/li>\n<\/ul>\n<hr \/>\n<p><!--\n\n\n<h4>Impartido por: Jordi Sagrera Ferr\u00e1ndiz<\/h4>\n\n\nLic. Medicina y cirug\u00eda UB 1973. Acreditado como m\u00e9dico naturista en el colegio de m\u00e9dicos de Barcelona (2005). Magisterio en Medicina Manual y Osteopat\u00eda en la Univ. Complutense de Madrid. Especializado en Terapias Manuales: Masaje y Osteopat\u00eda. Profesor externo en la Univ. Barcelona, Complutense de Madrid y La Cat\u00f3lica de Montevideo. Miembro de Semooym (sociedad espa\u00f1ola de Medicina Ortop\u00e9dica y manual). Asesor m\u00e9dico de RBA editores y autor de diversos libros. Profesor en cursos de pre y postgrado en distintas Universidades. Asesor m\u00e9dico ISMET en la elaboraci\u00f3n e impartici\u00f3n en distintos cursos.--> [\/vc_column_text][\/vc_column][\/vc_row]<\/li>\n<\/ul>\n<\/li>\n<\/ol>\n<\/li>\n<\/ol>\n<\/div>\n","protected":false},"excerpt":{"rendered":"<p>Modalidad online. (fechas a escoger)<span style=\"color: #7f7dd1;\" data-darkreader-inline-color=\"\"><strong><br \/>\n\u2022 Del 2 al 31 de marzo 2026.<br \/>\n\u2022 Del 1 al 30 de abril 2026.<br \/>\n\u2022 Del 4 al 31 de mayo 2026.<br \/>\n\u2022 Del 1 al 30 de junio 2026.<br \/>\n\u2022 Del 1 al 30 de julio 2026.<\/strong><\/span><\/p>\n<hr \/>\n<p>Veremos qu\u00e9 alteraciones o desequilibrios musculoesquel\u00e9ticas acompa\u00f1an a estas patolog\u00edas&#8230;(<a href=\"#tab-description\">Ver m\u00e1s informaci\u00f3n<\/a>)<\/p>\n","protected":false},"featured_media":6761,"comment_status":"open","ping_status":"closed","template":"","meta":{"_joinchat":[]},"product_brand":[],"product_cat":[223,617,183,89,98,180,201,205,202,203,204],"product_tag":[619,686,236,687,685,519],"class_list":{"0":"post-6757","1":"product","2":"type-product","3":"status-publish","4":"has-post-thumbnail","6":"product_cat-black-friday","7":"product_cat-imagenes-profesores","8":"product_cat-terapias-energeticas","9":"product_cat-terapias-manuales","10":"product_cat-cursos","11":"product_cat-online","12":"product_cat-online-marzo","13":"product_cat-online-abril","14":"product_cat-online-mayo","15":"product_cat-online-junio","16":"product_cat-online-julio","17":"product_tag-codo","18":"product_tag-codo-y-mano","19":"product_tag-dr-sagrera","20":"product_tag-patologias","21":"product_tag-rodilla","22":"product_tag-terapia-manual","23":"pa_ediciones-edicion-diciembre","24":"pa_ediciones-edicion-enero","25":"pa_ediciones-edicion-febrero","26":"pa_ediciones-edicion-marzo","27":"pa_ediciones-edicion-abril","28":"pa_ediciones-edicion-mayo","29":"pa_ediciones-edicion-junio","30":"pa_ediciones-edicion-julio","32":"first","33":"instock","34":"purchasable","35":"product-type-variable"},"_links":{"self":[{"href":"https:\/\/tienda.ismet.es\/index.php\/wp-json\/wp\/v2\/product\/6757","targetHints":{"allow":["GET"]}}],"collection":[{"href":"https:\/\/tienda.ismet.es\/index.php\/wp-json\/wp\/v2\/product"}],"about":[{"href":"https:\/\/tienda.ismet.es\/index.php\/wp-json\/wp\/v2\/types\/product"}],"replies":[{"embeddable":true,"href":"https:\/\/tienda.ismet.es\/index.php\/wp-json\/wp\/v2\/comments?post=6757"}],"wp:featuredmedia":[{"embeddable":true,"href":"https:\/\/tienda.ismet.es\/index.php\/wp-json\/wp\/v2\/media\/6761"}],"wp:attachment":[{"href":"https:\/\/tienda.ismet.es\/index.php\/wp-json\/wp\/v2\/media?parent=6757"}],"wp:term":[{"taxonomy":"product_brand","embeddable":true,"href":"https:\/\/tienda.ismet.es\/index.php\/wp-json\/wp\/v2\/product_brand?post=6757"},{"taxonomy":"product_cat","embeddable":true,"href":"https:\/\/tienda.ismet.es\/index.php\/wp-json\/wp\/v2\/product_cat?post=6757"},{"taxonomy":"product_tag","embeddable":true,"href":"https:\/\/tienda.ismet.es\/index.php\/wp-json\/wp\/v2\/product_tag?post=6757"}],"curies":[{"name":"wp","href":"https:\/\/api.w.org\/{rel}","templated":true}]}}