{"id":6677,"date":"2020-12-11T14:07:11","date_gmt":"2020-12-11T13:07:11","guid":{"rendered":"https:\/\/tienda.ismet.es\/?post_type=product&#038;p=6677"},"modified":"2026-03-06T08:50:44","modified_gmt":"2026-03-06T07:50:44","slug":"programa-formativo-de-naturopatia","status":"publish","type":"product","link":"https:\/\/tienda.ismet.es\/index.php\/producto\/programa-formativo-de-naturopatia\/","title":{"rendered":"&#8211; Experto en naturopat\u00eda y bases de Psiconeuroinmunolog\u00eda"},"content":{"rendered":"[vc_row][vc_column][vc_video link=&#8221;https:\/\/youtu.be\/3N3gJAmvW8I&#8221;][vc_column_text]\n<div class=\"woocommerce-product-details__short-description\">\n<hr \/>\n<p class=\"curso\">La naturopat\u00eda es definida por la Organizaci\u00f3n Mundial de la Salud (OMS) como un \u00e1rea de salud que engloba diferentes t\u00e9cnicas para trabajar la prevenci\u00f3n, el tratamiento y la promoci\u00f3n de la salud \u00f3ptima mediante el uso de m\u00e9todos terap\u00e9uticos para fomentar el proceso de autosanaci\u00f3n. La naturopat\u00eda tiene una visi\u00f3n hol\u00edstica del ser humano, por lo que considera diferentes aspectos de las personas: el f\u00edsico, el emocional y el energ\u00e9tico.<br \/>\nEn ISMET, formamos natur\u00f3patas con un programa completo y pr\u00e1ctico de 3 a\u00f1os en el que podr\u00e1s aprender las principales herramientas terap\u00e9uticas que te permitir\u00e1 ayudar a las personas en la prevenci\u00f3n y el restablecimiento de la salud. Pero, si deseas salir al mercado laboral m\u00e1s r\u00e1pidamente, tambi\u00e9n ofrecemos 2 programas relacionados de corta duraci\u00f3n, que podr\u00edan ser tu primer paso hacia tus objetivos<\/p>\n<hr \/>\n<p><!--\n\n\n<div class=\"button2\"><a id=\"button2\" class=\"button wp-element-button\" href=\"https:\/\/ismet.es\/Programasformativos_pdf\/CATALOGO_NATUROPATIA.pdf\" target=\"_blank\" rel=\"nofollow noopener noreferrer\">Descarga cat\u00e1logo<\/a><\/div>\n\n\n--><\/p>\n[\/vc_column_text][\/vc_column][\/vc_row]\n<\/div>\n","protected":false},"excerpt":{"rendered":"<p>Modalidad presencial y online. <span style=\"color: #7f7dd1;\" data-darkreader-inline-color=\"\"><strong><br \/>\n11 de mayo de 2026.<br \/>\n<\/strong><\/span><\/p>\n<hr \/>\n<p><strong>Importe total del primer curso: 2.581\u20ac. \/\/ 290\u20ac (matr\u00edcula) + 2.291\u20ac (1er curso, sin incluir asignaturas optativas).<\/strong><\/p>\n<hr \/>\n<p>La Naturopat\u00eda est\u00e1 formada por varias t\u00e9cnicas con un mismo objetivo, mantener o restablecer la salud&#8230; (<a href=\"#tab-description\">Ver m\u00e1s informaci\u00f3n<\/a>)<\/p>\n<hr \/>\n","protected":false},"featured_media":23268,"comment_status":"open","ping_status":"closed","template":"","meta":{"_joinchat":[]},"product_brand":[],"product_cat":[82,184,98,180,202,179,198,227,225],"product_tag":[953,926,397,399,398,928],"class_list":{"0":"post-6677","1":"product","2":"type-product","3":"status-publish","4":"has-post-thumbnail","6":"product_cat-naturopatia","7":"product_cat-alimentacion-saludable","8":"product_cat-cursos","9":"product_cat-online","10":"product_cat-online-mayo","11":"product_cat-cursos-presenciales","12":"product_cat-presencial-mayo","13":"product_cat-presencial-octubre","14":"product_cat-programas-formativos","15":"product_tag-bases","16":"product_tag-experto","17":"product_tag-natur","18":"product_tag-naturopatia","19":"product_tag-programa-formativo","20":"product_tag-psiconeuroinmunologia","21":"pa_modalidad-online","22":"pa_modalidad-presencial","24":"first","25":"instock","26":"purchasable","27":"product-type-variable"},"_links":{"self":[{"href":"https:\/\/tienda.ismet.es\/index.php\/wp-json\/wp\/v2\/product\/6677","targetHints":{"allow":["GET"]}}],"collection":[{"href":"https:\/\/tienda.ismet.es\/index.php\/wp-json\/wp\/v2\/product"}],"about":[{"href":"https:\/\/tienda.ismet.es\/index.php\/wp-json\/wp\/v2\/types\/product"}],"replies":[{"embeddable":true,"href":"https:\/\/tienda.ismet.es\/index.php\/wp-json\/wp\/v2\/comments?post=6677"}],"wp:featuredmedia":[{"embeddable":true,"href":"https:\/\/tienda.ismet.es\/index.php\/wp-json\/wp\/v2\/media\/23268"}],"wp:attachment":[{"href":"https:\/\/tienda.ismet.es\/index.php\/wp-json\/wp\/v2\/media?parent=6677"}],"wp:term":[{"taxonomy":"product_brand","embeddable":true,"href":"https:\/\/tienda.ismet.es\/index.php\/wp-json\/wp\/v2\/product_brand?post=6677"},{"taxonomy":"product_cat","embeddable":true,"href":"https:\/\/tienda.ismet.es\/index.php\/wp-json\/wp\/v2\/product_cat?post=6677"},{"taxonomy":"product_tag","embeddable":true,"href":"https:\/\/tienda.ismet.es\/index.php\/wp-json\/wp\/v2\/product_tag?post=6677"}],"curies":[{"name":"wp","href":"https:\/\/api.w.org\/{rel}","templated":true}]}}