{"id":6656,"date":"2020-12-10T14:11:15","date_gmt":"2020-12-10T13:11:15","guid":{"rendered":"https:\/\/tienda.ismet.es\/?post_type=product&#038;p=6656"},"modified":"2025-11-10T16:37:36","modified_gmt":"2025-11-10T15:37:36","slug":"programa-formativo-de-quiromasaje-y-masaje-deportivo","status":"publish","type":"product","link":"https:\/\/tienda.ismet.es\/index.php\/producto\/programa-formativo-de-quiromasaje-y-masaje-deportivo\/","title":{"rendered":"&#8211; Experto en quiromasaje y masaje deportivo, con especializaci\u00f3n en t\u00e9cnicas avanzadas de masaje"},"content":{"rendered":"[vc_row][vc_column][vc_video link=&#8221;https:\/\/www.youtube.com\/watch?v=lsSzi68VyaQ&amp;t=539s&#8221;][vc_column_text]\n<hr \/>\n<p>Este programa es para ti si te gusta conectar con las personas a trav\u00e9s del tacto y deseas tener los conocimientos necesarios en terapias manuales para tener un impacto positivo en la salud y el bienestar de los dem\u00e1s. No es necesario tener ning\u00fan conocimiento previo, ya que el programa est\u00e1 pensado para proporcionarte toda la teor\u00eda y el desarrollo de habilidades que necesitas dominar<\/p>\n[\/vc_column_text][\/vc_column][\/vc_row]\n","protected":false},"excerpt":{"rendered":"<p><span style=\"color: #7f7dd1;\" data-darkreader-inline-color=\"\"><br \/>\n<strong>Febrero 2026<\/strong><\/span><\/p>\n<hr \/>\n<p>335 horas lectivas.<\/p>\n<hr \/>\n<p>Improte total: 1.882\u20ac. Reserva de matr\u00edcula 290\u20ac.<\/p>\n<p>(Este importe solamente incluye asignaturas troncales del programa formativo Quiromasaje y masaje deportivo. En caso de inscribirte a alguna de las, asignaturas optativas de especializaci\u00f3n, se a\u00f1adir\u00e1 el importe de las asignaturas correspondientes).<\/p>\n<hr \/>\n<p>Este programa es para ti si te gusta conectar con las personas&#8230; (<a href=\"#tab-description\">Ver m\u00e1s informaci\u00f3n<\/a>)<\/p>\n<hr \/>\n","protected":false},"featured_media":22723,"comment_status":"open","ping_status":"closed","template":"","meta":{"_joinchat":[]},"product_brand":[],"product_cat":[89,98,180,186,179,195,225],"product_tag":[926,357,386,220,398,723,927],"class_list":{"0":"post-6656","1":"product","2":"type-product","3":"status-publish","4":"has-post-thumbnail","6":"product_cat-terapias-manuales","7":"product_cat-cursos","8":"product_cat-online","9":"product_cat-online-febrero","10":"product_cat-cursos-presenciales","11":"product_cat-presencial-febrero","12":"product_cat-programas-formativos","13":"product_tag-experto","14":"product_tag-masaje","15":"product_tag-masaje-deportivo","16":"product_tag-montse-garcia","17":"product_tag-programa-formativo","18":"product_tag-quiromasaje","19":"product_tag-tecnicas-avanzadas-de-masaje","21":"first","22":"instock","23":"purchasable","24":"product-type-variable"},"_links":{"self":[{"href":"https:\/\/tienda.ismet.es\/index.php\/wp-json\/wp\/v2\/product\/6656","targetHints":{"allow":["GET"]}}],"collection":[{"href":"https:\/\/tienda.ismet.es\/index.php\/wp-json\/wp\/v2\/product"}],"about":[{"href":"https:\/\/tienda.ismet.es\/index.php\/wp-json\/wp\/v2\/types\/product"}],"replies":[{"embeddable":true,"href":"https:\/\/tienda.ismet.es\/index.php\/wp-json\/wp\/v2\/comments?post=6656"}],"wp:featuredmedia":[{"embeddable":true,"href":"https:\/\/tienda.ismet.es\/index.php\/wp-json\/wp\/v2\/media\/22723"}],"wp:attachment":[{"href":"https:\/\/tienda.ismet.es\/index.php\/wp-json\/wp\/v2\/media?parent=6656"}],"wp:term":[{"taxonomy":"product_brand","embeddable":true,"href":"https:\/\/tienda.ismet.es\/index.php\/wp-json\/wp\/v2\/product_brand?post=6656"},{"taxonomy":"product_cat","embeddable":true,"href":"https:\/\/tienda.ismet.es\/index.php\/wp-json\/wp\/v2\/product_cat?post=6656"},{"taxonomy":"product_tag","embeddable":true,"href":"https:\/\/tienda.ismet.es\/index.php\/wp-json\/wp\/v2\/product_tag?post=6656"}],"curies":[{"name":"wp","href":"https:\/\/api.w.org\/{rel}","templated":true}]}}