{"id":6646,"date":"2020-12-09T14:50:40","date_gmt":"2020-12-09T13:50:40","guid":{"rendered":"https:\/\/tienda.ismet.es\/?post_type=product&#038;p=6646"},"modified":"2026-03-11T13:44:59","modified_gmt":"2026-03-11T12:44:59","slug":"tecnica-del-vendaje-neuromuscular-kinesio-taping-o-taping-japones-i","status":"publish","type":"product","link":"https:\/\/tienda.ismet.es\/index.php\/producto\/tecnica-del-vendaje-neuromuscular-kinesio-taping-o-taping-japones-i\/","title":{"rendered":"&#8211; T\u00e9cnica del vendaje neuromuscular kinesio taping, taping japon\u00e9s"},"content":{"rendered":"[vc_row][vc_column][vc_video link=&#8221;&#8221;][vc_column_text]\n<div class=\"woocommerce-product-details__short-description\">\n<hr \/>\n<p>Las bases del Vendaje Neuromuscular fueron sentadas en los a\u00f1os setenta en Asia, sobre todo en Corea y Jap\u00f3n. Principios de la quiropraxia y de la kinesiolog\u00eda daban lugar al desarrollo de un nuevo m\u00e9todo denominado \u201cKinesio Taping\u201d, bas\u00e1ndose en el pensamiento de que el movimiento y la actividad muscular son imprescindibles para mantener o recuperar la salud. La idea que hay detr\u00e1s de este m\u00e9todo es que la musculatura es necesaria para el movimiento, pero tambi\u00e9n influyen en la circulaci\u00f3n sangu\u00ednea y linf\u00e1tica y en la temperatura corporal. Si la musculatura no funciona bien puede provocar toda una serie de s\u00edntomas y lesiones. Bas\u00e1ndose en esto, se desarroll\u00f3 un esparadrapo el\u00e1stico que pod\u00eda ayudar en la funci\u00f3n muscular sin limitar los movimientos corporales. Tratando as\u00ed los m\u00fasculos lesionados, se activa el proceso de recuperaci\u00f3n del propio cuerpo.<\/p>\n<hr \/>\n<h4>Objetivos<\/h4>\n<p>Se pretende con este curso que los alumnos conozcan esta nueva t\u00e9cnica de Vendaje denominado \u00abVendaje Neuromuscular\u00bb, t\u00e9cnica basada en la activaci\u00f3n de los sistemas neurol\u00f3gico y circulatorio que tiene cuatro principales objetivos:<\/p>\n<ol>\n<li>Soportar el m\u00fasculo<\/li>\n<li>Ayudar al sistema linf\u00e1tico<\/li>\n<li>Activar los sistemas analg\u00e9sicos End\u00f3genos<\/li>\n<li>Corregir los problemas articulares<\/li>\n<\/ol>\n<\/div>\n<hr \/>\n<h4>Programa del Curso<\/h4>\n<ul>\n<li>Base te\u00f3rica de la t\u00e9cnica del vendaje neuromuscular:<\/li>\n<li>Desarrollo del m\u00e9todo. Funcionamiento del Vendaje Neuromuscular. Caracter\u00edsticas del material. Diferentes t\u00e9cnicas de vendaje neuromuscular. T\u00e9cnicas musculares: Miembro superior. Tronco. Columna cervical-dorsal-lumbar. Regi\u00f3n p\u00e9lvica. Miembro inferior<\/li>\n<li>T\u00e9cnicas de ligamento:<\/li>\n<li>Rodilla. Mu\u00f1eca. Codo. Dedos. Tobillo. Hombro.<\/li>\n<li>T\u00e9cnicas de correcci\u00f3n articular<\/li>\n<li>T\u00e9cnicas de correcci\u00f3n de la fascia<\/li>\n<li>T\u00e9cnicas para aumentar el espacio<\/li>\n<li>T\u00e9cnicas linf\u00e1ticas<\/li>\n<li>T\u00e9cnicas espec\u00edficas:<\/li>\n<li>Cicatrices. Fibrosis. Hematomas. Cross taping<\/li>\n<li>Casos cl\u00ednicos. Metodolog\u00eda para la aplicaci\u00f3n pr\u00e1ctica del Vendaje Neuromuscular en diferentes patolog\u00edas frecuentes<\/li>\n<\/ul>\n<hr \/>\n<p><!--\n\n\n<h4>Impartido por: Miguel L\u00f3pez Alarc\u00f3n<\/h4>\n\n\nCarnet profesional de COFENAT n\u00ba 1118. Shiatsuterapeuta y Graduado en Medicina Tradicional China. Profesor de Shiatsu en ISMET.-->[\/vc_column_text][\/vc_column][\/vc_row]\n","protected":false},"excerpt":{"rendered":"<p>Modalidad presencial. <span style=\"color: #7f7dd1;\"><strong><br \/>\nprogramando fechas&#8230;<br \/>\n<\/strong><\/span><\/p>\n<hr \/>\n<p>Precio total: 200\u20ac. Se abonar\u00e1 de la siguiente manera: Reserva plaza: 50\u20ac, y 150\u20ac restantes se abonar\u00e1n el 1er d\u00eda del curso, antes de empezar, en efectivo o tarjeta.<br \/>\nPrecio especial vendaje Neuromuscular nivel I+II: Reserva plaza: 50\u20ac + 320\u20ac, que se abonar\u00e1 el 1er d\u00eda de curso de nivel 1. (efectivo o tarjeta).<br \/>\n(IVA incluido).<\/p>\n<hr \/>\n<p>Aprende las habilidades necesarias para la aplicaci\u00f3n de la t\u00e9cnica de Vendaje Neuromuscular en la pr\u00e1ctica diaria del terapeuta. (<a href=\"#tab-description\">Ver m\u00e1s informaci\u00f3n<\/a>)<\/p>\n","protected":false},"featured_media":12124,"comment_status":"open","ping_status":"closed","template":"","meta":{"_joinchat":[]},"product_brand":[],"product_cat":[617,89,98,179],"product_tag":[628,629,843,627],"class_list":{"0":"post-6646","1":"product","2":"type-product","3":"status-publish","4":"has-post-thumbnail","6":"product_cat-imagenes-profesores","7":"product_cat-terapias-manuales","8":"product_cat-cursos","9":"product_cat-cursos-presenciales","10":"product_tag-kinesio-taping","11":"product_tag-taping-japones","12":"product_tag-tecnica-del-vendaje","13":"product_tag-vendaje-neuromuscular","15":"first","16":"outofstock","17":"purchasable","18":"product-type-simple"},"_links":{"self":[{"href":"https:\/\/tienda.ismet.es\/index.php\/wp-json\/wp\/v2\/product\/6646","targetHints":{"allow":["GET"]}}],"collection":[{"href":"https:\/\/tienda.ismet.es\/index.php\/wp-json\/wp\/v2\/product"}],"about":[{"href":"https:\/\/tienda.ismet.es\/index.php\/wp-json\/wp\/v2\/types\/product"}],"replies":[{"embeddable":true,"href":"https:\/\/tienda.ismet.es\/index.php\/wp-json\/wp\/v2\/comments?post=6646"}],"wp:featuredmedia":[{"embeddable":true,"href":"https:\/\/tienda.ismet.es\/index.php\/wp-json\/wp\/v2\/media\/12124"}],"wp:attachment":[{"href":"https:\/\/tienda.ismet.es\/index.php\/wp-json\/wp\/v2\/media?parent=6646"}],"wp:term":[{"taxonomy":"product_brand","embeddable":true,"href":"https:\/\/tienda.ismet.es\/index.php\/wp-json\/wp\/v2\/product_brand?post=6646"},{"taxonomy":"product_cat","embeddable":true,"href":"https:\/\/tienda.ismet.es\/index.php\/wp-json\/wp\/v2\/product_cat?post=6646"},{"taxonomy":"product_tag","embeddable":true,"href":"https:\/\/tienda.ismet.es\/index.php\/wp-json\/wp\/v2\/product_tag?post=6646"}],"curies":[{"name":"wp","href":"https:\/\/api.w.org\/{rel}","templated":true}]}}