{"id":6615,"date":"2020-12-04T10:31:50","date_gmt":"2020-12-04T09:31:50","guid":{"rendered":"https:\/\/tienda.ismet.es\/?post_type=product&#038;p=6615"},"modified":"2026-03-11T12:34:50","modified_gmt":"2026-03-11T11:34:50","slug":"dismenorrea-y-sindrome-premenstrual","status":"publish","type":"product","link":"https:\/\/tienda.ismet.es\/index.php\/producto\/dismenorrea-y-sindrome-premenstrual\/","title":{"rendered":"&#8211; Dismenorrea y s\u00edndrome premenstrual, abordaje con terapias manuales"},"content":{"rendered":"[vc_row][vc_column][vc_video link=&#8221;https:\/\/youtu.be\/sEjNZiuLUSI&#8221;][vc_column_text]\n<div class=\"woocommerce-product-details__short-description\">\n<hr \/>\n<h4>Objetivos<\/h4>\n<ul>\n<li>Aprender la teor\u00eda de porque se puede producir la dismenorrea y que es.<\/li>\n<li>Conocer las fases del ciclo menstrual.<\/li>\n<li>Conocer c\u00f3mo act\u00faa la reflexolog\u00eda podal en las dismenorreas.<\/li>\n<li>Aprender a colocar un kinesiotape para aliviar el dolor menstrual.<\/li>\n<li>Conocer la forma adecuada y segura de usar la moxa en la zona del bajo vientre.<\/li>\n<li>Aprender a aliviar el dolor de la dismenorrea con diferentes muti reflexologias procedentes de la facioterapia-Dien\u2019Chan.<\/li>\n<li>Conocer como la fitoterapia y algunas suplementaciones nos pueden ayudar a equilibrar la dismenorrea.<\/li>\n<\/ul>\n<\/div>\n<hr \/>\n<h4>Programa del Curso<\/h4>\n<ol>\n<li>Introducci\u00f3n a la dismenorrea<\/li>\n<li>El ciclo menstrual<\/li>\n<li>Puntos de reflexolog\u00eda podal para aliviar el dolor menstrual<\/li>\n<li>Facioterapia-Dien\u2019Chan, Multireflexologia en rostro, antebrazo y dedos para aliviar el dolor<\/li>\n<li>Kinesiotape, aplicaci\u00f3n para aliviar la dismenorrea<\/li>\n<li>Moxa Vietnamita para aliviar el dolor<\/li>\n<li>Suplementaciones y fitoterapia, nociones te\u00f3ricas de las m\u00e1s usadas.<\/li>\n<\/ol>\n<hr \/>\n<p><!--\n\n\n<h4>Impartido por: Montse Garc\u00eda<\/h4>\n\n\nQuiromasajista, natur\u00f3pata, experta en reflexoterapia podal y masaje deportivo. Facioterapeuta, formadora certificada en Facioterapia-Dien Chan por el Profesor Dr. B\u00f9i Qu\u00f4c Ch\u00e2u en Espa\u00f1a (2004) y en Ho Chi Minh, en Vietnam (2006 y 2009). Coordinadora de masajistas deportivos en Competiciones de \u00e1mbito nacional e internacional.Premio \u201cSta. \u00c1gueda 2008\u201d, por su dedicaci\u00f3n y trayectoria en el mundo del deporte-->[\/vc_column_text][\/vc_column][\/vc_row]\n","protected":false},"excerpt":{"rendered":"<p>Modalidad online.<span style=\"color: #7f7dd1;\" data-darkreader-inline-color=\"\"><strong><br \/>\n\u2022 Del 2 al 31 de marzo 2026.<br \/>\n\u2022 Del 1 al 30 de abril 2026.<br \/>\n\u2022 Del 4 al 31 de mayo 2026.<br \/>\n\u2022 Del 1 al 30 de junio 2026.<br \/>\n\u2022 Del 1 al 30 de julio 2026.<br \/>\n<\/strong><\/span><\/p>\n<hr \/>\n<p>Aprender la teor\u00eda de porqu\u00e9 se puede producir la dismenorrea y qu\u00e9 es. Conocer las fases del ciclo menstrual&#8230;(<a href=\"#tab-description\">Ver m\u00e1s informaci\u00f3n<\/a>)<\/p>\n","protected":false},"featured_media":24285,"comment_status":"open","ping_status":"closed","template":"","meta":{"_joinchat":[]},"product_brand":[],"product_cat":[617,89,98,180,201,205,202,203,204],"product_tag":[414,220,415,368],"class_list":{"0":"post-6615","1":"product","2":"type-product","3":"status-publish","4":"has-post-thumbnail","6":"product_cat-imagenes-profesores","7":"product_cat-terapias-manuales","8":"product_cat-cursos","9":"product_cat-online","10":"product_cat-online-marzo","11":"product_cat-online-abril","12":"product_cat-online-mayo","13":"product_cat-online-junio","14":"product_cat-online-julio","15":"product_tag-dismenorrea","16":"product_tag-montse-garcia","17":"product_tag-sindrome-premenstrual","18":"product_tag-terapias-manuales","19":"pa_ediciones-edicion-diciembre","20":"pa_ediciones-edicion-enero","21":"pa_ediciones-edicion-febrero","22":"pa_ediciones-edicion-marzo","23":"pa_ediciones-edicion-abril","24":"pa_ediciones-edicion-mayo","25":"pa_ediciones-edicion-junio","26":"pa_ediciones-edicion-julio","27":"pa_ediciones-edicion-agosto","28":"pa_ediciones-edicion-septiembre","29":"pa_ediciones-edicion-octubre","30":"pa_ediciones-edicion-noviembre","31":"pa_modalidad-online","32":"pa_modalidad-presencial","34":"first","35":"instock","36":"purchasable","37":"product-type-variable"},"_links":{"self":[{"href":"https:\/\/tienda.ismet.es\/index.php\/wp-json\/wp\/v2\/product\/6615","targetHints":{"allow":["GET"]}}],"collection":[{"href":"https:\/\/tienda.ismet.es\/index.php\/wp-json\/wp\/v2\/product"}],"about":[{"href":"https:\/\/tienda.ismet.es\/index.php\/wp-json\/wp\/v2\/types\/product"}],"replies":[{"embeddable":true,"href":"https:\/\/tienda.ismet.es\/index.php\/wp-json\/wp\/v2\/comments?post=6615"}],"wp:featuredmedia":[{"embeddable":true,"href":"https:\/\/tienda.ismet.es\/index.php\/wp-json\/wp\/v2\/media\/24285"}],"wp:attachment":[{"href":"https:\/\/tienda.ismet.es\/index.php\/wp-json\/wp\/v2\/media?parent=6615"}],"wp:term":[{"taxonomy":"product_brand","embeddable":true,"href":"https:\/\/tienda.ismet.es\/index.php\/wp-json\/wp\/v2\/product_brand?post=6615"},{"taxonomy":"product_cat","embeddable":true,"href":"https:\/\/tienda.ismet.es\/index.php\/wp-json\/wp\/v2\/product_cat?post=6615"},{"taxonomy":"product_tag","embeddable":true,"href":"https:\/\/tienda.ismet.es\/index.php\/wp-json\/wp\/v2\/product_tag?post=6615"}],"curies":[{"name":"wp","href":"https:\/\/api.w.org\/{rel}","templated":true}]}}