{"id":6596,"date":"2020-12-02T12:24:29","date_gmt":"2020-12-02T11:24:29","guid":{"rendered":"https:\/\/tienda.ismet.es\/?post_type=product&#038;p=6596"},"modified":"2026-04-21T09:18:56","modified_gmt":"2026-04-21T08:18:56","slug":"nutricion-y-alimentacion-saludable","status":"publish","type":"product","link":"https:\/\/tienda.ismet.es\/index.php\/producto\/nutricion-y-alimentacion-saludable\/","title":{"rendered":"&#8211; Nutrici\u00f3n y alimentaci\u00f3n saludable"},"content":{"rendered":"[vc_row][vc_column][vc_video link=&#8221;https:\/\/youtu.be\/VbKpWHvM2hU?si=YAv32DD2MYqQoq_O&#8221;][vc_column_text]\n<div class=\"woocommerce-product-details__short-description\">\n<hr \/>\n<p>Este programa formativo incluye dos m\u00f3dulos troncales:<\/p>\n<p><strong>DIET\u00c9TICA Y NUTRICI\u00d3N,<\/strong> de 3 meses de duraci\u00f3n, donde aprender\u00e1s las bases de la bioqu\u00edmica de la nutrici\u00f3n, focaliz\u00e1ndote en el estudio de los nutrientes (hidratos de carbono y fibra, prote\u00ednas, l\u00edpidos, vitaminas, minerales) y su importancia diet\u00e9tica desde una visi\u00f3n naturista. Conocer\u00e1s y aprender\u00e1s las caracter\u00edsticas de los nutrientes; tanto macronutrientes como micronutrientes, y comprender\u00e1s y asimilar\u00e1s los conceptos relacionados con la bioqu\u00edmica de la nutrici\u00f3n y los procesos de digesti\u00f3n, absorci\u00f3n y metabolismo de los nutrientes.<\/p>\n<p><strong>PAUTAS DE ALIMENTACI\u00d3N SALUDABLE<\/strong>, de 7 meses de duraci\u00f3n, donde introduciremos los principios fundamentales del criterio naturista aplicados a una alimentaci\u00f3n saludable. En este sentido, y partiendo de un estudio riguroso sobre est\u00e1s tres \u00e1reas, conocer\u00e1s los diferentes grupos de alimentos, el asesoramiento alimentario para las diferentes etapas del ciclo vital y por \u00faltimo las recomendaciones alimentarias para el desarrollo de la salud en los procesos patol\u00f3gicos, desde un criterio naturista. En la asignatura tambi\u00e9n se estudiar\u00e1n los diferentes enfoques naturistas sobre la alimentaci\u00f3n saludable: ayunos terap\u00e9uticos, dietas depurativas, combinaci\u00f3n alimentaria, salud de la microbiota intestinal, propuestas para equilibrar el pH (alcalinizar), entre otros.<br \/>\nEl objetivo fundamental es desarrollar la capacidad para poder elaborar programas de salud completos basados en la dietoterapia, desde un criterio naturista, tanto en la salud preventiva, como tambi\u00e9n en determinados procesos.<\/p>\n<hr \/>\n<p>Adem\u00e1s, tienes la posibilidad de complementar estos dos m\u00f3dulos troncales, con un amplio listado de \u00e1reas formativas que complementan y profundizan en distintas \u00e1reas directamente relacionadas:<\/p>\n<\/div>\n<div class=\"woocommerce-product-details__short-description\">\n<ul>\n<li>Talleres te\u00f3rico-pr\u00e1cticos de cocina terap\u00e9utica vegetariana, aplicada a diferentes procesos, como problemas digestivos, hipercolesterolemia, procesos oncol\u00f3gicos, y muchos m\u00e1s.<\/li>\n<li>Micoterapia.<\/li>\n<li>Auriculoterapia como acompa\u00f1amiento a las dietas y en est\u00e9tica.<\/li>\n<li>Alimentaci\u00f3n y salud.<\/li>\n<li>Hambre emocional.<\/li>\n<li>Equilibrio intestinal y su conexi\u00f3n con el cerebro.<\/li>\n<li>Test kinesiol\u00f3gico en alimentaci\u00f3n.<\/li>\n<li>Nutrici\u00f3n deportiva.<\/li>\n<li>Alimentaci\u00f3n infantil saludable.<\/li>\n<li>Dieta antiinflamatoria.<\/li>\n<li>Ayuno intermitente y dieta cetog\u00e9nica.<\/li>\n<\/ul>\n[\/vc_column_text][\/vc_column][\/vc_row]\n<\/div>\n","protected":false},"excerpt":{"rendered":"<p><span style=\"color: #7f7dd1;\" data-darkreader-inline-color=\"\"><strong>M\u00f3dulo Diet\u00e9tica y nutrici\u00f3n 3 meses (50h)<\/strong><br \/>\nGrupo online*<br \/>\nDel 11 de mayo 24 de julio de 2026<\/span><\/p>\n<hr \/>\n<p><span style=\"color: #7f7dd1;\" data-darkreader-inline-color=\"\"><strong>M\u00f3dulo Pautas de alimentaci\u00f3n saludable. 7 meses (110h)<\/strong><br \/>\nGrupo online*<br \/>\nDel 7 de septiembre de 2026 al 31 de marzo de 2027.<\/span><\/p>\n<hr \/>\n<p>Este programa formativo incluye dos m\u00f3dulos troncales<\/p>\n<hr \/>\n<p> Precio total: 1.480\u20ac*. Reserva de plaza 60\u20ac. Se fraccionar\u00e1 en 10 pagos de 142\u20ac mensuales, de mayo de 2026 a febrero de 2027.<\/p>\n<p>*incluye m\u00f3dulo de Diet\u00e9tica y Nutrici\u00f3n y Pautas de Alimentaci\u00f3n saludable. No incluye asignaturas optativas.<br \/>\n<a href=\"#tab-description\">Ver m\u00e1s informaci\u00f3n<\/a><\/p>\n<hr \/>\n","protected":false},"featured_media":23925,"comment_status":"open","ping_status":"closed","template":"","meta":{"_joinchat":[]},"product_brand":[],"product_cat":[617,82,184,98,180,202,198],"product_tag":[505,571,569,328,568,570,910],"class_list":{"0":"post-6596","1":"product","2":"type-product","3":"status-publish","4":"has-post-thumbnail","6":"product_cat-imagenes-profesores","7":"product_cat-naturopatia","8":"product_cat-alimentacion-saludable","9":"product_cat-cursos","10":"product_cat-online","11":"product_cat-online-mayo","12":"product_cat-presencial-mayo","13":"product_tag-aurora-roman","14":"product_tag-cocina-saludable","15":"product_tag-dietetica","16":"product_tag-nutricion","17":"product_tag-pautas","18":"product_tag-pautas-de-alimentacion","19":"product_tag-talleres-cocina","20":"pa_modalidad-online","21":"pa_modalidad-presencial","23":"first","24":"instock","25":"purchasable","26":"product-type-simple"},"_links":{"self":[{"href":"https:\/\/tienda.ismet.es\/index.php\/wp-json\/wp\/v2\/product\/6596","targetHints":{"allow":["GET"]}}],"collection":[{"href":"https:\/\/tienda.ismet.es\/index.php\/wp-json\/wp\/v2\/product"}],"about":[{"href":"https:\/\/tienda.ismet.es\/index.php\/wp-json\/wp\/v2\/types\/product"}],"replies":[{"embeddable":true,"href":"https:\/\/tienda.ismet.es\/index.php\/wp-json\/wp\/v2\/comments?post=6596"}],"wp:featuredmedia":[{"embeddable":true,"href":"https:\/\/tienda.ismet.es\/index.php\/wp-json\/wp\/v2\/media\/23925"}],"wp:attachment":[{"href":"https:\/\/tienda.ismet.es\/index.php\/wp-json\/wp\/v2\/media?parent=6596"}],"wp:term":[{"taxonomy":"product_brand","embeddable":true,"href":"https:\/\/tienda.ismet.es\/index.php\/wp-json\/wp\/v2\/product_brand?post=6596"},{"taxonomy":"product_cat","embeddable":true,"href":"https:\/\/tienda.ismet.es\/index.php\/wp-json\/wp\/v2\/product_cat?post=6596"},{"taxonomy":"product_tag","embeddable":true,"href":"https:\/\/tienda.ismet.es\/index.php\/wp-json\/wp\/v2\/product_tag?post=6596"}],"curies":[{"name":"wp","href":"https:\/\/api.w.org\/{rel}","templated":true}]}}