{"id":6480,"date":"2020-11-26T13:52:24","date_gmt":"2020-11-26T12:52:24","guid":{"rendered":"https:\/\/tienda.ismet.es\/?post_type=product&#038;p=6480"},"modified":"2026-02-26T10:11:51","modified_gmt":"2026-02-26T09:11:51","slug":"nutricion-ortomolecular-complementacion-nutricional","status":"publish","type":"product","link":"https:\/\/tienda.ismet.es\/index.php\/producto\/nutricion-ortomolecular-complementacion-nutricional\/","title":{"rendered":"&#8211; Complementaci\u00f3n nutricional, (vitaminas, minerales, probi\u00f3ticos y otros suplementos especiales)"},"content":{"rendered":"[vc_row][vc_column][vc_video link=&#8221;&#8221;][vc_column_text]\n<div class=\"woocommerce-product-details__short-description\">\n<h4>Objetivos<\/h4>\n<p>Conseguir el conocimiento suficiente para poder elaborar desde la base, que ser\u00e1 una dieta correcta, el soporte necesario con complementos diet\u00e9ticos, cuando sea preciso, para obtener los niveles nutricionales \u00f3ptimos requeridos en una persona para prevenir o tratar patolog\u00edas. Para ello, ser\u00e1 necesario, saber identificar los s\u00edndromes comunes de deficiencias nutricionales y conocer la funci\u00f3n en el organismo humano de cada uno de los mencionados nutrientes, las indicaciones potenciales de su uso como complemento diet\u00e9tico, sus niveles de ingesta recomendada, interacciones, precauciones y contraindicaciones, si los hubiera.<\/p>\n<\/div>\n<hr \/>\n[\/vc_column_text][\/vc_column][\/vc_row]\n","protected":false},"excerpt":{"rendered":"<p><strong>Modalidad presencial y online. <\/strong><span style=\"color: #7f7dd1;\" data-darkreader-inline-color=\"\"><br \/>\n<\/span><\/p>\n<p><u>Complementaci\u00f3n nutricional: minerales, probi\u00f3ticos y otros suplementos especiales.<\/u><br \/>\nDe marzo a julio 2026.<br \/>\nHorario: de 9:30 a 12:30 horas.<br \/>\n(Los jueves, del 5 marzo al 9 julio de 2026).<\/p>\n<hr \/>\n<p><u>Complementaci\u00f3n nutricional: vitaminas.<\/u><br \/>\nDe octubre 2026 a febrero 2027.<br \/>\n(Los jueves, del 8 octubre 2026 al 25 febrero 2027).<br \/>\nHorario: de 9:30 a 12:30 horas.<\/p>\n<hr \/>\n<p>Precio total: 1380\u20ac (m\u00f3dulo I y II). El importe restante del curso se domiciliar\u00e1 en 10 pagos de 132\u20ac\/mes, a partir del mes de inicio del curso,<br \/>\npor domiciliaci\u00f3n bancaria.<\/p>\n<hr \/>\n<p>Por una parte, saber identificar los s\u00edndromes comunes de deficiencias nutricionales y, por otra, conocer la funci\u00f3n en el organismo humano&#8230;(<a href=\"#tab-description\">Ver m\u00e1s informaci\u00f3n<\/a>)<\/p>\n","protected":false},"featured_media":6730,"comment_status":"open","ping_status":"closed","template":"","meta":{"_joinchat":[]},"product_brand":[],"product_cat":[82,184,98,180,201,224,179,196,227],"product_tag":[565,603,604,575,602],"class_list":{"0":"post-6480","1":"product","2":"type-product","3":"status-publish","4":"has-post-thumbnail","6":"product_cat-naturopatia","7":"product_cat-alimentacion-saludable","8":"product_cat-cursos","9":"product_cat-online","10":"product_cat-online-marzo","11":"product_cat-online-octubre","12":"product_cat-cursos-presenciales","13":"product_cat-presencial-marzo","14":"product_cat-presencial-octubre","15":"product_tag-complementacion-nutricional","16":"product_tag-minerales","17":"product_tag-probioticos","18":"product_tag-suplementos","19":"product_tag-vitaminas","20":"pa_modalidad-online","21":"pa_modalidad-presencial","23":"first","24":"instock","25":"purchasable","26":"product-type-variable"},"_links":{"self":[{"href":"https:\/\/tienda.ismet.es\/index.php\/wp-json\/wp\/v2\/product\/6480","targetHints":{"allow":["GET"]}}],"collection":[{"href":"https:\/\/tienda.ismet.es\/index.php\/wp-json\/wp\/v2\/product"}],"about":[{"href":"https:\/\/tienda.ismet.es\/index.php\/wp-json\/wp\/v2\/types\/product"}],"replies":[{"embeddable":true,"href":"https:\/\/tienda.ismet.es\/index.php\/wp-json\/wp\/v2\/comments?post=6480"}],"wp:featuredmedia":[{"embeddable":true,"href":"https:\/\/tienda.ismet.es\/index.php\/wp-json\/wp\/v2\/media\/6730"}],"wp:attachment":[{"href":"https:\/\/tienda.ismet.es\/index.php\/wp-json\/wp\/v2\/media?parent=6480"}],"wp:term":[{"taxonomy":"product_brand","embeddable":true,"href":"https:\/\/tienda.ismet.es\/index.php\/wp-json\/wp\/v2\/product_brand?post=6480"},{"taxonomy":"product_cat","embeddable":true,"href":"https:\/\/tienda.ismet.es\/index.php\/wp-json\/wp\/v2\/product_cat?post=6480"},{"taxonomy":"product_tag","embeddable":true,"href":"https:\/\/tienda.ismet.es\/index.php\/wp-json\/wp\/v2\/product_tag?post=6480"}],"curies":[{"name":"wp","href":"https:\/\/api.w.org\/{rel}","templated":true}]}}