{"id":6243,"date":"2020-11-12T12:57:05","date_gmt":"2020-11-12T11:57:05","guid":{"rendered":"https:\/\/tienda.ismet.es\/?post_type=product&#038;p=6243"},"modified":"2026-03-11T12:35:41","modified_gmt":"2026-03-11T11:35:41","slug":"ayuno-intermitente-y-dieta-cetogenica","status":"publish","type":"product","link":"https:\/\/tienda.ismet.es\/index.php\/producto\/ayuno-intermitente-y-dieta-cetogenica\/","title":{"rendered":"&#8211; Ayuno intermitente y dieta cetog\u00e9nica"},"content":{"rendered":"[vc_row][vc_column][vc_video link=&#8221;https:\/\/youtu.be\/SovJQzYGZwU&#8221;][vc_column_text]\n<hr \/>\n<div class=\"woocommerce-product-details__short-description\">\n<p class=\"curso\">El actual inter\u00e9s por el Ayuno Intermitente (A.I.) deriva de las ventajas que ofrece esta \u201cotra\u201d manera de alimentarse que comporta una restricci\u00f3n en el n\u00famero de horas en que nos permitimos comer a lo largo del d\u00eda o bien en el n\u00famero de d\u00edas que comemos a la semana.<br \/>\n\u2013 Las ventajas que est\u00e1 demostrando la pr\u00e1ctica de esta dieta van desde la longevidad, a la p\u00e9rdida de peso, la prevenci\u00f3n cardiovascular y neurodegenerativa, mejora de la resistencia a la insulina y de la microbiota entre otras\u2026<br \/>\n\u2013 La fundamentaci\u00f3n cient\u00edfica que sostiene el A. I. parte de la Restricci\u00f3n Alimentaria Intermitente (TRF=Time Restricting Feeding), un nuevo enfoque diet\u00e9tico surgido de una parte de la Cronobiolog\u00eda (Aschoff &amp; Pittendrigh) y de la moderna ciencia derivada:<br \/>\nla Crononutrici\u00f3n; y, de otra, de los estudios sobre la autofagia celular que confirieron al investigador japon\u00e9s Yoshinori Oshumi el Premio Nobel de Medicina en 2016.<br \/>\n\u2013 Y, aunque parezca contradictorio, son muchos los autores que recomiendan en estas fases de ayuno<br \/>\nintercalar peque\u00f1as tomas de suplementos nutricionales como los \u00e1cidos grasos, los amino\u00e1cidos o la fitoterapia drenadora para optimizar su actividad detoxificante y regeneradora.<br \/>\n\u2013 Por lo que hace a Dieta cetogenica o Dieta Keto aunque a nivel cl\u00ednico se empez\u00f3 a utilizar por sus excelentes resultados en el tratamiento de las epilepsias refractarias en ni\u00f1os, son muchos los estudios posteriores que empezaron a demostrar que cuando el organismo pasa de un metabolismo gluc\u00eddico (dependiente de hidratos de carbono) a un metabolismo esencialmente lip\u00eddico. (dependiente de grasas) se producen unos beneficios a\u00f1adidos respecto al peso, diabetes, c\u00e1ncer o capacidades cognitivas en los individuos. En el estudio del Dr Stephen Phinney (2005) ya se se\u00f1alaban algunas<br \/>\nde las mencionadas virtudes de la Dieta Keto.<br \/>\n\u2013 Tambi\u00e9n la Suplementaci\u00f3n Nutricional tiene un papel en la Dieta Keto a la hora de corregir algunos efectos secundarios entre los que se encuentran, entre otros, el estre\u00f1imiento y ciertos problemas de digestibilidad.<\/p>\n<\/div>\n<hr \/>\n<h4>Objetivos<\/h4>\n<p>Proporcionar al alumnado las principales herramientas de Nutrici\u00f3n y Suplementaci\u00f3n \u00f3ptimas para recomendar a las personas un Ayuno Intermitente y\/o una Dieta Cetog\u00e9nica<\/p>\n<hr \/>\n<h4>Programa del Curso<\/h4>\n<p>A) AYUNO INTERMITENTE (=AI)<br \/>\n\u2013 Mi ayuno de 28 d\u00edas.<br \/>\n\u2013 El ayuno en las culturas.<br \/>\n\u2013 Inter\u00e9s actual por el ayuno intermitente (=AI)<br \/>\n\u2013 Ayuno intermitente: Cronobiolog\u00eda y Crononutrici\u00f3n<br \/>\n\u2013 AYUNO INTERMITENTE: Tipolog\u00edas<br \/>\nEl Ayuno 12\/12<br \/>\nEl Ayuno 16\/8<br \/>\nEl ayuno de 24 h<br \/>\nEl semiayuno o dieta 5:2<br \/>\nAyuno con sirope de savia<br \/>\n\u2013 Fundamentos fisiol\u00f3gicos del A. I.<br \/>\nCambios percibidos por el organismo en el Ayuno<br \/>\n\u00bfC\u00f3mo se mantiene la nutrici\u00f3n celular en el Ayuno?<br \/>\nEstudios experimentales<br \/>\nPapel de los cuerpos cet\u00f3nicos en el Ayuno<br \/>\nArt\u00edculos cient\u00edficos<br \/>\nRespuesta biol\u00f3gica del organismo al ayuno<br \/>\nLa Autofagia (Yoshinori Oshumi, Premio Nobel,2016)<br \/>\n\u2013 Algunos estudios experimentales con A. I.<br \/>\n\u2013 Dieta de RESTRICCI\u00d3N CAL\u00d3RICA y papel de las Sirtuinas.<br \/>\n\u2013 Beneficios del A. I. para la salud.<br \/>\nEn la obesidad, diabetes y resistencia a la insulina.<br \/>\nEn el sistema cardiovascular<br \/>\nEn las enfermedades neurol\u00f3gicas<br \/>\nEn autoinmunes como asma, artritis o Esclerosis M\u00faltiple<br \/>\nEn apoyo oncol\u00f3gico<br \/>\n\u2013 Posibles efectos secundarios y contraindicaciones A. I.<br \/>\n\u2013 Resumen de las ventajas del A. I.<br \/>\n\u2013 Dieta aconsejada tras el A.I.<br \/>\n\u2013 Apoyo del A.I. con FITO-ORTOMOLECULAR<br \/>\n\u2013 Bibliograf\u00eda y webgraf\u00eda sobre A.I.<\/p>\n<p>B) DIETA CETOG\u00c9NICA (=DK)<br \/>\nLa dieta CETOGENICA o DIETA KETO (=DK)<br \/>\n\u00bfQu\u00e9 es la DIETA KETO?<br \/>\nCambios percibidos en la DIETA KETO<br \/>\nComposici\u00f3n de la DIETA KETO<br \/>\nAlimentos permitidos<br \/>\nRiesgos de la DK<br \/>\nEjemplos de DIETAS KETO<br \/>\nFases y control de la DK<br \/>\nSuplementos \u00fatiles en la DK<br \/>\nFAQS (preguntas frecuentes) en la DK<br \/>\nBibliograf\u00eda &amp; Webgraf\u00eda sobre DK<\/p>\n<hr \/>\n<p><!--\n\n\n<h4>Impartido por: Enric Ser<\/h4>\n\n\nDiplomado en Terapias Naturales (Universidad Aut\u00f3noma de Barcelona y por el Real centro Universitario Reina M\u00aa Cristina de Madrid). Dr. in Naturopathy por la American University of Natural Medic (Florida\/EUA). T\u00e9cnica Higienista por Nature et Vie (Lorient-France). Profesor titular del \u00e1rea de Terapia Ortomolecular en ISMET. Profesor colaborador en diversos cursos Posgrado de la Escuela Universitaria de Ciencias de la Salud de Vic (Barcelona) y de la Escuela de Enfermer\u00eda Gimbernat (Sant Cugat-Barcelona). Autor de diversos libros ya publicados de Terapia Biol\u00f3gica e Historia de la Medicina y ex-colaborador de distintas publicaciones del sector (Cuerpomente, Vital, Vivir con salud, Diet\u00e9tica y salud). Premio Nacional de Investigaci\u00f3n Educativa del Ministerio de Educaci\u00f3n y Ciencia...-->[\/vc_column_text][\/vc_column][\/vc_row]\n","protected":false},"excerpt":{"rendered":"<p>Modalidad online. (fechas a escoger).<span style=\"color: #7f7dd1;\" data-darkreader-inline-color=\"\"><strong><br \/>\n\u2022 Del 2 al 31 de marzo 2026.<br \/>\n\u2022 Del 1 al 30 de abril 2026.<br \/>\n\u2022 Del 4 al 31 de mayo 2026.<br \/>\n\u2022 Del 1 al 30 de junio 2026.<br \/>\n\u2022 Del 1 al 30 de julio 2026.<br \/>\n<\/strong><\/span><\/p>\n<hr \/>\n<p>Proporcionar al alumnado las principales herramientas de nutrici\u00f3n y suplementaci\u00f3n \u00f3ptimas para recomendar a las personas un Ayuno Intermitente y\/o una Dieta Cetog\u00e9nica&#8230;(<a href=\"#tab-description\">Ver m\u00e1s informaci\u00f3n<\/a>)<\/p>\n<hr \/>\n","protected":false},"featured_media":26611,"comment_status":"open","ping_status":"closed","template":"","meta":{"_joinchat":[]},"product_brand":[],"product_cat":[223,617,82,184,98,180,201,205,202,203,204,179],"product_tag":[317,887,319,318,906,219],"class_list":{"0":"post-6243","1":"product","2":"type-product","3":"status-publish","4":"has-post-thumbnail","6":"product_cat-black-friday","7":"product_cat-imagenes-profesores","8":"product_cat-naturopatia","9":"product_cat-alimentacion-saludable","10":"product_cat-cursos","11":"product_cat-online","12":"product_cat-online-marzo","13":"product_cat-online-abril","14":"product_cat-online-mayo","15":"product_cat-online-junio","16":"product_cat-online-julio","17":"product_cat-cursos-presenciales","18":"product_tag-ayuno","19":"product_tag-ayuno-intermitente","20":"product_tag-cetogenica","21":"product_tag-dieta","22":"product_tag-dieta-cetogenica","23":"product_tag-enric-ser","24":"pa_ediciones-edicion-diciembre","25":"pa_ediciones-edicion-enero","26":"pa_ediciones-edicion-febrero","27":"pa_ediciones-edicion-marzo","28":"pa_ediciones-edicion-abril","29":"pa_ediciones-edicion-mayo","30":"pa_ediciones-edicion-junio","31":"pa_ediciones-edicion-julio","32":"pa_ediciones-edicion-agosto","33":"pa_ediciones-edicion-septiembre","34":"pa_ediciones-edicion-octubre","35":"pa_ediciones-edicion-noviembre","36":"pa_modalidad-online","38":"first","39":"instock","40":"purchasable","41":"product-type-variable"},"_links":{"self":[{"href":"https:\/\/tienda.ismet.es\/index.php\/wp-json\/wp\/v2\/product\/6243","targetHints":{"allow":["GET"]}}],"collection":[{"href":"https:\/\/tienda.ismet.es\/index.php\/wp-json\/wp\/v2\/product"}],"about":[{"href":"https:\/\/tienda.ismet.es\/index.php\/wp-json\/wp\/v2\/types\/product"}],"replies":[{"embeddable":true,"href":"https:\/\/tienda.ismet.es\/index.php\/wp-json\/wp\/v2\/comments?post=6243"}],"wp:featuredmedia":[{"embeddable":true,"href":"https:\/\/tienda.ismet.es\/index.php\/wp-json\/wp\/v2\/media\/26611"}],"wp:attachment":[{"href":"https:\/\/tienda.ismet.es\/index.php\/wp-json\/wp\/v2\/media?parent=6243"}],"wp:term":[{"taxonomy":"product_brand","embeddable":true,"href":"https:\/\/tienda.ismet.es\/index.php\/wp-json\/wp\/v2\/product_brand?post=6243"},{"taxonomy":"product_cat","embeddable":true,"href":"https:\/\/tienda.ismet.es\/index.php\/wp-json\/wp\/v2\/product_cat?post=6243"},{"taxonomy":"product_tag","embeddable":true,"href":"https:\/\/tienda.ismet.es\/index.php\/wp-json\/wp\/v2\/product_tag?post=6243"}],"curies":[{"name":"wp","href":"https:\/\/api.w.org\/{rel}","templated":true}]}}