{"id":6169,"date":"2020-11-09T10:23:24","date_gmt":"2020-11-09T09:23:24","guid":{"rendered":"https:\/\/tienda.ismet.es\/?post_type=product&#038;p=6169"},"modified":"2026-03-11T12:36:03","modified_gmt":"2026-03-11T11:36:03","slug":"prevencion-de-las-viriasis-respiratorias-covid-19-y-otros-con-fitoterapia-y-ortomolecular","status":"publish","type":"product","link":"https:\/\/tienda.ismet.es\/index.php\/producto\/prevencion-de-las-viriasis-respiratorias-covid-19-y-otros-con-fitoterapia-y-ortomolecular\/","title":{"rendered":"&#8211; Prevenci\u00f3n de las viriasis respiratorias (covid-19 y otros), con fitoterapia y ortomolecular"},"content":{"rendered":"[vc_row][vc_column][vc_video link=&#8221;https:\/\/youtu.be\/HDLpArJNdTI&#8221;][vc_column_text]\n<hr \/>\n<div class=\"woocommerce-product-details__short-description\">\n<ul>\n<li>El SARS CoV-2 o Coronavirus del S\u00edndrome Agudo Respiratorio Severo Tipo 2 es la forma v\u00edrica que ha desarrollado la Covid-19 o Enfermedad por el Coronavirus de 2019.<\/li>\n<li>La pandemia se origin\u00f3 en la ciudad de Wuhan (regi\u00f3n de Hubei, al este de China) a partir de diciembre de 2019 y fue alcanzando progresivamente a todo el planeta a lo largo de 2020 con millones de afectados y miles de fallecidos.<\/li>\n<li>Este suceso nos ha llevado a plantear este taller que tiene como objetivo el estudio, no s\u00f3lo de la Covid-19 sino tambi\u00e9n de las principales viriasis Respiratorias como por ejemplo las gripes para ofrecer alternativas de Criterio Naturista que las prevengan y acompa\u00f1en en su tratamiento con un conjunto de recursos fito-ortomoleculares, homeop\u00e1ticos y de biosales que potencien el Sistema Inmunitario, fortaleciendo y modulando.<\/li>\n<\/ul>\n<hr \/>\n<h4>Objetivos<\/h4>\n<ul>\n<li>Conocimientos de Epidemiolog\u00eda en torno a las viriasis<\/li>\n<li>Explicar los mecanismos de replicaci\u00f3n v\u00edrica en las c\u00e9lulas sanas.<\/li>\n<li>Conocimientos de Estad\u00edstica y comportamiento de las Pandemias.<\/li>\n<li>Herramientas de identificaci\u00f3n de la afecci\u00f3n por Covid-19: Signos y S\u00edntomas.<\/li>\n<li>Un conjunto de tratamientos preventivos y de acompa\u00f1amiento validados y contrastados con Terapia Fito-Ortomolecular para abordar el Covid-19, junto a otras viriasis (gripes, etc.)<\/li>\n<\/ul>\n<\/div>\n<hr \/>\n<h4>Programa<\/h4>\n<ol class=\"cursos\">\n<li style=\"list-style-type: none;\">\n<ol class=\"cursos\">\n<li>RECORRIDO POR LAS PANDEMIAS DE LA HISTORIA:<\/li>\n<li>ESTUDIO DE LOS MECANISMOS DE REPLICACI\u00d3N V\u00cdRICA (Virolog\u00eda)<\/li>\n<li>EPIDEMIOLOG\u00cdA Y ESTAD\u00cdSTICAS<\/li>\n<li>SIGNOS Y S\u00cdNTOMAS DEL SARS COV-2.<\/li>\n<li>TRATAMIENTOS DE LA MEDICINA CONVENCIONAL<\/li>\n<li>PREVENCI\u00d3N Y ACOMPA\u00d1AMIENTO CON NUTRICI\u00d3N FITO-ORTOMOLECULAR<\/li>\n<li>ANEXOS<\/li>\n<\/ol>\n<\/li>\n<\/ol>\n<ol class=\"cursos\">\n<li style=\"list-style-type: none;\"><\/li>\n<\/ol>\n<hr \/>\n<p><!--\n\n\n<h4>Impartido por: Enric Ser<\/h4>\n\n\nDiplomado en Terapias Naturales (Universidad Aut\u00f3noma de Barcelona y por el Real centro Universitario Reina M\u00aa Cristina de Madrid). Dr. in Naturopathy por la American University of Natural Medic (Florida\/EUA). T\u00e9cnica Higienista por Nature et Vie (Lorient-France). Profesor titular del \u00e1rea de Terapia Ortomolecular en ISMET. Profesor colaborador en diversos cursos Posgrado de la Escuela Universitaria de Ciencias de la Salud de Vic (Barcelona) y de la Escuela de Enfermer\u00eda Gimbernat (Sant Cugat-Barcelona). Autor de diversos libros ya publicados de Terapia Biol\u00f3gica e Historia de la Medicina y ex-colaborador de distintas publicaciones del sector (Cuerpomente, Vital, Vivir con salud, Diet\u00e9tica y salud). Premio Nacional de Investigaci\u00f3n Educativa del Ministerio de Educaci\u00f3n y Ciencia.-->[\/vc_column_text][\/vc_column][\/vc_row]\n","protected":false},"excerpt":{"rendered":"<p>Modalidad online.<span style=\"color: #7f7dd1;\"><strong><br \/>\nDel 2 al 31 de marzo 2026.<br \/>\nDel 1 al 30 de abril 2026.<br \/>\nDel 4 al 31 de mayo 2026.<br \/>\nDel 1 al 30 de junio 2026.<br \/>\nDel 1 al 30 de julio 2026.<br \/>\n<\/strong><\/span><\/p>\n<hr \/>\n<p>Conocimientos de Epidemiolog\u00eda en torno a las viriasis. Explicar los mecanismos de replicaci\u00f3n v\u00edrica en las c\u00e9lulas sanas&#8230; (<a href=\"#tab-description\">Ver m\u00e1s informaci\u00f3n<\/a>)<\/p>\n","protected":false},"featured_media":6171,"comment_status":"open","ping_status":"closed","template":"","meta":{"_joinchat":[]},"product_brand":[],"product_cat":[223,617,82,184,98,180,201,205,202,203,204],"product_tag":[704,219,573,705,528,703],"class_list":{"0":"post-6169","1":"product","2":"type-product","3":"status-publish","4":"has-post-thumbnail","6":"product_cat-black-friday","7":"product_cat-imagenes-profesores","8":"product_cat-naturopatia","9":"product_cat-alimentacion-saludable","10":"product_cat-cursos","11":"product_cat-online","12":"product_cat-online-marzo","13":"product_cat-online-abril","14":"product_cat-online-mayo","15":"product_cat-online-junio","16":"product_cat-online-julio","17":"product_tag-covid-19","18":"product_tag-enric-ser","19":"product_tag-fitoterapia","20":"product_tag-ortomolecular","21":"product_tag-prevencion","22":"product_tag-viriasis-respiratorias","23":"pa_ediciones-edicion-diciembre","24":"pa_ediciones-edicion-enero","25":"pa_ediciones-edicion-febrero","26":"pa_ediciones-edicion-marzo","27":"pa_ediciones-edicion-abril","28":"pa_ediciones-edicion-mayo","29":"pa_ediciones-edicion-junio","30":"pa_ediciones-edicion-julio","32":"first","33":"instock","34":"purchasable","35":"product-type-variable"},"_links":{"self":[{"href":"https:\/\/tienda.ismet.es\/index.php\/wp-json\/wp\/v2\/product\/6169","targetHints":{"allow":["GET"]}}],"collection":[{"href":"https:\/\/tienda.ismet.es\/index.php\/wp-json\/wp\/v2\/product"}],"about":[{"href":"https:\/\/tienda.ismet.es\/index.php\/wp-json\/wp\/v2\/types\/product"}],"replies":[{"embeddable":true,"href":"https:\/\/tienda.ismet.es\/index.php\/wp-json\/wp\/v2\/comments?post=6169"}],"wp:featuredmedia":[{"embeddable":true,"href":"https:\/\/tienda.ismet.es\/index.php\/wp-json\/wp\/v2\/media\/6171"}],"wp:attachment":[{"href":"https:\/\/tienda.ismet.es\/index.php\/wp-json\/wp\/v2\/media?parent=6169"}],"wp:term":[{"taxonomy":"product_brand","embeddable":true,"href":"https:\/\/tienda.ismet.es\/index.php\/wp-json\/wp\/v2\/product_brand?post=6169"},{"taxonomy":"product_cat","embeddable":true,"href":"https:\/\/tienda.ismet.es\/index.php\/wp-json\/wp\/v2\/product_cat?post=6169"},{"taxonomy":"product_tag","embeddable":true,"href":"https:\/\/tienda.ismet.es\/index.php\/wp-json\/wp\/v2\/product_tag?post=6169"}],"curies":[{"name":"wp","href":"https:\/\/api.w.org\/{rel}","templated":true}]}}