{"id":6027,"date":"2020-11-03T14:30:04","date_gmt":"2020-11-03T13:30:04","guid":{"rendered":"https:\/\/tienda.ismet.es\/?post_type=product&#038;p=6027"},"modified":"2026-02-17T12:02:03","modified_gmt":"2026-02-17T11:02:03","slug":"masaje-rejuvenecimiento-facial-japones-ii-avanzado","status":"publish","type":"product","link":"https:\/\/tienda.ismet.es\/index.php\/producto\/masaje-rejuvenecimiento-facial-japones-ii-avanzado\/","title":{"rendered":"&#8211; Masaje rejuvenecimiento facial japon\u00e9s nivel II"},"content":{"rendered":"<p>Masaje rejuvenecimiento facial [vc_row][vc_column][vc_video link=&#8221;https:\/\/www.youtube.com\/watch?v=Pd8U0syx1Pk&#8221;][vc_column_text]\n<hr \/>\n<div class=\"woocommerce-product-details__short-description\">El masaje de rejuvenecimiento facial japon\u00e9s fue desarrollado para aumentar la salud y la longevidad, poniendo \u00e9nfasis en la prevenci\u00f3n antes que en la cura. Correctamente administrado, aumenta la belleza (ayuda a prevenir arrugas y manchas de edad), remueve toxinas del rostro y equilibra el Chi o energ\u00eda vital para mejorar la salud general. Este masaje es un tratamiento facial de rejuvenecimiento de gran alcance.<br \/>\nEs una rama de la Medicina Tradicional Japonesa, como Anma y la Acupuntura. Una combinaci\u00f3n profunda de conceptos m\u00e9dicos asi\u00e1ticos tradicionales y de t\u00e9cnicas faciales japonesas tradicionales del masaje. Ayuda a liberar la energ\u00eda y la tensi\u00f3n bloqueada en los m\u00fasculos faciales, principales y del cuello. El masaje ayuda a rejuvenecer y reparar el tejido facial y previene y reduce el impacto del proceso del envejecimiento. Con un tacto r\u00e1pido y r\u00edtmico, se estimula el sistema nervioso, se mejora la circulaci\u00f3n de la sangre y el flujo linf\u00e1tico, se consolidan y se entonan los m\u00fasculos, y se equilibra el flujo de la energ\u00eda en la cara.<\/p>\n<hr \/>\n<h4>Objetivos<\/h4>\n<p>Es un masaje dirigido a mejorar el aspecto de nuestro rostro, y al tratar de mantener una \u00f3ptima salud, que \u00e9sta se vea reflejada en una piel tersa y sin manchas. Este masaje es diferente de cualquier otro masaje facial. La mayor\u00eda de los m\u00e9todos utilizados en Occidente solamente trabajan la superficie de la cara para relajar y restaurar los tejidos finos.<\/p>\n<p>El masaje facial japon\u00e9s se centra en la condici\u00f3n de la piel, los m\u00fasculos subcut\u00e1neos y el Chi, la energ\u00eda vital. El prop\u00f3sito de este masaje es trabajar de manera espec\u00edfica y precisa con los meridianos faciales y puntos de acupresi\u00f3n para alcanzar un equilibrio en toda la piel del rostro y los m\u00fasculos faciales.<\/p>\n<p>Es una rica combinaci\u00f3n de modernos m\u00e9todos faciales y conceptos asi\u00e1ticos tradicionales. Movimientos de percusi\u00f3n r\u00e1pidos, amasamiento, digito presi\u00f3n, golpecitos, diagn\u00f3stico facial y terapia de los meridianos y puntos de acupuntura se combinan estrat\u00e9gicamente para crear un tratamiento facial revolucionario. Las etapas del tratamiento comprenden: Masaje y Energ\u00eda. La etapa del masaje se compone de t\u00e9cnicas de manipulaci\u00f3n facial suaves y profundas, a la vez que preparan al rostro para la segunda fase, que produce un efecto de lifting natural sin la necesidad de utilizar agujas como en la acupuntura (y sin los efectos de un procedimiento quir\u00fargico).<\/p>\n<\/div>\n<hr \/>\n<h4>Programa del Curso<\/h4>\n<ol>\n<li>Perfeccionamiento de las t\u00e9cnicas del nivel I T\u00e9cnicas faciales japonesas del masaje.<\/li>\n<li>T\u00e9cnicas del masaje para las t\u00e9cnicas posteriores del masaje, del cuello, de la cabeza y del cuero cabelludo<\/li>\n<li>C\u00f3mo combinar todas las t\u00e9cnicas (niveles I y II) para crear un tratamiento facial japon\u00e9s completo del masaje.<\/li>\n<\/ol>\n<hr \/>\n<p><!--\n\n\n<h4>Impartido por: Ana S\u00e1nchez Alba<\/h4>\n\n\nFormadora de la T\u00e9cnica de Rejuvenecimiento facial japon\u00e9s. Ponente y divulgadora de esta t\u00e9cnica, en ferias del sector (COSMOBEAUTY Barcelona). Formaci\u00f3n especializada en t\u00e9cnicas y tratamientos de est\u00e9tica Facial, en multireflexolog\u00edas Dien Chan y Facioest\u00e9tica Chan\u2019beaut\u00e9. Tambi\u00e9n es T\u00e9cnica en Herbodiet\u00e9tica y \u00e1reas de Naturopat\u00eda, especializada en asesoramiento nutricional. Tambi\u00e9n est\u00e1 especializada en t\u00e9cnicas de PNL, Coaching e inteligencia emocional. Actualmente combina su trabajo en consulta\/cabina con la docencia.-->[\/vc_column_text][\/vc_column][\/vc_row]\n","protected":false},"excerpt":{"rendered":"<p>Modalidad presencial. <span style=\"color: #7f7dd1;\"><strong><br \/>\n<\/strong><\/span><strong>Masaje facial Japon\u00e9s (15h).<\/strong><span style=\"color: #7f7dd1;\"><strong><br \/>\n. lunes 13, 20 y 27 de abril 2026. Horario: de 9:30 a 14:30 h.<br \/>\n<\/strong><\/span><\/p>\n<hr \/>\n<p>Precio total: 278\u20ac. Reserva de plaza de 50\u20ac. El importe restante se abonar\u00e1 en efectivo o tarjeta el 1er d\u00eda de curso. (El importe no se devolver\u00e1 en caso de anulaci\u00f3n por parte del alumno).<\/p>\n<hr \/>\n<p>El masaje de rejuvenecimiento facial japon\u00e9s aumenta la belleza (ayuda a prevenir arrugas y manchas de edad), remueve toxinas del rostro y equilibra el Chi o energ\u00eda vital para mejorar la salud general. (<a href=\"#tab-description\">Ver m\u00e1s informaci\u00f3n<\/a>)<\/p>\n","protected":false},"featured_media":31637,"comment_status":"open","ping_status":"closed","template":"","meta":{"_joinchat":[]},"product_brand":[],"product_cat":[617,90,89,182,98,179,197],"product_tag":[365,363,357,364,392],"class_list":{"0":"post-6027","1":"product","2":"type-product","3":"status-publish","4":"has-post-thumbnail","6":"product_cat-imagenes-profesores","7":"product_cat-medicina-china-y-acupuntura","8":"product_cat-terapias-manuales","9":"product_cat-wellness-y-estetica","10":"product_cat-cursos","11":"product_cat-cursos-presenciales","12":"product_cat-presencial-abril","13":"product_tag-facial","14":"product_tag-kobido","15":"product_tag-masaje","16":"product_tag-masaje-rejuvenecimiento","17":"product_tag-rejuvenecimiento","18":"pa_ediciones-edicion-diciembre","19":"pa_ediciones-edicion-febrero","20":"pa_ediciones-edicion-marzo","21":"pa_ediciones-edicion-abril","22":"pa_ediciones-edicion-mayo","23":"pa_ediciones-edicion-septiembre","25":"first","26":"instock","27":"purchasable","28":"product-type-variable"},"_links":{"self":[{"href":"https:\/\/tienda.ismet.es\/index.php\/wp-json\/wp\/v2\/product\/6027","targetHints":{"allow":["GET"]}}],"collection":[{"href":"https:\/\/tienda.ismet.es\/index.php\/wp-json\/wp\/v2\/product"}],"about":[{"href":"https:\/\/tienda.ismet.es\/index.php\/wp-json\/wp\/v2\/types\/product"}],"replies":[{"embeddable":true,"href":"https:\/\/tienda.ismet.es\/index.php\/wp-json\/wp\/v2\/comments?post=6027"}],"wp:featuredmedia":[{"embeddable":true,"href":"https:\/\/tienda.ismet.es\/index.php\/wp-json\/wp\/v2\/media\/31637"}],"wp:attachment":[{"href":"https:\/\/tienda.ismet.es\/index.php\/wp-json\/wp\/v2\/media?parent=6027"}],"wp:term":[{"taxonomy":"product_brand","embeddable":true,"href":"https:\/\/tienda.ismet.es\/index.php\/wp-json\/wp\/v2\/product_brand?post=6027"},{"taxonomy":"product_cat","embeddable":true,"href":"https:\/\/tienda.ismet.es\/index.php\/wp-json\/wp\/v2\/product_cat?post=6027"},{"taxonomy":"product_tag","embeddable":true,"href":"https:\/\/tienda.ismet.es\/index.php\/wp-json\/wp\/v2\/product_tag?post=6027"}],"curies":[{"name":"wp","href":"https:\/\/api.w.org\/{rel}","templated":true}]}}