{"id":5828,"date":"2020-10-26T14:39:25","date_gmt":"2020-10-26T13:39:25","guid":{"rendered":"https:\/\/tienda.ismet.es\/?post_type=product&#038;p=5828"},"modified":"2026-05-06T12:05:51","modified_gmt":"2026-05-06T11:05:51","slug":"masaje-relajante-antiestres-cara-y-cabeza","status":"publish","type":"product","link":"https:\/\/tienda.ismet.es\/index.php\/producto\/masaje-relajante-antiestres-cara-y-cabeza\/","title":{"rendered":"&#8211; Masaje relajante antiestr\u00e9s cara y cabeza"},"content":{"rendered":"[vc_row][vc_column][vc_video link=&#8221;https:\/\/youtu.be\/aO5XCd76org&#8221;][vc_column_text]\n<hr \/>\n<div class=\"woocommerce-product-details__short-description\">\n<p>Hoy en d\u00eda, con el ritmo de vida que llevamos, nuestro sistema nervioso se ve constantemente agredido y sobrepasado por la actividad diaria, los problemas emocionales, la tensi\u00f3n en el trabajo, la familia, ect. Este exceso sobrecarga la musculatura, contractur\u00e1ndola, y aumentando el dolor muscular. Un s\u00edntoma habitual es el dolor de cabeza o cefaleas.<\/p>\n<p>A menudo, un fuerte dolor de cabeza puede desaparecer en menos de un minuto, si sabemos aplicar bien las manos. Con cinco minutos de masaje dedicado al cuello y la cabeza, se pueden aliviar los nervios m\u00e1s alterados. (Dres. Inkeles y Todris).<br \/>\nEl masaje relajante realiza a trav\u00e9s de una serie de maniobras superficiales en las que la intensidad de la presi\u00f3n es muy suave y el ritmo lento pero constante. De esta manera, se pierde la sensaci\u00f3n de dolor y los m\u00fasculos se relajan.<br \/>\nEl masaje relajante es una terapia manual que tiene como objetivo mejorar el bienestar. Con ello, aumentamos la producci\u00f3n de endorfinas en nuestro cuerpo, llegando a un estado de bienestar y relajaci\u00f3n total.<\/p>\n<p>\u00bfQu\u00e9 beneficios puede tener?<br \/>\nAyuda a reducir el estr\u00e9s.<br \/>\nDisminuye el dolor y la tensi\u00f3n muscular.<br \/>\nFacilita un estado de relajaci\u00f3n.<br \/>\nMejora nuestro sistema inmunitario.<\/p>\n<hr \/>\n<p><!--\n\n\n<h4>Impartido por: Montse Espejo.<\/h4>\n\n\nQuiromasajista y linfoterapeuta, con m\u00e1s de 30 a\u00f1os de experiencia. Kinesi\u00f3loga y Reflex\u00f3loga Podal. Co-creadora del Masaje Neurosedante \u00abm\u00e9todo RAT\u00bb. Profesora de Quiromasaje y Drenaje Linf\u00e1tico Manual en ISMET.--><\/p>\n[\/vc_column_text][\/vc_column][\/vc_row]\n<\/div>\n","protected":false},"excerpt":{"rendered":"<p>Modalidad presencial<span style=\"color: #7f7dd1;\" data-darkreader-inline-color=\"\"><strong><br \/>\nLunes 6 de julio 2026.<br \/>\nDe 16 a 20h.<br \/>\n<\/strong><\/span><\/p>\n<hr \/>\n<p>(<a href=\"#tab-description\">Ver m\u00e1s informaci\u00f3n<\/a>)<\/p>\n","protected":false},"featured_media":32432,"comment_status":"open","ping_status":"closed","template":"","meta":{"_joinchat":[]},"product_brand":[],"product_cat":[617,89,98,179,200],"product_tag":[473,472,357,470,474,417,471,387],"class_list":{"0":"post-5828","1":"product","2":"type-product","3":"status-publish","4":"has-post-thumbnail","6":"product_cat-imagenes-profesores","7":"product_cat-terapias-manuales","8":"product_cat-cursos","9":"product_cat-cursos-presenciales","10":"product_cat-presencial-julio","11":"product_tag-cabeza","12":"product_tag-cara","13":"product_tag-masaje","14":"product_tag-masaje-antiestres","15":"product_tag-masaje-relajante","16":"product_tag-montse-espejo","17":"product_tag-relajante","18":"product_tag-tecnicas-manuales","19":"pa_ediciones-edicion-julio","20":"pa_ediciones-edicion-octubre","22":"first","23":"instock","24":"purchasable","25":"product-type-simple"},"_links":{"self":[{"href":"https:\/\/tienda.ismet.es\/index.php\/wp-json\/wp\/v2\/product\/5828","targetHints":{"allow":["GET"]}}],"collection":[{"href":"https:\/\/tienda.ismet.es\/index.php\/wp-json\/wp\/v2\/product"}],"about":[{"href":"https:\/\/tienda.ismet.es\/index.php\/wp-json\/wp\/v2\/types\/product"}],"replies":[{"embeddable":true,"href":"https:\/\/tienda.ismet.es\/index.php\/wp-json\/wp\/v2\/comments?post=5828"}],"wp:featuredmedia":[{"embeddable":true,"href":"https:\/\/tienda.ismet.es\/index.php\/wp-json\/wp\/v2\/media\/32432"}],"wp:attachment":[{"href":"https:\/\/tienda.ismet.es\/index.php\/wp-json\/wp\/v2\/media?parent=5828"}],"wp:term":[{"taxonomy":"product_brand","embeddable":true,"href":"https:\/\/tienda.ismet.es\/index.php\/wp-json\/wp\/v2\/product_brand?post=5828"},{"taxonomy":"product_cat","embeddable":true,"href":"https:\/\/tienda.ismet.es\/index.php\/wp-json\/wp\/v2\/product_cat?post=5828"},{"taxonomy":"product_tag","embeddable":true,"href":"https:\/\/tienda.ismet.es\/index.php\/wp-json\/wp\/v2\/product_tag?post=5828"}],"curies":[{"name":"wp","href":"https:\/\/api.w.org\/{rel}","templated":true}]}}