{"id":5758,"date":"2020-10-21T18:23:39","date_gmt":"2020-10-21T17:23:39","guid":{"rendered":"https:\/\/tienda.ismet.es\/?post_type=product&#038;p=5758"},"modified":"2026-03-11T12:40:55","modified_gmt":"2026-03-11T11:40:55","slug":"cocina-vegana-y-terapeutica-quesos-veganos","status":"publish","type":"product","link":"https:\/\/tienda.ismet.es\/index.php\/producto\/cocina-vegana-y-terapeutica-quesos-veganos\/","title":{"rendered":"&#8211; Cocina vegana y terap\u00e9utica, quesos veganos"},"content":{"rendered":"[vc_row][vc_column][vc_video link=&#8221;https:\/\/youtu.be\/O8wowpyDXSI&#8221;][vc_column_text]\n<div class=\"woocommerce-product-details__short-description\">\n<p>Los talleres se pueden cursar juntos o individualmente. En ellos, se proporcionar\u00e1n las bases te\u00f3ricas de una alimentaci\u00f3n saludable y los participantes elaborar\u00e1n recetas que han sido dise\u00f1adas desde un punto de vista terap\u00e9utico, se explicar\u00e1n los beneficios de los ingredientes incluidos, porqu\u00e9 se utilizan esos ingredientes y no otros, t\u00e9cnicas de cocci\u00f3n saludable, etc. No son s\u00f3lo talleres de cocina, son talleres vivenciales en los que se elaborar\u00e1n recetas a la vez que se adquiere una formaci\u00f3n que nos permitir\u00e1 llevar una alimentaci\u00f3n equilibrada y nutritiva y aplicarla f\u00e1cilmente en nuestro d\u00eda a d\u00eda. Estos talleres est\u00e1n destinados a cualquier persona, independientemente de si tiene o no conocimientos previos de cocina, y especialmente a aquellos que quieren llevar una alimentaci\u00f3n saludable pero no saben c\u00f3mo empezar a hacerlo o disponen de poco tiempo y no saben c\u00f3mo organizarse.<\/p>\n<hr \/>\n<h4>Programa del Curso<\/h4>\n<ol>\n<li>Beneficios y contraindicaciones de los l\u00e1cteos.<\/li>\n<li>C\u00f3mo sustituir los l\u00e1cteos en nuestra alimentaci\u00f3n.<\/li>\n<li>Ingredientes b\u00e1sicos en la elaboraci\u00f3n de \u201cquesos\u201d veganos y su funci\u00f3n en cada receta para facilitar las sustituciones y poder adaptar las preparaciones a nuestros gustos.<\/li>\n<li>T\u00e9cnicas de elaboraci\u00f3n de \u201cquesos\u201d veganos, proceso de maduraci\u00f3n, etc.<\/li>\n<li>Elaboraci\u00f3n de queso b\u00e1sico de anacardos, queso tipo brie, tipo mozzarella, para fundir.<\/li>\n<\/ol>\n<hr \/>\n<p><!--\n\n\n<h4>Impartido por: Aurora Rom\u00e1n<\/h4>\n\n\nNatur\u00f3pata. Especializada en Alimentaci\u00f3n. Vegetariana y Coaching Nutricional.--><\/p>\n[\/vc_column_text][\/vc_column][\/vc_row]\n<\/div>\n","protected":false},"excerpt":{"rendered":"<p>Modalidad online.<span style=\"color: #7f7dd1;\" data-darkreader-inline-color=\"\"><b><br \/>\n\u2022 Del 2 al 31 de marzo 2026.<br \/>\n\u2022 Del 1 al 30 de abril 2026.<br \/>\n\u2022 Del 4 al 31 de mayo 2026.<br \/>\n\u2022 Del 1 al 30 de junio 2026.<br \/>\n\u2022 Del 1 al 30 de julio 2026.<br \/>\n<\/b><\/span><\/p>\n<hr \/>\n<p><strong>Atenci\u00f3n:<\/strong> Las plazas son limitadas, es necesario reservar con antelaci\u00f3n y abonar importe del taller, en efectivo o tarjeta. El importe no se devolver\u00e1 en caso de anulaci\u00f3n por parte del alumno.<\/p>\n<hr \/>\n<p>Por qu\u00e9 evitar los l\u00e1cteos, alternativas. C\u00f3mo preparar quesos veganos (<a href=\"#tab-description\">Ver m\u00e1s informaci\u00f3n<\/a>)<\/p>\n","protected":false},"featured_media":24343,"comment_status":"open","ping_status":"closed","template":"","meta":{"_joinchat":[]},"product_brand":[],"product_cat":[818,223,617,82,184,98,201,205,202,203,204,179],"product_tag":[577,537,636],"class_list":{"0":"post-5758","1":"product","2":"type-product","3":"status-publish","4":"has-post-thumbnail","6":"product_cat-ideas-de-regalo","7":"product_cat-black-friday","8":"product_cat-imagenes-profesores","9":"product_cat-naturopatia","10":"product_cat-alimentacion-saludable","11":"product_cat-cursos","12":"product_cat-online-marzo","13":"product_cat-online-abril","14":"product_cat-online-mayo","15":"product_cat-online-junio","16":"product_cat-online-julio","17":"product_cat-cursos-presenciales","18":"product_tag-cocina","19":"product_tag-cocina-terapeutica","20":"product_tag-quesos-veganos","21":"pa_ediciones-edicion-diciembre","22":"pa_ediciones-edicion-enero","23":"pa_ediciones-edicion-febrero","24":"pa_ediciones-edicion-marzo","25":"pa_ediciones-edicion-abril","26":"pa_ediciones-edicion-mayo","27":"pa_ediciones-edicion-junio","28":"pa_ediciones-edicion-julio","29":"pa_ediciones-edicion-septiembre","30":"pa_ediciones-edicion-octubre","31":"pa_ediciones-edicion-noviembre","32":"pa_modalidad-online","34":"first","35":"instock","36":"purchasable","37":"product-type-variable"},"_links":{"self":[{"href":"https:\/\/tienda.ismet.es\/index.php\/wp-json\/wp\/v2\/product\/5758","targetHints":{"allow":["GET"]}}],"collection":[{"href":"https:\/\/tienda.ismet.es\/index.php\/wp-json\/wp\/v2\/product"}],"about":[{"href":"https:\/\/tienda.ismet.es\/index.php\/wp-json\/wp\/v2\/types\/product"}],"replies":[{"embeddable":true,"href":"https:\/\/tienda.ismet.es\/index.php\/wp-json\/wp\/v2\/comments?post=5758"}],"wp:featuredmedia":[{"embeddable":true,"href":"https:\/\/tienda.ismet.es\/index.php\/wp-json\/wp\/v2\/media\/24343"}],"wp:attachment":[{"href":"https:\/\/tienda.ismet.es\/index.php\/wp-json\/wp\/v2\/media?parent=5758"}],"wp:term":[{"taxonomy":"product_brand","embeddable":true,"href":"https:\/\/tienda.ismet.es\/index.php\/wp-json\/wp\/v2\/product_brand?post=5758"},{"taxonomy":"product_cat","embeddable":true,"href":"https:\/\/tienda.ismet.es\/index.php\/wp-json\/wp\/v2\/product_cat?post=5758"},{"taxonomy":"product_tag","embeddable":true,"href":"https:\/\/tienda.ismet.es\/index.php\/wp-json\/wp\/v2\/product_tag?post=5758"}],"curies":[{"name":"wp","href":"https:\/\/api.w.org\/{rel}","templated":true}]}}