{"id":5696,"date":"2020-10-19T18:00:15","date_gmt":"2020-10-19T17:00:15","guid":{"rendered":"https:\/\/tienda.ismet.es\/?post_type=product&#038;p=5696"},"modified":"2026-02-13T14:35:43","modified_gmt":"2026-02-13T13:35:43","slug":"kinesiologia-global-modulo-cuerpo-de-la-informacion","status":"publish","type":"product","link":"https:\/\/tienda.ismet.es\/index.php\/producto\/kinesiologia-global-modulo-cuerpo-de-la-informacion\/","title":{"rendered":"&#8211; Kinesiolog\u00eda Global, cuerpo de la informaci\u00f3n"},"content":{"rendered":"[vc_row][vc_column][vc_video link=&#8221;https:\/\/www.youtube.com\/watch?v=AXQSR5Xn6og&#8221;][vc_column_text]\n<div class=\"woocommerce-product-details__short-description\">\n[\/vc_column_text][\/vc_column][\/vc_row]\n<p>\u00abEquilibra las tres dimensiones de tu ser: el\u00e9ctrica, energ\u00e9tica y vibracional, a trav\u00e9s de la Kinesiolog\u00eda Global\u00bb. En este curso pr\u00e1ctico, aprender\u00e1s a trabajar con las informaciones y correcciones que afectan a estos tres sistemas fundamentales del cuerpo:<\/p>\n<ul>\n<li>Sistema El\u00e9ctrico: Conoce los protocolos para trabajar con el sistema neurol\u00f3gico y c\u00f3mo influye en el cuerpo f\u00edsico.<\/li>\n<li>Sistema Energ\u00e9tico: Aprende t\u00e9cnicas de medicina tradicional china, fitoterapia y trabajo con chacras, para restaurar el equilibrio interno.<\/li>\n<li>Sistema Vibracional: Explora la influencia de la energ\u00eda vibracional y c\u00f3mo usar herramientas como sonidos curativos, colores y frecuencias para optimizar la salud.<\/li>\n<\/ul>\n<p>La Kinesiolog\u00eda es una disciplina terap\u00e9utica basada en la comunicaci\u00f3n neuromuscular que permite la integraci\u00f3n entre quien realiza la terapia y quien la recibe, siendo lo m\u00e1s destacable de la Kinesiolog\u00eda Global su esp\u00edritu integrador, al tomar conceptos y formas de trabajo de la Medicina Tradicional China, las Terapias Manuales, la Naturopat\u00eda, la Psicoterapia y T\u00e9cnicas Crecimiento Personal. Este m\u00f3dulo del curso de Kinesiolog\u00eda Global es totalmente funcional y aut\u00f3nomo, puede cursarse de forma independiente, aunque es necesario tener conocimientos b\u00e1sicos de kinesiolog\u00eda en APRENDER A TESTAR: T\u00c9CNICAS Y M\u00c9TODOS.<\/p>\n<\/div>\n","protected":false},"excerpt":{"rendered":"<p>Modalidad presencial. <span style=\"color: #7f7dd1;\" data-darkreader-inline-color=\"\"><br \/>\nPr\u00f3ximamente<br \/>\n<\/span><\/p>\n<hr \/>\n<p>Precio total: 290\u20ac.<br \/>\nSe abonar\u00e1 de la siguiente manera: Reserva: 160\u20ac (a abonar en el momento de formalizar tu inscripci\u00f3n) + 110\u20ac, a abonar el d\u00eda del curso, en efectivo o tarjeta. Plazas limitadas. Reservar con antelaci\u00f3n.<\/p>\n<hr \/>\n<p><strong>Precio programa completo: (precio especial). <\/strong>Programa completo (7 m\u00f3dulos + m\u00f3dulo consolidaci\u00f3n). A fraccionar de la siguiente manera: 1.360\u20ac, fraccionado en reserva plaza de 100\u20ac + 9 pagos de 140\u20ac\/mes. (IVA incluido de oct a junio), por domiciliaci\u00f3n bancaria. Plazas limitadas.<\/p>\n<hr \/>\n<p>Aprende las t\u00e9cnicas y m\u00e9todos para testar en una sesi\u00f3n de kinesiolog\u00eda (<a href=\"#tab-description\">Ver m\u00e1s informaci\u00f3n<\/a>)<\/p>\n","protected":false},"featured_media":7688,"comment_status":"open","ping_status":"closed","template":"","meta":{"_joinchat":[]},"product_brand":[],"product_cat":[223,617,183,98,179],"product_tag":[835,836,520,523,552],"class_list":{"0":"post-5696","1":"product","2":"type-product","3":"status-publish","4":"has-post-thumbnail","6":"product_cat-black-friday","7":"product_cat-imagenes-profesores","8":"product_cat-terapias-energeticas","9":"product_cat-cursos","10":"product_cat-cursos-presenciales","11":"product_tag-cuerpo-de-la-informacion","12":"product_tag-informacion","13":"product_tag-kine","14":"product_tag-kinesiologia-global","15":"product_tag-tecnicas-energeticas","17":"first","18":"outofstock","19":"purchasable","20":"product-type-variable"},"_links":{"self":[{"href":"https:\/\/tienda.ismet.es\/index.php\/wp-json\/wp\/v2\/product\/5696","targetHints":{"allow":["GET"]}}],"collection":[{"href":"https:\/\/tienda.ismet.es\/index.php\/wp-json\/wp\/v2\/product"}],"about":[{"href":"https:\/\/tienda.ismet.es\/index.php\/wp-json\/wp\/v2\/types\/product"}],"replies":[{"embeddable":true,"href":"https:\/\/tienda.ismet.es\/index.php\/wp-json\/wp\/v2\/comments?post=5696"}],"wp:featuredmedia":[{"embeddable":true,"href":"https:\/\/tienda.ismet.es\/index.php\/wp-json\/wp\/v2\/media\/7688"}],"wp:attachment":[{"href":"https:\/\/tienda.ismet.es\/index.php\/wp-json\/wp\/v2\/media?parent=5696"}],"wp:term":[{"taxonomy":"product_brand","embeddable":true,"href":"https:\/\/tienda.ismet.es\/index.php\/wp-json\/wp\/v2\/product_brand?post=5696"},{"taxonomy":"product_cat","embeddable":true,"href":"https:\/\/tienda.ismet.es\/index.php\/wp-json\/wp\/v2\/product_cat?post=5696"},{"taxonomy":"product_tag","embeddable":true,"href":"https:\/\/tienda.ismet.es\/index.php\/wp-json\/wp\/v2\/product_tag?post=5696"}],"curies":[{"name":"wp","href":"https:\/\/api.w.org\/{rel}","templated":true}]}}