{"id":5682,"date":"2020-10-19T14:07:33","date_gmt":"2020-10-19T13:07:33","guid":{"rendered":"https:\/\/tienda.ismet.es\/?post_type=product&#038;p=5682"},"modified":"2026-03-11T12:41:49","modified_gmt":"2026-03-11T11:41:49","slug":"nutricion-y-suplementacion-en-infertilidad-embarazo-y-lactancia","status":"publish","type":"product","link":"https:\/\/tienda.ismet.es\/index.php\/producto\/nutricion-y-suplementacion-en-infertilidad-embarazo-y-lactancia\/","title":{"rendered":"&#8211; Nutrici\u00f3n y suplementaci\u00f3n en infertilidad, embarazo y lactancia"},"content":{"rendered":"[vc_row][vc_column][vc_video link=&#8221;https:\/\/youtu.be\/kICCyYJFba8&#8243;][vc_column_text]\n<hr \/>\n<div class=\"woocommerce-product-details__short-description\">\n<ul class=\"cursos\">\n<li>Son muchos los estudios que demuestran una clara relaci\u00f3n entre una correcta nutrici\u00f3n y la calidad del proceso del embarazo, menos complicaciones en el parto as\u00ed como una mejor lactancia por lo que respecta a la nutrici\u00f3n tanto de la madre como del beb\u00e9 que recibir\u00e1 los nutrientes necesarios para su pleno desarrollo.<\/li>\n<li>En un estudio desarrollado en 249 embarazadas se registraron bajas ingestas de vitamina E, \u00e1cido f\u00f3lico, hierro y magnesio en el per\u00edodo previo a la concepci\u00f3n y en el embarazo. (Pinto et al., 2009)<\/li>\n<li>Otros estudios muestran que, adem\u00e1s, se corre el riesgo de defectos cong\u00e9nitos si no se absorben cantidades \u00f3ptimas de vitaminas del complejo B (especialmente B9) y los aludidos Mg y Fe. (Gaber et al., 2007)<\/li>\n<li>Este macro-webinario comienza con un peque\u00f1o estudio de los principales condicionantes de la fertilidad (hormonas, metales pesados, disruptores endocrinos,\u2026) y desarrolla a continuaci\u00f3n: las necesidades de nutrientes en el embarazo y sus posibles carencias y subcarencias; dieta y suplementos nutricionales adecuados y estudios que los sustentan; alteraciones y complicaciones gestacionales y sus tratamientos (estre\u00f1imiento, hemorroides, diabetes gestacional, edemas y calambres, hipertensi\u00f3n, pre-eclampsia y eclampsia; preparaci\u00f3n base al parto y una correcta nutrici\u00f3n para la lactancia.<\/li>\n<li>Junto a las orientaciones nutricionales y de complementos se propondr\u00e1n remedios homeop\u00e1ticos, oligoelementos, biosales o floral de amplio consenso en los cuidados de la madre.<\/li>\n<\/ul>\n<hr \/>\n<h4>Objetivos<\/h4>\n<p class=\"curso\">Proporcionaremos al alumnado las principales herramientas sobre:<\/p>\n<ul class=\"cursos\">\n<li>Nutrientes esenciales para potenciar la fertilidad.<\/li>\n<li>Equilibrio Nutricional durante el embarazo.<\/li>\n<li>Abordaje Nutricional de las principales alteraciones que pueden acontecer durante el embarazo.<\/li>\n<li>Recursos nutricionales para el parto y el post-parto.<\/li>\n<li>Suplementaci\u00f3n Nutricional para una correcta lactancia.<\/li>\n<\/ul>\n<\/div>\n<hr \/>\n<h4>Programa del Curso<\/h4>\n<ol>\n<li>DISPOSICI\u00d3N A LA REPRODUCCI\u00d3N Y LA FERTILIDAD.<\/li>\n<li>TOXICIDAD A EVITAR EN EL EMBARAZO.(metales pesados, disruptores endocrinos, etc\u2026)<\/li>\n<li>NECESIDAD DE NUTRIENTES EN EL EMBARAZO.(ganancia de peso, energ\u00eda, pr\u00f3tidos, gl\u00facidos, l\u00edpidos (AAGPI), minerales, fibra diet\u00e9tica, probi\u00f3ticos\u2026).<\/li>\n<li>VENTAJAS DE UNA CORRECTA NUTRICI\u00d3N EN LA GESTACI\u00d3N.<\/li>\n<li>CONSECUENCIAS DE CARENCIAS Y SUBCARENCIAS.<\/li>\n<li>DIETA, SUPLEMENTOS Y H\u00c1BITOS SALUDABLES EN EL EMBARAZO.<\/li>\n<li>ALTERACIONES Y COMPLICACIONES GESTACIONALES Y SU TRATAMIENTO:N\u00e1useas y v\u00f3mito; Estre\u00f1imiento; Hemorroides; Edemas y calambres en piernas; Hipertensi\u00f3n Inducida por Embarazo (HIE): preeclampsia y eclampsia); Preparados Nutricionales.<\/li>\n<li>PREPARACI\u00d3N DEL PARTO Y EL POST- PARTO.(nutrientes y botiqu\u00edn homeop\u00e1tico; las 3 semanas finales; contracciones, dilataci\u00f3n, parto).<\/li>\n<li>NUTRICI\u00d3N Y SUPLEMENTACI\u00d3N EN LA LACTANCIA:Beneficios de la lactancia materna; Fisiolog\u00eda de la lactancia; Necesidad de nutrientes en la lactancia (energ\u00eda, pr\u00f3tidos, gl\u00facidos, l\u00edpidos (AAGPI), probi\u00f3ticos, Vit. A, I, Ca, Zn, Mg, Fe\u2026); Suplementaci\u00f3n en la lactancia; Homeopat\u00eda b\u00e1sica para la lactancia. ANEXO: Los Buenos Contactos.<\/li>\n<\/ol>\n<hr \/>\n<p><!--\n\n\n<h4>Impartido por: Enric Ser<\/h4>\n\n\nDiplomado en Terapias Naturales (Universidad Aut\u00f3noma de Barcelona y por el Real centro Universitario Reina M\u00aa Cristina de Madrid). Dr. in Naturopathy por la American University of Natural Medic (Florida\/EUA). T\u00e9cnica Higienista por Nature et Vie (Lorient-France). Profesor titular del \u00e1rea de Terapia Ortomolecular en ISMET. Profesor colaborador en diversos cursos Posgrado de la Escuela Universitaria de Ciencias de la Salud de Vic (Barcelona) y de la Escuela de Enfermer\u00eda Gimbernat (Sant Cugat-Barcelona). Autor de diversos libros ya publicados de Terapia Biol\u00f3gica e Historia de la Medicina y ex-colaborador de distintas publicaciones del sector (Cuerpomente, Vital, Vivir con salud, Diet\u00e9tica y salud). Premio Nacional de Investigaci\u00f3n Educativa del Ministerio de Educaci\u00f3n y Ciencia.-->[\/vc_column_text][\/vc_column][\/vc_row]\n","protected":false},"excerpt":{"rendered":"<p>Modalidad online.<span style=\"color: #7f7dd1;\" data-darkreader-inline-color=\"\"><strong><br \/>\n\u2022 Del 2 al 31 de marzo 2026.<br \/>\n\u2022 Del 1 al 30 de abril 2026.<br \/>\n\u2022 Del 4 al 31 de mayo 2026.<br \/>\n\u2022 Del 1 al 30 de junio 2026.<br \/>\n\u2022 Del 1 al 30 de julio 2026.<\/strong><\/span><\/p>\n<hr \/>\n<p>Son muchos los estudios que demuestran una clara relaci\u00f3n entre una correcta nutrici\u00f3n y la calidad del proceso del embarazo&#8230; (<a href=\"#tab-description\">Ver m\u00e1s informaci\u00f3n<\/a>)<\/p>\n","protected":false},"featured_media":5684,"comment_status":"open","ping_status":"closed","template":"","meta":{"_joinchat":[]},"product_brand":[],"product_cat":[223,617,82,184,98,180,201,205,202,203,204],"product_tag":[785,219,784,786,541],"class_list":{"0":"post-5682","1":"product","2":"type-product","3":"status-publish","4":"has-post-thumbnail","6":"product_cat-black-friday","7":"product_cat-imagenes-profesores","8":"product_cat-naturopatia","9":"product_cat-alimentacion-saludable","10":"product_cat-cursos","11":"product_cat-online","12":"product_cat-online-marzo","13":"product_cat-online-abril","14":"product_cat-online-mayo","15":"product_cat-online-junio","16":"product_cat-online-julio","17":"product_tag-embarazo","18":"product_tag-enric-ser","19":"product_tag-infertilidad","20":"product_tag-lactancia","21":"product_tag-nutricion-y-suplementacion","22":"pa_ediciones-edicion-diciembre","23":"pa_ediciones-edicion-enero","24":"pa_ediciones-edicion-febrero","25":"pa_ediciones-edicion-marzo","26":"pa_ediciones-edicion-abril","27":"pa_ediciones-edicion-mayo","28":"pa_ediciones-edicion-junio","29":"pa_ediciones-edicion-julio","31":"first","32":"instock","33":"purchasable","34":"product-type-variable"},"_links":{"self":[{"href":"https:\/\/tienda.ismet.es\/index.php\/wp-json\/wp\/v2\/product\/5682","targetHints":{"allow":["GET"]}}],"collection":[{"href":"https:\/\/tienda.ismet.es\/index.php\/wp-json\/wp\/v2\/product"}],"about":[{"href":"https:\/\/tienda.ismet.es\/index.php\/wp-json\/wp\/v2\/types\/product"}],"replies":[{"embeddable":true,"href":"https:\/\/tienda.ismet.es\/index.php\/wp-json\/wp\/v2\/comments?post=5682"}],"wp:featuredmedia":[{"embeddable":true,"href":"https:\/\/tienda.ismet.es\/index.php\/wp-json\/wp\/v2\/media\/5684"}],"wp:attachment":[{"href":"https:\/\/tienda.ismet.es\/index.php\/wp-json\/wp\/v2\/media?parent=5682"}],"wp:term":[{"taxonomy":"product_brand","embeddable":true,"href":"https:\/\/tienda.ismet.es\/index.php\/wp-json\/wp\/v2\/product_brand?post=5682"},{"taxonomy":"product_cat","embeddable":true,"href":"https:\/\/tienda.ismet.es\/index.php\/wp-json\/wp\/v2\/product_cat?post=5682"},{"taxonomy":"product_tag","embeddable":true,"href":"https:\/\/tienda.ismet.es\/index.php\/wp-json\/wp\/v2\/product_tag?post=5682"}],"curies":[{"name":"wp","href":"https:\/\/api.w.org\/{rel}","templated":true}]}}