{"id":5675,"date":"2020-10-19T13:15:35","date_gmt":"2020-10-19T12:15:35","guid":{"rendered":"https:\/\/tienda.ismet.es\/?post_type=product&#038;p=5675"},"modified":"2026-03-11T12:42:19","modified_gmt":"2026-03-11T11:42:19","slug":"nutricion-y-suplementacion-en-sistema-ginecologico","status":"publish","type":"product","link":"https:\/\/tienda.ismet.es\/index.php\/producto\/nutricion-y-suplementacion-en-sistema-ginecologico\/","title":{"rendered":"&#8211; Ginecolog\u00eda con suplementos y nutrici\u00f3n integrativas"},"content":{"rendered":"[vc_row][vc_column][vc_video link=&#8221;https:\/\/youtu.be\/t02s_c3f4CY?si=DLt37yxeZxQogL9e&#8221;][vc_column_text]\n<div class=\"woocommerce-product-details__short-description\">\n<hr \/>\n<h4>Objetivos<\/h4>\n<p>Es evidente el creciente inter\u00e9s que existe en nuestra sociedad en general y en la profesi\u00f3n sanitaria en particular por la Terapia Integrativa y algunas de sus principales herramientas como la Dietoterapia, la Suplementaci\u00f3n, La Fitoterapia, las Biosales, la Homeopat\u00eda, las Flores de Bach o la Oligoterapia.<br \/>\nEste curso pretende ser un portal de acceso a las bases cient\u00edficas en las que se fundamenta dicha terap\u00e9utica por lo que hace a su aplicaci\u00f3n pr\u00e1ctica en la consulta y aplicaci\u00f3n diaria en alteraciones ginecol\u00f3gicas y del sistema hormonal femenino.<\/p>\n<\/div>\n<hr \/>\n<h4>Programa del Curso<\/h4>\n<ol>\n<li>INTRODUCCI\u00d3N Y PLAN DE TRABAJO<\/li>\n<li>MENOPAUSIA Y CLIMATERIO<br \/>\nCambios en la Menopausia. Medicamentos y hormonas. Dietoterapia en Menopausia. Tratamiento integrativo y Protocolos pr\u00e1cticos de suplementaci\u00f3n.<\/li>\n<li>VULVOVAGINITS ATR\u00d3FICA MENOPAUSAL<br \/>\nS\u00edndrome Genitourinario en Menopausia. Causas de la Vulvovaginitis atr\u00f3fica. Signos y s\u00edntomas. Intervenciones terap\u00e9uticas. Suplementos y diatermia. Tratamiento integrativo y Protocolos pr\u00e1cticos de suplementaci\u00f3n<\/li>\n<li>DESCALCIFICACI\u00d3N Y OSTEOPOROSIS<br \/>\nDescripci\u00f3n de la Patolog\u00eda. Epidemiolog\u00eda. Estrategias de Tratamiento. Dietoterapia en Osteoporosis. Tratamiento integrativo y Protocolos pr\u00e1cticos de suplementaci\u00f3n.<\/li>\n<li>S\u00cdNDROME PREMENSTRUAL (SPM)<br \/>\nEtimolog\u00eda, factores de riesgo, definici\u00f3n. Fisiolog\u00eda Hormonal y Tipos de SPM. Suplementaci\u00f3n diversificada en cada Tipo de SPM. Tratamiento integrativo y Protocolos pr\u00e1cticos de suplementaci\u00f3n<\/li>\n<li>CANDIDIASIS VAGINAL<br \/>\nDefinici\u00f3n fisiopatol\u00f3gica. Mecanismos de defensa vaginal. F\u00e1rmacos y candidiasis. Sintomatolog\u00eda. Farmacoterapia. Dietoterapia. Tratamiento integrativo y Protocolos pr\u00e1cticos de suplementaci\u00f3n<\/li>\n<li>VAGINOSIS BACTERIANAS<br \/>\nDefinici\u00f3n. Microorganismos dominantes. Diagnosis del flujo vaginal. Evoluci\u00f3n de la vaginosis bacteriana. Tratamiento integrativo y Protocolos pr\u00e1cticos de suplementaci\u00f3n. Abordaje de los biofilms<\/li>\n<li>TRICHOMONIASIS VAGINAL<br \/>\nDefinici\u00f3n. Sintomatolog\u00eda y tratamiento Convencional. Tratamiento integrativo y Protocolos pr\u00e1cticos de suplementaci\u00f3n<\/li>\n<li>VIRUS DEL PAPILOMA HUMANO (VPH)<br \/>\nGrupos de riesgo. C\u00e1ncer secundario a VPH. Detecci\u00f3n, prevenci\u00f3n y tratamiento. Proceso del da\u00f1o epitelial. Interacci\u00f3n entre Microbiota y VPH.<br \/>\nPapel inmunitario de Lactobacillus y otros probi\u00f3ticos. Dietoterapia. Tratamiento integrativo y Protocolos pr\u00e1cticos de suplementaci\u00f3n.<\/li>\n<li>ENDOMETRIOSIS<br \/>\nDefinici\u00f3n y descripci\u00f3n. Sintomatolog\u00eda. Diagnosis y tratamiento convencional (efectos secundarios). Casu\u00edstica de la Endometriosis \/ Factores de riesgo \/ Enfermedades asociadas. Tratamiento integrativo y Protocolos pr\u00e1cticos de suplementaci\u00f3n.<\/li>\n<li>DISMENORREA<br \/>\nDefinici\u00f3n y etiolog\u00eda. Tratamiento convencional Tipolog\u00eda de dismenorrea y tratamientos. Dieta de protecci\u00f3n hep\u00e1tica. Tratamiento integrativo y Protocolos pr\u00e1cticos de suplementaci\u00f3n<\/li>\n<li>DISPOSICI\u00d3N PARA LA REPRODUCCI\u00d3N Y LA FERTILIDAD<br \/>\nEstudios sobre la fertilidad. Causas de la infertilidad. Factores de riesgo para las anomal\u00edas cong\u00e9nitas. Ecotoxicidad y metales pesados<\/li>\n<li>T\u00d3XICOS A EVITAR DURANTE EL EMBARAZO<br \/>\n(BPC, Bisfenol-A, Parabenos, Melamina, Phtalatos, Pesticidas, Metales pesados, Trichlosan, Dioxinas, Paracetamol, Gluten)<\/li>\n<li>ESTUDIO ESPECIAL DE LA AMENORREA Y LA INFERTILIDAD<br \/>\nEtiolog\u00eda de la amenorrea. Dieta Baja en Lectinas. Infertilidad vs. esterilidad. Tratamiento convencional de Amenorrea y Esterilidad. Subcarencias Nutricionales en Infertilidad. Tratamiento Integrat. y protocolos pr\u00e1cticos (nutrientes, fitoterapia, homeopat\u00eda, oligoterapia, etc.)<\/li>\n<li>ANEXOS VARIOS. \u00c1CIDOS GRASOS<\/li>\n<li>APLICACI\u00d3N PR\u00c1CTICA DE LA CREMA DE PROGESTERONA<\/li>\n<li>DIETA PARA CANDIDIASIS CR\u00d3NICA<\/li>\n<li>BIBLIOGRAF\u00cdA Y ACCESOS TELEM\u00c1TICOS RECOMENDADOS, LOS BUENOS CONTACTOS.<\/li>\n<\/ol>\n<hr \/>\n<p><!--\n\n\n<h4>Impartido por: Enric Ser<\/h4>\n\n\nDiplomado en Terapias Naturales (Universidad Aut\u00f3noma de Barcelona y por el Real centro Universitario Reina M\u00aa Cristina de Madrid). Dr. in Naturopathy por la American University of Natural Medic (Florida\/EUA). T\u00e9cnica Higienista por Nature et Vie (Lorient-France). Profesor titular del \u00e1rea de Terapia Ortomolecular en ISMET. Profesor colaborador en diversos cursos Posgrado de la Escuela Universitaria de Ciencias de la Salud de Vic (Barcelona) y de la Escuela de Enfermer\u00eda Gimbernat (Sant Cugat-Barcelona). Autor de diversos libros ya publicados de Terapia Biol\u00f3gica e Historia de la Medicina y ex-colaborador de distintas publicaciones del sector (Cuerpomente, Vital, Vivir con salud, Diet\u00e9tica y salud). Premio Nacional de Investigaci\u00f3n Educativa del Ministerio de Educaci\u00f3n y Ciencia.-->[\/vc_column_text][\/vc_column][\/vc_row]\n","protected":false},"excerpt":{"rendered":"<p><strong>Modalidad online<\/strong><span style=\"color: #7f7dd1;\" data-darkreader-inline-color=\"\"><strong><br \/>\n<\/strong><\/span><br \/>\nDel 2 al 31 de marzo 2026.<br \/>\nDel 1 al 30 de abril 2026.<br \/>\nDel 4 al 29 de mayo 2026.<br \/>\nDel 1 al 30 de junio 2026.<br \/>\nDel 1 al 30 de julio 2026.<br \/>\nDel 3 al 31 de agosto 2026.<\/p>\n<hr \/>\n<p>Este curso pretende ser un portal de acceso a las bases cient\u00edficas en las que se fundamenta dicha terap\u00e9utica&#8230; (<a href=\"#tab-description\">Ver m\u00e1s informaci\u00f3n<\/a>)<\/p>\n","protected":false},"featured_media":26608,"comment_status":"open","ping_status":"closed","template":"","meta":{"_joinchat":[]},"product_brand":[],"product_cat":[617,82,184,98,180,201,205,202,203,204,242],"product_tag":[315,219,929,328,705,736,327,575],"class_list":{"0":"post-5675","1":"product","2":"type-product","3":"status-publish","4":"has-post-thumbnail","6":"product_cat-imagenes-profesores","7":"product_cat-naturopatia","8":"product_cat-alimentacion-saludable","9":"product_cat-cursos","10":"product_cat-online","11":"product_cat-online-marzo","12":"product_cat-online-abril","13":"product_cat-online-mayo","14":"product_cat-online-junio","15":"product_cat-online-julio","16":"product_cat-online-agosto","17":"product_tag-alimentacion-saludable","18":"product_tag-enric-ser","19":"product_tag-ginecologia","20":"product_tag-nutricion","21":"product_tag-ortomolecular","22":"product_tag-sistema-ginecologico","23":"product_tag-suplementacion","24":"product_tag-suplementos","25":"pa_ediciones-edicion-diciembre","26":"pa_ediciones-edicion-enero","27":"pa_ediciones-edicion-febrero","28":"pa_ediciones-edicion-marzo","29":"pa_ediciones-edicion-abril","30":"pa_ediciones-edicion-mayo","31":"pa_ediciones-edicion-junio","32":"pa_ediciones-edicion-julio","33":"pa_ediciones-edicion-agosto","35":"first","36":"instock","37":"purchasable","38":"product-type-variable"},"_links":{"self":[{"href":"https:\/\/tienda.ismet.es\/index.php\/wp-json\/wp\/v2\/product\/5675","targetHints":{"allow":["GET"]}}],"collection":[{"href":"https:\/\/tienda.ismet.es\/index.php\/wp-json\/wp\/v2\/product"}],"about":[{"href":"https:\/\/tienda.ismet.es\/index.php\/wp-json\/wp\/v2\/types\/product"}],"replies":[{"embeddable":true,"href":"https:\/\/tienda.ismet.es\/index.php\/wp-json\/wp\/v2\/comments?post=5675"}],"wp:featuredmedia":[{"embeddable":true,"href":"https:\/\/tienda.ismet.es\/index.php\/wp-json\/wp\/v2\/media\/26608"}],"wp:attachment":[{"href":"https:\/\/tienda.ismet.es\/index.php\/wp-json\/wp\/v2\/media?parent=5675"}],"wp:term":[{"taxonomy":"product_brand","embeddable":true,"href":"https:\/\/tienda.ismet.es\/index.php\/wp-json\/wp\/v2\/product_brand?post=5675"},{"taxonomy":"product_cat","embeddable":true,"href":"https:\/\/tienda.ismet.es\/index.php\/wp-json\/wp\/v2\/product_cat?post=5675"},{"taxonomy":"product_tag","embeddable":true,"href":"https:\/\/tienda.ismet.es\/index.php\/wp-json\/wp\/v2\/product_tag?post=5675"}],"curies":[{"name":"wp","href":"https:\/\/api.w.org\/{rel}","templated":true}]}}