{"id":5655,"date":"2020-10-19T11:00:36","date_gmt":"2020-10-19T10:00:36","guid":{"rendered":"https:\/\/tienda.ismet.es\/?post_type=product&#038;p=5655"},"modified":"2026-03-11T12:43:25","modified_gmt":"2026-03-11T11:43:25","slug":"nutricion-y-suplementacion-en-alteraciones-de-cabello-piel-y-unas","status":"publish","type":"product","link":"https:\/\/tienda.ismet.es\/index.php\/producto\/nutricion-y-suplementacion-en-alteraciones-de-cabello-piel-y-unas\/","title":{"rendered":"&#8211; Nutrici\u00f3n y suplementaci\u00f3n en alteraciones de cabello, piel y u\u00f1as"},"content":{"rendered":"[vc_row][vc_column][vc_video link=&#8221;https:\/\/youtu.be\/OjCUVghInoE&#8221;][vc_column_text]\n<hr \/>\n<div class=\"woocommerce-product-details__short-description\">\n<ul class=\"cursos\">\n<li>Las alteraciones relacionadas con cabello, piel y u\u00f1as llegan a constituir un verdadero problema sanitario y est\u00e9tico que condiciona y acompleja multitud de personas en su vida cotidiana.<\/li>\n<li>El curso presenta las aportaciones m\u00e1s innovadoras de la Terapia Natural en este vasto campo de la<br \/>\nest\u00e9tica centr\u00e1ndose en enfermedades de la piel tan comunes como el acn\u00e9, la celulitis el eccema o la psoriasis. Tambi\u00e9n desarrolla una segunda parte dedicada a enfermedades del cabello (alopecias en especial) y de las u\u00f1as (hongos y deformaciones).<\/li>\n<li>Estas orientaciones ser\u00e1n estudiadas desde los suplementos nutricionales m\u00e1s \u00fatiles junto a otros del tipo fitoterapia, homeopat\u00eda, o bien oligoterapia, extra\u00eddos de los estudios cient\u00edficos m\u00e1s innovadores, contrastados y efectivos.<\/li>\n<\/ul>\n<hr \/>\n<h4>Objetivos<\/h4>\n<p class=\"curso\">Los participantes adquirir\u00e1n los conocimientos base para poder identificar las principales alteraciones de cabello, piel y u\u00f1as (im\u00e1genes identificativas).<br \/>\nRecibir\u00e1n instrucciones espec\u00edficas para recomendar a sus usuarios aquellas dietas y suplementos m\u00e1s eficaces y contrastados a la luz de los \u00faltimos avances en dermatolog\u00eda naturista.<\/p>\n<\/div>\n<hr \/>\n<h4>Programa del Curso<\/h4>\n<ol>\n<li style=\"list-style-type: none;\">\n<ol class=\"cursos\">\n<li style=\"list-style-type: none;\">\n<ol class=\"cursos\">\n<li>EPIDEMIOLOG\u00cdA DERMATOL\u00d3GICA<\/li>\n<li>FISIOLOG\u00cdA DE LA PIEL<\/li>\n<li>ALTERACIONES DE LA PIEL<\/li>\n<li>ALTERACIONES DEL CABELLO<\/li>\n<li>ALTERACIONES DE LAS U\u00d1AS<\/li>\n<li>BIBLIOGRAF\u00cdA Y ACCESOS RECOMENDADOS.<\/li>\n<\/ol>\n<\/li>\n<\/ol>\n<\/li>\n<\/ol>\n<hr \/>\n<p><!--\n\n\n<h4>Impartido por: Enric Ser<\/h4>\n\n\nDiplomado en Terapias Naturales (Universidad Aut\u00f3noma de Barcelona y por el Real centro Universitario Reina M\u00aa Cristina de Madrid). Dr. in Naturopathy por la American University of Natural Medic (Florida\/EUA). T\u00e9cnica Higienista por Nature et Vie (Lorient-France). Profesor titular del \u00e1rea de Terapia Ortomolecular en ISMET. Profesor colaborador en diversos cursos Posgrado de la Escuela Universitaria de Ciencias de la Salud de Vic (Barcelona) y de la Escuela de Enfermer\u00eda Gimbernat (Sant Cugat-Barcelona). Autor de diversos libros ya publicados de Terapia Biol\u00f3gica e Historia de la Medicina y ex-colaborador de distintas publicaciones del sector (Cuerpomente, Vital, Vivir con salud, Diet\u00e9tica y salud). Premio Nacional de Investigaci\u00f3n Educativa del Ministerio de Educaci\u00f3n y Ciencia.-->[\/vc_column_text][\/vc_column][\/vc_row]\n","protected":false},"excerpt":{"rendered":"<p>Modalidad online.<span style=\"color: #7f7dd1;\" data-darkreader-inline-color=\"\"><strong><br \/>\n\u2022 Del 2 al 31 de marzo 2026.<br \/>\n\u2022 Del 1 al 30 de abril 2026.<br \/>\n\u2022 Del 4 al 31 de mayo 2026.<br \/>\n\u2022 Del 1 al 30 de junio 2026.<br \/>\n\u2022 Del 1 al 30 de julio 2026.<\/strong><\/span><\/p>\n<hr \/>\n<p>Los participantes adquirir\u00e1n los conocimientos base para poder identificar las principales alteraciones de cabello, piel y u\u00f1as&#8230; (<a href=\"#tab-description\">Ver m\u00e1s informaci\u00f3n<\/a>)<\/p>\n","protected":false},"featured_media":5656,"comment_status":"open","ping_status":"closed","template":"","meta":{"_joinchat":[]},"product_brand":[],"product_cat":[223,617,82,184,98,180,201,205,202,203,204],"product_tag":[730,328,732,731,327,733],"class_list":{"0":"post-5655","1":"product","2":"type-product","3":"status-publish","4":"has-post-thumbnail","6":"product_cat-black-friday","7":"product_cat-imagenes-profesores","8":"product_cat-naturopatia","9":"product_cat-alimentacion-saludable","10":"product_cat-cursos","11":"product_cat-online","12":"product_cat-online-marzo","13":"product_cat-online-abril","14":"product_cat-online-mayo","15":"product_cat-online-junio","16":"product_cat-online-julio","17":"product_tag-cabello","18":"product_tag-nutricion","19":"product_tag-piel","20":"product_tag-piel-y-unas","21":"product_tag-suplementacion","22":"product_tag-unas","23":"pa_ediciones-edicion-diciembre","24":"pa_ediciones-edicion-enero","25":"pa_ediciones-edicion-febrero","26":"pa_ediciones-edicion-marzo","27":"pa_ediciones-edicion-abril","28":"pa_ediciones-edicion-mayo","29":"pa_ediciones-edicion-junio","30":"pa_ediciones-edicion-julio","31":"pa_ediciones-edicion-agosto","32":"pa_ediciones-edicion-septiembre","33":"pa_ediciones-edicion-octubre","34":"pa_ediciones-edicion-noviembre","36":"first","37":"instock","38":"purchasable","39":"product-type-variable"},"_links":{"self":[{"href":"https:\/\/tienda.ismet.es\/index.php\/wp-json\/wp\/v2\/product\/5655","targetHints":{"allow":["GET"]}}],"collection":[{"href":"https:\/\/tienda.ismet.es\/index.php\/wp-json\/wp\/v2\/product"}],"about":[{"href":"https:\/\/tienda.ismet.es\/index.php\/wp-json\/wp\/v2\/types\/product"}],"replies":[{"embeddable":true,"href":"https:\/\/tienda.ismet.es\/index.php\/wp-json\/wp\/v2\/comments?post=5655"}],"wp:featuredmedia":[{"embeddable":true,"href":"https:\/\/tienda.ismet.es\/index.php\/wp-json\/wp\/v2\/media\/5656"}],"wp:attachment":[{"href":"https:\/\/tienda.ismet.es\/index.php\/wp-json\/wp\/v2\/media?parent=5655"}],"wp:term":[{"taxonomy":"product_brand","embeddable":true,"href":"https:\/\/tienda.ismet.es\/index.php\/wp-json\/wp\/v2\/product_brand?post=5655"},{"taxonomy":"product_cat","embeddable":true,"href":"https:\/\/tienda.ismet.es\/index.php\/wp-json\/wp\/v2\/product_cat?post=5655"},{"taxonomy":"product_tag","embeddable":true,"href":"https:\/\/tienda.ismet.es\/index.php\/wp-json\/wp\/v2\/product_tag?post=5655"}],"curies":[{"name":"wp","href":"https:\/\/api.w.org\/{rel}","templated":true}]}}