{"id":5585,"date":"2020-10-14T16:05:28","date_gmt":"2020-10-14T15:05:28","guid":{"rendered":"https:\/\/tienda.ismet.es\/?post_type=product&#038;p=5585"},"modified":"2025-05-07T13:03:38","modified_gmt":"2025-05-07T12:03:38","slug":"masaje-relajante-de-cervicales-craneofacial-y-bruxismo","status":"publish","type":"product","link":"https:\/\/tienda.ismet.es\/index.php\/producto\/masaje-relajante-de-cervicales-craneofacial-y-bruxismo\/","title":{"rendered":"&#8211; Masaje c\u00e9rvico craneal y bruxismo. Recuerdo anat\u00f3mico de cervicales. Trabajo de espalda, cr\u00e1neo y cara."},"content":{"rendered":"[vc_row][vc_column][vc_video link=&#8221;https:\/\/youtu.be\/r4Zzh_sh2MI&#8221;][vc_column_text]\n<div class=\"woocommerce-product-details__short-description\">\n<hr \/>\n<h4>Programa del Curso<\/h4>\n<ol>\n<li>Espalda:<br \/>\n&#8211; Maniobras de masaje relajantes.<br \/>\n&#8211; Trazos faciales.<br \/>\n&#8211; Maes trapecio y cervicales.<br \/>\n&#8211; Movilizaciones cervicales espec\u00edficas.<br \/>\n&#8211; Movilizaciones cervicales con toalla.<\/li>\n<li>Cr\u00e1neo:<br \/>\n&#8211; Amasamientos.<br \/>\n&#8211; Movilizaci\u00f3n occipitofrontal.<br \/>\n&#8211; Fricciones desfibrosantes.<\/li>\n<li>Facial:<br \/>\n&#8211; Masaje relajante facial.<br \/>\n&#8211; Trazos faciales cara.<br \/>\n&#8211; Aplicaci\u00f3n de t\u00e9cnicas manuales en Bruxismo<\/li>\n<\/ol>\n<hr \/>\n<p><!--\n\n\n<h4>Impartido por: Jordi Sagrera Ferrandiz<\/h4>\n\n\nLic. Medicina y cirug\u00eda UB 1973. Acreditado como m\u00e9dico naturista en el colegio de m\u00e9dicos de Barcelona (2005). Magisterio en Medicina Manual y Osteopat\u00eda en la Univ. Complutense de Madrid. Especializado en Terapias Manuales: Masaje y Osteopat\u00eda. Profesor externo en la Univ. Barcelona, Complutense de Madrid y La Cat\u00f3lica de Montevideo. Miembro de Semooym (sociedad espa\u00f1ola de Medicina Ortop\u00e9dica y manual). Asesor m\u00e9dico de RBA editores y autor de diversos libros. Profesor en cursos de pre y postgrado en distintas Universidades. Asesor m\u00e9dico ISMET en la elaboraci\u00f3n e impartici\u00f3n en distintos cursos.--> [\/vc_column_text][\/vc_column][\/vc_row]\n<\/div>\n","protected":false},"excerpt":{"rendered":"<p>Modalidad presencial<br \/>\n<span style=\"color: #7f7dd1;\" data-darkreader-inline-color=\"\"><strong><br \/>\nprogramando fechas&#8230; <\/strong><\/span><\/p>\n<hr \/>\n<p><strong>Precio Total: <\/strong> 200\u20ac. Modalidad de pago: Reserva de plaza (50\u20ac) + 150\u20ac, a abonar el primer d\u00eda de curso en efectivo o tarjeta, en Secretar\u00eda.<\/p>\n<p>Recuerdo anat\u00f3mico de cervicales. Trabajo de espalda (cervicales), cr\u00e1neo y cara. (<a href=\"#tab-description\">Ver m\u00e1s informaci\u00f3n<\/a>)<\/p>\n","protected":false},"featured_media":10971,"comment_status":"open","ping_status":"closed","template":"","meta":{"_joinchat":[]},"product_brand":[],"product_cat":[617,89,98,179],"product_tag":[379,834,310,833,260,498],"class_list":{"0":"post-5585","1":"product","2":"type-product","3":"status-publish","4":"has-post-thumbnail","6":"product_cat-imagenes-profesores","7":"product_cat-terapias-manuales","8":"product_cat-cursos","9":"product_cat-cursos-presenciales","10":"product_tag-bruxismo","11":"product_tag-cervicales","12":"product_tag-craneal","13":"product_tag-masaje-cervico","14":"product_tag-osteopatia","15":"product_tag-terapia-sacro-craneal","17":"first","18":"outofstock","19":"virtual","20":"purchasable","21":"product-type-simple"},"_links":{"self":[{"href":"https:\/\/tienda.ismet.es\/index.php\/wp-json\/wp\/v2\/product\/5585","targetHints":{"allow":["GET"]}}],"collection":[{"href":"https:\/\/tienda.ismet.es\/index.php\/wp-json\/wp\/v2\/product"}],"about":[{"href":"https:\/\/tienda.ismet.es\/index.php\/wp-json\/wp\/v2\/types\/product"}],"replies":[{"embeddable":true,"href":"https:\/\/tienda.ismet.es\/index.php\/wp-json\/wp\/v2\/comments?post=5585"}],"wp:featuredmedia":[{"embeddable":true,"href":"https:\/\/tienda.ismet.es\/index.php\/wp-json\/wp\/v2\/media\/10971"}],"wp:attachment":[{"href":"https:\/\/tienda.ismet.es\/index.php\/wp-json\/wp\/v2\/media?parent=5585"}],"wp:term":[{"taxonomy":"product_brand","embeddable":true,"href":"https:\/\/tienda.ismet.es\/index.php\/wp-json\/wp\/v2\/product_brand?post=5585"},{"taxonomy":"product_cat","embeddable":true,"href":"https:\/\/tienda.ismet.es\/index.php\/wp-json\/wp\/v2\/product_cat?post=5585"},{"taxonomy":"product_tag","embeddable":true,"href":"https:\/\/tienda.ismet.es\/index.php\/wp-json\/wp\/v2\/product_tag?post=5585"}],"curies":[{"name":"wp","href":"https:\/\/api.w.org\/{rel}","templated":true}]}}