{"id":5499,"date":"2020-10-08T12:24:05","date_gmt":"2020-10-08T11:24:05","guid":{"rendered":"https:\/\/tienda.ismet.es\/?post_type=product&#038;p=5499"},"modified":"2026-03-11T12:44:16","modified_gmt":"2026-03-11T11:44:16","slug":"come-bien","status":"publish","type":"product","link":"https:\/\/tienda.ismet.es\/index.php\/producto\/come-bien\/","title":{"rendered":"&#8211; Comer bien para vivir mejor, bases para una alimentaci\u00f3n saludable (m\u00f3dulo 1)"},"content":{"rendered":"[vc_row][vc_column][vc_video link=&#8221;https:\/\/youtu.be\/QhAL7BOQFHw&#8221;][vc_column_text]\n<hr \/>\n<div class=\"woocommerce-product-details__short-description\">\n<p>La dieta ha sido y sigue siendo uno de los principales factores determinados de la salud. Si comemos bien tendremos m\u00e1s vitalidad, m\u00e1s claridad mental y una mayor resistencia a las enfermedades. Hoy en d\u00eda la informaci\u00f3n que nos llega en este sentido es abundante, a menudo confusa y algunas veces de fuentes poco contrastadas esto hace que nos lleguemos a hacer un verdadero l\u00edo. En este taller te lo pondremos f\u00e1cil, pues te ense\u00f1aremos a escoger los grupos de alimentos que deber\u00edas comer, aprender\u00e1s las propiedades nutricionales que nos aportan y los beneficios que para tu salud tiene su consumo.<\/p>\n<hr \/>\n<h4>Objetivos<\/h4>\n<ul>\n<li>Adquirir una visi\u00f3n global y a la vez rigurosa sobre la alimentaci\u00f3n.<\/li>\n<li>Reconocer que es realmente una alimentaci\u00f3n sana y equilibrada<\/li>\n<li>Conocer los diferentes nutrientes (macro y micronutrientes)<\/li>\n<li>Estudiar cu\u00e1les son las mejores fuentes alimenticias y c\u00f3mo consumirlas.<\/li>\n<li>Desarrollar capacidad cr\u00edtica para escoger los alimentos adecuados. Comprender que: sin gluten, sin lactosa, enriquecido, etc \u2026 a veces no es sin\u00f3nimo de alimentaci\u00f3n saludable.<\/li>\n<li>Descubrir los alimentos m\u00e1s adecuados para conseguir y mantener una microbiota intestinal diversa y sana.<\/li>\n<\/ul>\n<\/div>\n<hr \/>\n<h4>Programa del Curso<\/h4>\n<ol>\n<li>Bloque: Macro y micronutrientes, hablaremos de qu\u00e9 son los hidratos de carbono, las grasas buenas y malas, las prote\u00ednas, las vitaminas, y los minerales.<\/li>\n<li>Bloque: Alimentos de origen vegetal: cereales, los pseudocereales, frutos secos, semillas oleaginosas, legumbres, hortalizas, tub\u00e9rculos, frutas, algas.<\/li>\n<li>Bloque: Alimentos de origen animal: Carne, pescados, huevo, l\u00e1cteos. Sus funciones, componentes, propiedades, porque son importantes para nuestro organismo, que nos aportan y en algunos casos inconvenientes de su consumo<\/li>\n<li>Bloque: Az\u00facares y edulcorantes. Tipos, ventajas o inconvenientes<\/li>\n<li>Bloque Alimentaci\u00f3n y microbiota: Concepto de microbiota intestinal y sus funciones. Alimentaci\u00f3n probi\u00f3tica y prebi\u00f3tica. L\u00e1cteos y vegetales fermentados. Beneficios y contraindicaciones.<\/li>\n<\/ol>\n<hr \/>\n<p><!--\n\n\n<h4>Impartido por: Victoria Garc\u00eda Framis<\/h4>\n\n\nLic. y Doctorada en Ciencias Biol\u00f3gicas (Universidad Aut\u00f3noma de Barcelona). Posgrado en Diet\u00e9tica y nutrici\u00f3n (Universidad Ram\u00f3n Llul). T\u00e9cnico Superior en Diet\u00e9tica y Naturopat\u00eda -->[\/vc_column_text][\/vc_column][\/vc_row]\n","protected":false},"excerpt":{"rendered":"<p>Modalidad online. (fechas a escoger)<span style=\"color: #7f7dd1;\" data-darkreader-inline-color=\"\"><strong><br \/>\n\u2022 Del 2 al 31 de marzo 2026.<br \/>\n\u2022 Del 1 al 30 de abril 2026.<br \/>\n\u2022 Del 4 al 31 de mayo 2026.<br \/>\n\u2022 Del 1 al 30 de junio 2026.<br \/>\n\u2022 Del 1 al 30 de julio 2026.<br \/>\n<\/strong><\/span><\/p>\n<hr \/>\n<p>Si comemos bien tendremos m\u00e1s vitalidad, m\u00e1s claridad mental y una mayor resistencia a las enfermedades. Hoy en d\u00eda la informaci\u00f3n que nos llega es abundante y confusa&#8230; (<a href=\"#tab-description\">Ver m\u00e1s informaci\u00f3n<\/a>)<\/p>\n","protected":false},"featured_media":18807,"comment_status":"open","ping_status":"closed","template":"","meta":{"_joinchat":[]},"product_brand":[],"product_cat":[818,617,82,184,98,180,201,205,202,203,204,179],"product_tag":[315,426,428,427],"class_list":{"0":"post-5499","1":"product","2":"type-product","3":"status-publish","4":"has-post-thumbnail","6":"product_cat-ideas-de-regalo","7":"product_cat-imagenes-profesores","8":"product_cat-naturopatia","9":"product_cat-alimentacion-saludable","10":"product_cat-cursos","11":"product_cat-online","12":"product_cat-online-marzo","13":"product_cat-online-abril","14":"product_cat-online-mayo","15":"product_cat-online-junio","16":"product_cat-online-julio","17":"product_cat-cursos-presenciales","18":"product_tag-alimentacion-saludable","19":"product_tag-come-bien","20":"product_tag-victoria-garcia-framis","21":"product_tag-vivir-mejor","22":"pa_ediciones-edicion-diciembre","23":"pa_ediciones-edicion-enero","24":"pa_ediciones-edicion-febrero","25":"pa_ediciones-edicion-marzo","26":"pa_ediciones-edicion-abril","27":"pa_ediciones-edicion-mayo","28":"pa_ediciones-edicion-junio","29":"pa_ediciones-edicion-julio","30":"pa_ediciones-edicion-agosto","31":"pa_ediciones-edicion-septiembre","32":"pa_ediciones-edicion-octubre","33":"pa_ediciones-edicion-noviembre","35":"first","36":"instock","37":"purchasable","38":"product-type-variable"},"_links":{"self":[{"href":"https:\/\/tienda.ismet.es\/index.php\/wp-json\/wp\/v2\/product\/5499","targetHints":{"allow":["GET"]}}],"collection":[{"href":"https:\/\/tienda.ismet.es\/index.php\/wp-json\/wp\/v2\/product"}],"about":[{"href":"https:\/\/tienda.ismet.es\/index.php\/wp-json\/wp\/v2\/types\/product"}],"replies":[{"embeddable":true,"href":"https:\/\/tienda.ismet.es\/index.php\/wp-json\/wp\/v2\/comments?post=5499"}],"wp:featuredmedia":[{"embeddable":true,"href":"https:\/\/tienda.ismet.es\/index.php\/wp-json\/wp\/v2\/media\/18807"}],"wp:attachment":[{"href":"https:\/\/tienda.ismet.es\/index.php\/wp-json\/wp\/v2\/media?parent=5499"}],"wp:term":[{"taxonomy":"product_brand","embeddable":true,"href":"https:\/\/tienda.ismet.es\/index.php\/wp-json\/wp\/v2\/product_brand?post=5499"},{"taxonomy":"product_cat","embeddable":true,"href":"https:\/\/tienda.ismet.es\/index.php\/wp-json\/wp\/v2\/product_cat?post=5499"},{"taxonomy":"product_tag","embeddable":true,"href":"https:\/\/tienda.ismet.es\/index.php\/wp-json\/wp\/v2\/product_tag?post=5499"}],"curies":[{"name":"wp","href":"https:\/\/api.w.org\/{rel}","templated":true}]}}