{"id":5477,"date":"2020-10-05T14:42:52","date_gmt":"2020-10-05T13:42:52","guid":{"rendered":"https:\/\/tienda.ismet.es\/?post_type=product&#038;p=5477"},"modified":"2026-03-11T12:49:14","modified_gmt":"2026-03-11T11:49:14","slug":"nutricion-deportiva-2","status":"publish","type":"product","link":"https:\/\/tienda.ismet.es\/index.php\/producto\/nutricion-deportiva-2\/","title":{"rendered":"&#8211; Nutrici\u00f3n deportiva saludable"},"content":{"rendered":"[vc_row][vc_column][vc_video link=&#8221;https:\/\/youtu.be\/tR9g1t3yzOw&#8221;][vc_column_text]\n<div class=\"woocommerce-product-details__short-description\">\n<hr \/>\n<p>Cuando la pr\u00e1ctica de alg\u00fan deporte se realiza de un modo espor\u00e1dico, o la intensidad del mismo es baja, la alimentaci\u00f3n que se sigue no tiene tanta importancia como cuando se trata de deportistas que deben seguir un tipo de entrenamiento regular e intenso, y que adem\u00e1s deben de competir. Este curso tiene la finalidad de conjugar deporte y alimentaci\u00f3n saludable de un modo riguroso, ameno y cient\u00edfico. Va dirigido tanto al dietista que desea complementar sus conocimientos con informaci\u00f3n espec\u00edfica para elaborar las dietas m\u00e1s adecuadas para cada tipo de deporte, como al deportista, ya sea amateur o profesional, que desea beneficiarse de una nutrici\u00f3n \u00f3ptima para el ejercicio que practica y con ello mejorar su rendimiento f\u00edsico. Tambi\u00e9n se abordar\u00e1 en profundidad el mundo de los suplementos nutricionales espec\u00edficos para la pr\u00e1ctica deportiva en todas sus especialidades y de qu\u00e9 manera pueden resultar \u00fatiles<\/p>\n<hr \/>\n<h4>Objetivos<\/h4>\n<ul>\n<li>Proporcionar los conocimientos espec\u00edficos en materia de nutrici\u00f3n deportiva, tanto para el deportista aficionado, como para el profesional del deporte.<\/li>\n<li>Dotar de unos conocimientos esenciales sobre los principios energ\u00e9ticos inmediatos.<\/li>\n<li>Dar a conocer los principios fundamentales del metabolismo energ\u00e9tico en el cuerpo humano.<\/li>\n<li>Especificar cu\u00e1l es el concepto de alimentaci\u00f3n saludable<\/li>\n<li>Aumentar el rendimiento del deportista a partir de una nutrici\u00f3n \u00f3ptima y saludable.<\/li>\n<li>Evitar o reducir las lesiones tendino musculares en la pr\u00e1ctica deportiva.<\/li>\n<li>Aprender cu\u00e1l es la alimentaci\u00f3n m\u00e1s adecuada para cada tipo de deporte.<\/li>\n<li>Aportar a los asistentes las herramientas necesarias en materia de nutrici\u00f3n para poder realizar las dietas m\u00e1s adecuadas para cada tipo de deporte.<\/li>\n<li>Aprender sobre los suplementos nutricionales m\u00e1s adecuados para cada individuo y para cada actividad deportiva<\/li>\n<\/ul>\n<\/div>\n<hr \/>\n<h4>Programa del Curso<\/h4>\n<ol>\n<li>Introducci\u00f3n<\/li>\n<li>Principios nutritivos esenciales<\/li>\n<li>La importancia de los electrolitos<\/li>\n<li>Metabolismo energ\u00e9tico<\/li>\n<li>La alimentaci\u00f3n m\u00e1s adecuada y saludable para cada tipo de ejercicio f\u00edsico<\/li>\n<li>La nutrici\u00f3n en los distintos periodos del ejercicio f\u00edsico<\/li>\n<li>Suplementos naturales espec\u00edficos para aumentar el rendimiento deportivo<\/li>\n<li>Tipos de suplementos.<\/li>\n<\/ol>\n<hr \/>\n<p><!--\n\n\n<h4>Impartido por: Vicen\u00e7 Fuster Font<\/h4>\n\n\nCuenta con m\u00e1s de 20 a\u00f1os de experiencia, en docencia y cl\u00ednica, en el \u00e1rea de la Nutrici\u00f3n y la Dietoterapia, tanto desde el punto de vista Naturista como desde el Bioenerg\u00e9tico seg\u00fan MTC. Tambi\u00e9n cuenta con una dilatada experiencia personal en el \u00e1mbito deportivo, habiendo sido entrenador nacional de atletismo, alpinista profesional y experto en diversas artes marciales tradicionales japonesas que sigue practicando en la actualidad despu\u00e9s de iniciarse hace cuarenta a\u00f1os, por lo que para \u00e9l conjugar ejercicio f\u00edsico y alimentaci\u00f3n saludable es un binomio indisociable.-->[\/vc_column_text][\/vc_column][\/vc_row]\n","protected":false},"excerpt":{"rendered":"<p>Modalidad online. <span style=\"color: #7f7dd1;\" data-darkreader-inline-color=\"\"><strong><br \/>\n\u2022 Del 2 al 31 de marzo 2026.<br \/>\n\u2022 Del 1 al 30 de abril 2026.<br \/>\n\u2022 Del 4 al 31 de mayo 2026.<br \/>\n\u2022 Del 1 al 30 de junio 2026.<br \/>\n\u2022 Del 1 al 30 de julio 2026.<\/p>\n<p><\/strong><\/span><\/p>\n<hr \/>\n<p>La alimentaci\u00f3n cobra especial importancia cuando se trata de deportistas que siguen un entrenamiento intenso o compiten profesionalmente. Este curso te permitir\u00e1 elaborar dietas espec\u00edficas de acuerdo al tipo de deporte, y as\u00ed poder mejorar el rendimiento f\u00edsico (<a href=\"#tab-description\">Ver m\u00e1s informaci\u00f3n<\/a>)<\/p>\n","protected":false},"featured_media":21876,"comment_status":"open","ping_status":"closed","template":"","meta":{"_joinchat":[]},"product_brand":[],"product_cat":[617,82,184,98,180,201,205,202,203,204],"product_tag":[328,675,866],"class_list":{"0":"post-5477","1":"product","2":"type-product","3":"status-publish","4":"has-post-thumbnail","6":"product_cat-imagenes-profesores","7":"product_cat-naturopatia","8":"product_cat-alimentacion-saludable","9":"product_cat-cursos","10":"product_cat-online","11":"product_cat-online-marzo","12":"product_cat-online-abril","13":"product_cat-online-mayo","14":"product_cat-online-junio","15":"product_cat-online-julio","16":"product_tag-nutricion","17":"product_tag-nutricion-deportiva","18":"product_tag-vicenc-fuster-font","19":"pa_ediciones-edicion-diciembre","20":"pa_ediciones-edicion-enero","21":"pa_ediciones-edicion-febrero","22":"pa_ediciones-edicion-marzo","23":"pa_ediciones-edicion-abril","24":"pa_ediciones-edicion-mayo","25":"pa_ediciones-edicion-junio","26":"pa_ediciones-edicion-julio","28":"first","29":"instock","30":"purchasable","31":"product-type-variable"},"_links":{"self":[{"href":"https:\/\/tienda.ismet.es\/index.php\/wp-json\/wp\/v2\/product\/5477","targetHints":{"allow":["GET"]}}],"collection":[{"href":"https:\/\/tienda.ismet.es\/index.php\/wp-json\/wp\/v2\/product"}],"about":[{"href":"https:\/\/tienda.ismet.es\/index.php\/wp-json\/wp\/v2\/types\/product"}],"replies":[{"embeddable":true,"href":"https:\/\/tienda.ismet.es\/index.php\/wp-json\/wp\/v2\/comments?post=5477"}],"wp:featuredmedia":[{"embeddable":true,"href":"https:\/\/tienda.ismet.es\/index.php\/wp-json\/wp\/v2\/media\/21876"}],"wp:attachment":[{"href":"https:\/\/tienda.ismet.es\/index.php\/wp-json\/wp\/v2\/media?parent=5477"}],"wp:term":[{"taxonomy":"product_brand","embeddable":true,"href":"https:\/\/tienda.ismet.es\/index.php\/wp-json\/wp\/v2\/product_brand?post=5477"},{"taxonomy":"product_cat","embeddable":true,"href":"https:\/\/tienda.ismet.es\/index.php\/wp-json\/wp\/v2\/product_cat?post=5477"},{"taxonomy":"product_tag","embeddable":true,"href":"https:\/\/tienda.ismet.es\/index.php\/wp-json\/wp\/v2\/product_tag?post=5477"}],"curies":[{"name":"wp","href":"https:\/\/api.w.org\/{rel}","templated":true}]}}