{"id":5473,"date":"2020-10-05T13:10:32","date_gmt":"2020-10-05T12:10:32","guid":{"rendered":"https:\/\/tienda.ismet.es\/?post_type=product&#038;p=5473"},"modified":"2026-02-13T10:09:03","modified_gmt":"2026-02-13T09:09:03","slug":"lifting-facial-acupuntura-electropuntura-y-laserpuntura","status":"publish","type":"product","link":"https:\/\/tienda.ismet.es\/index.php\/producto\/lifting-facial-acupuntura-electropuntura-y-laserpuntura\/","title":{"rendered":"&#8211; Lifting facial: Acupuntura, electropuntura y laserpuntura"},"content":{"rendered":"[vc_row][vc_column][vc_video link=&#8221;https:\/\/youtu.be\/hnCEilaVizE?si=U94YHC78QAoaQ76h&#8221;][vc_column_text]\n<hr \/>\n<div class=\"woocommerce-product-details__short-description\">\n<p>El lifting facial acupuntural tambi\u00e9n llamado rejuvenecimiento facial acupuntural es una terapia dise\u00f1ada para reducir, minimizar y corregir las arrugas que son evidencias visuales del envejecimiento. El terapeuta con el \u201cLifting facial acupuntural\u201d podr\u00e1 complementar sus tratamientos y conseguir mayores resultados. Entres sus ventajas encontramos: Aumento de la producci\u00f3n local de col\u00e1geno (relleno de arrugas). Aumento de formaci\u00f3n de elastina y tonificaci\u00f3n general del tejido facial (elasticidad y reafirmaci\u00f3n).<\/p>\n<p style=\"text-align: left;\">Mejora en la circulaci\u00f3n sangu\u00ednea y linf\u00e1tica (brillo a la cara). Permite al cuerpo reforzar su poder de auto reparaci\u00f3n celular (cicatrizaci\u00f3n). Los resultados se notan r\u00e1pidamente y no obligan a esconderse una temporada como con la cirug\u00eda. Este m\u00e9todo est\u00e1 desprovisto de efectos secundarios indeseables, sin cicatrices. No existe ninguna contraindicaci\u00f3n, ni siquiera el embarazo.<\/p>\n<p>Para aumentar el efecto del tratamiento acupuntural antiarrugas, se utilizara tambi\u00e9n la electropuntura y laserpuntura que mejoran la microcirculaci\u00f3n sangu\u00ednea y promueven la formaci\u00f3n de elastina y col\u00e1geno en la cara. En este curso se utilizar\u00e1n las agujas m\u00e1s finas que existen, para que la inserci\u00f3n sea imperceptible. Por eso vamos a utilizar agujas de manopuntura coreana y su inyector manual, para que todos los profesionales lo puedan realizar sin ning\u00fan riesgo, aunque no sean acupuntores.<\/p>\n<hr \/>\n<h4>Objetivos<\/h4>\n<ul>\n<li>Aumento de la producci\u00f3n local de col\u00e1geno (relleno de arrugas).<\/li>\n<li>Aumento de formaci\u00f3n de elastina y tonificaci\u00f3n general del tejido facial (elasticidad y reafirmaci\u00f3n).<\/li>\n<li>Mejora en la circulaci\u00f3n sangu\u00ednea y linf\u00e1tica (brillo a la cara).<\/li>\n<li>Permite al cuerpo reforzar su poder de auto reparaci\u00f3n celular (cicatrizaci\u00f3n).<\/li>\n<li>Los resultados se notan r\u00e1pidamente y no obligan a esconderse una temporada como con la cirug\u00eda.<\/li>\n<li>Este m\u00e9todo est\u00e1 desprovisto de efectos secundarios indeseables, sin cicatrices.<\/li>\n<\/ul>\n<\/div>\n<hr \/>\n<h4>Programa del Curso<\/h4>\n<ol>\n<li style=\"list-style-type: none;\">\n<ol>\n<li>\u00bfQu\u00e9 es el lifting facial acupuntural?.<\/li>\n<li>Causas de las arrugas. Protocolo de tratamiento.<\/li>\n<li>Electro-estimulador: efectos de la electropuntura. Metodolog\u00eda de uso.<\/li>\n<li>L\u00e1ser de diodo led rojo: efectos de la laserterapia. Metodolog\u00eda de uso.<\/li>\n<li>Pr\u00e1ctica de tratamiento:<br \/>\nArrugas frontales.<br \/>\nArrugas del entrecejo.<br \/>\nArrugas en los p\u00e1rpados.<br \/>\nArrugas en el exterior del ojo (patas de gallo).<br \/>\nArrugas en la zona interna de las mejillas (surco nasolabial).<br \/>\nArrugas en el centro de la mejilla.<br \/>\nArrugas en los labios y Arrugas en el cuello.<br \/>\nLifting facial completo.<\/li>\n<\/ol>\n<\/li>\n<\/ol>\n<hr \/>\n<p><!--\n\n\n<h4>Impartido por: Alfonso Delgado<\/h4>\n\n\nLicenciado. En Medicina Tradicional China. Natur\u00f3pata y Home\u00f3pata. T\u00e9cnico. Superior en Diet\u00e9tica.-->[\/vc_column_text][\/vc_column][\/vc_row]\n","protected":false},"excerpt":{"rendered":"<p>Modalidad presencial. <span style=\"color: #7f7dd1;\"><strong><br \/>\nDomingo 8 de marzo 2026.<br \/>\nHorario: De 8:30 a 15:30 horas.<br \/>\n7 horas lectivas.<\/strong><\/span><\/p>\n<hr \/>\n<p><strong>Precio Total: <\/strong> 195\u20ac. Modalidad de pago: Reserva de plaza (50\u20ac) + 145\u20ac, a abonar el primer d\u00eda de curso en efectivo o tarjeta, en secretar\u00eda.<\/p>\n<hr \/>\n<p>El lifting facial acupuntural es una terapia dise\u00f1ada para reducir, minimizar y corregir las arrugas que son evidencias visuales del envejecimiento. (<a href=\"#tab-description\">Ver m\u00e1s informaci\u00f3n<\/a>)<\/p>\n<hr \/>\n","protected":false},"featured_media":31744,"comment_status":"open","ping_status":"closed","template":"","meta":{"_joinchat":[]},"product_brand":[],"product_cat":[617,90,182,98,196,227],"product_tag":[320,497,496,495,334],"class_list":{"0":"post-5473","1":"product","2":"type-product","3":"status-publish","4":"has-post-thumbnail","6":"product_cat-imagenes-profesores","7":"product_cat-medicina-china-y-acupuntura","8":"product_cat-wellness-y-estetica","9":"product_cat-cursos","10":"product_cat-presencial-marzo","11":"product_cat-presencial-octubre","12":"product_tag-acupuntura","13":"product_tag-electroacupuntura","14":"product_tag-laserpuntura","15":"product_tag-lifting-facial","16":"product_tag-mtc","18":"first","19":"instock","20":"purchasable","21":"product-type-simple"},"_links":{"self":[{"href":"https:\/\/tienda.ismet.es\/index.php\/wp-json\/wp\/v2\/product\/5473","targetHints":{"allow":["GET"]}}],"collection":[{"href":"https:\/\/tienda.ismet.es\/index.php\/wp-json\/wp\/v2\/product"}],"about":[{"href":"https:\/\/tienda.ismet.es\/index.php\/wp-json\/wp\/v2\/types\/product"}],"replies":[{"embeddable":true,"href":"https:\/\/tienda.ismet.es\/index.php\/wp-json\/wp\/v2\/comments?post=5473"}],"wp:featuredmedia":[{"embeddable":true,"href":"https:\/\/tienda.ismet.es\/index.php\/wp-json\/wp\/v2\/media\/31744"}],"wp:attachment":[{"href":"https:\/\/tienda.ismet.es\/index.php\/wp-json\/wp\/v2\/media?parent=5473"}],"wp:term":[{"taxonomy":"product_brand","embeddable":true,"href":"https:\/\/tienda.ismet.es\/index.php\/wp-json\/wp\/v2\/product_brand?post=5473"},{"taxonomy":"product_cat","embeddable":true,"href":"https:\/\/tienda.ismet.es\/index.php\/wp-json\/wp\/v2\/product_cat?post=5473"},{"taxonomy":"product_tag","embeddable":true,"href":"https:\/\/tienda.ismet.es\/index.php\/wp-json\/wp\/v2\/product_tag?post=5473"}],"curies":[{"name":"wp","href":"https:\/\/api.w.org\/{rel}","templated":true}]}}