{"id":5471,"date":"2020-10-05T12:01:27","date_gmt":"2020-10-05T11:01:27","guid":{"rendered":"https:\/\/tienda.ismet.es\/?post_type=product&#038;p=5471"},"modified":"2026-04-27T11:32:36","modified_gmt":"2026-04-27T10:32:36","slug":"masaje-oncologico","status":"publish","type":"product","link":"https:\/\/tienda.ismet.es\/index.php\/producto\/masaje-oncologico\/","title":{"rendered":"&#8211; Masaje oncol\u00f3gico, tacto compasivo en el cuidado de la salud"},"content":{"rendered":"[vc_row][vc_column][vc_video link=&#8221;https:\/\/youtu.be\/rZTKyYit5eI&#8221;][vc_column_text]\n<hr \/>\n<h4>Objetivos<\/h4>\n<ul>\n<li>Entender el proceso del c\u00e1ncer, los tratamientos m\u00e9dicos habituales y las contraindicaciones para masaje.<\/li>\n<li>Saber derivar al cliente oncol\u00f3gico a su onc\u00f3logo cuando observamos alg\u00fan s\u00edntoma persistente.<\/li>\n<li>Aprender la ciencia de como el masaje oncol\u00f3gico reduce la ansiedad, depresi\u00f3n, fatiga, dolor e insomnio.<\/li>\n<li>Aprender a usar el masaje oncol\u00f3gico de forma segura y de qu\u00e9 manera las terapias manuales pueden apoyar a los pacientes en sus molestias f\u00edsicas y emocionales durante y despu\u00e9s del tratamiento m\u00e9dico.<\/li>\n<li>Realizar las t\u00e9cnicas espec\u00edficas de masaje oncol\u00f3gico de forma correcta y profesional.<\/li>\n<li>Dominar las t\u00e9cnicas modificadas para trabajar de forma segura y efectiva con un sistema linf\u00e1tico comprometido.<\/li>\n<li>Aprender a dise\u00f1ar una sesi\u00f3n de masaje oncol\u00f3gico seguro y efectivo para un cliente m\u00e9dicamente comprometido.<\/li>\n<li style=\"list-style-type: none;\"><\/li>\n<\/ul>\n<p><!--\n\n\n<h4>Impartido por:<\/h4>\n\n\n<strong>Montse Garc\u00eda<\/strong>\nNatur\u00f3pata, Quiromasajista. Experta en reflexoterapia podal y masaje deportivo. Facioterapeuta, formadora certificada en Facioterapia-Dien Chan por el Profesor Dr. B\u00f9i Qu\u00f4c Ch\u00e2u en Espa\u00f1a (2004) y en Ho Chi Minh, en Vietnam (2006 y 2009). Coordinadora de masajistas deportivos en Competiciones de \u00e1mbito nacional e internacional. Premio \u201cSta. \u00c1gueda 2008\u201d, por su dedicaci\u00f3n y trayectoria en el mundo del deporte\n\n<strong>Montse Espejo<\/strong>\nQuiromasajista, linfoterapeuta.\n\n<strong>Sonia Carrera<\/strong>\nDiplomada en fisioterapia y enfermer\u00eda. Especialista en drenaje linf\u00e1tico y fisioterapia oncol\u00f3gica.\n--><br \/>\n[\/vc_column_text][\/vc_column][\/vc_row]\n","protected":false},"excerpt":{"rendered":"<p>Modalidad presencial. <span style=\"color: #7f7dd1;\"><strong><br \/>\nD\u00edas: 16, 17 y 18 de septiembre 2026.<\/strong><br \/>\nHorario: mi\u00e9rcoles (9:30 a 14 y de 15 a 18:30h), jueves (de 9 a 14 y de 15 a 18h) y viernes (de 9 a 15h).<\/span><\/p>\n<hr \/>\n<p><strong>Precio total:<\/strong> 450\u20ac. Modalidad de pago: Reserva de plaza: (150\u20ac) + 300\u20ac (1er d\u00eda de curso), en efectivo o tarjeta, en secretar\u00eda.<\/p>\n<hr \/>\n<p>El masaje oncol\u00f3gico reduce los efectos secundarios causados por los tratamientos convencionales de c\u00e1ncer y los s\u00edntomas del proceso de la enfermedad misma&#8230; (<a href=\"#tab-description\">Ver m\u00e1s informaci\u00f3n<\/a>)<\/p>\n","protected":false},"featured_media":21921,"comment_status":"open","ping_status":"closed","template":"","meta":{"_joinchat":[]},"product_brand":[],"product_cat":[617,89,98,179,222],"product_tag":[805,357,429,767,431,430,766],"class_list":{"0":"post-5471","1":"product","2":"type-product","3":"status-publish","4":"has-post-thumbnail","6":"product_cat-imagenes-profesores","7":"product_cat-terapias-manuales","8":"product_cat-cursos","9":"product_cat-cursos-presenciales","10":"product_cat-presencial-septiembre","11":"product_tag-cancer","12":"product_tag-masaje","13":"product_tag-masaje-onco","14":"product_tag-masaje-oncologico","15":"product_tag-onco","16":"product_tag-oncologico","17":"product_tag-tacto-compasivo","18":"pa_ediciones-edicion-septiembre","20":"first","21":"instock","22":"purchasable","23":"product-type-simple"},"_links":{"self":[{"href":"https:\/\/tienda.ismet.es\/index.php\/wp-json\/wp\/v2\/product\/5471","targetHints":{"allow":["GET"]}}],"collection":[{"href":"https:\/\/tienda.ismet.es\/index.php\/wp-json\/wp\/v2\/product"}],"about":[{"href":"https:\/\/tienda.ismet.es\/index.php\/wp-json\/wp\/v2\/types\/product"}],"replies":[{"embeddable":true,"href":"https:\/\/tienda.ismet.es\/index.php\/wp-json\/wp\/v2\/comments?post=5471"}],"wp:featuredmedia":[{"embeddable":true,"href":"https:\/\/tienda.ismet.es\/index.php\/wp-json\/wp\/v2\/media\/21921"}],"wp:attachment":[{"href":"https:\/\/tienda.ismet.es\/index.php\/wp-json\/wp\/v2\/media?parent=5471"}],"wp:term":[{"taxonomy":"product_brand","embeddable":true,"href":"https:\/\/tienda.ismet.es\/index.php\/wp-json\/wp\/v2\/product_brand?post=5471"},{"taxonomy":"product_cat","embeddable":true,"href":"https:\/\/tienda.ismet.es\/index.php\/wp-json\/wp\/v2\/product_cat?post=5471"},{"taxonomy":"product_tag","embeddable":true,"href":"https:\/\/tienda.ismet.es\/index.php\/wp-json\/wp\/v2\/product_tag?post=5471"}],"curies":[{"name":"wp","href":"https:\/\/api.w.org\/{rel}","templated":true}]}}