{"id":32090,"date":"2026-03-26T11:22:46","date_gmt":"2026-03-26T10:22:46","guid":{"rendered":"https:\/\/tienda.ismet.es\/?post_type=product&#038;p=32090"},"modified":"2026-03-26T13:27:04","modified_gmt":"2026-03-26T12:27:04","slug":"cronobiologia-aplicada-a-la-nutricion","status":"publish","type":"product","link":"https:\/\/tienda.ismet.es\/index.php\/producto\/cronobiologia-aplicada-a-la-nutricion\/","title":{"rendered":"&#8211; Cronobiolog\u00eda aplicada a la nutrici\u00f3n"},"content":{"rendered":"[vc_row][vc_column][vc_video link=&#8221;https:\/\/youtu.be\/pqQWuyuEsxE?si=HXeDFqRPPQn9lZhA&#8221;][vc_column_text]\n<div class=\"woocommerce-product-details__short-description\">\n<hr \/>\n<p><b>Aprender\u00e1s a aplicar los principios de la crononutrici\u00f3n,<\/b>\u00a0una disciplina emergente que estudia la relaci\u00f3n entre los horarios de ingesta y el metabolismo, para favorecer la regulaci\u00f3n hormonal, mejorar la calidad del sue\u00f1o, optimizar la energ\u00eda diaria y prevenir trastornos metab\u00f3licos.<\/p>\n<hr \/>\n<p>A trav\u00e9s de\u00a0<b>ejemplos pr\u00e1cticos,<\/b>\u00a0herramientas sencillas y estrategias aplicables en la vida cotidiana como el Test del Relojero\u2014 podr\u00e1s dise\u00f1ar rutinas m\u00e1s saludables, respetuosas con la fisiolog\u00eda del cuerpo y adaptadas a cada persona. Recupera tu ritmo natural, mejora tu vitalidad y aprende a acompa\u00f1ar a tus pacientes o alumnos en el proceso de sincronizar su estilo de vida con su biolog\u00eda. Tu reloj interno puede convertirse en uno de los mejores aliados para la salud<\/p>\n<\/div>\n<hr \/>\n<p><!--\n\n\n<h4>Impartido por: Montserrat Sorli Ivern<\/h4>\n\n\nTerapeuta cu\u00e1ntica, con m\u00e1s de 30 a\u00f1os de experiencia. Empresaria de un negocio de cosm\u00e9tica natural. Terapeuta y Medium Canalizadora. Formaci\u00f3n en Naturopat\u00eda, reflexolog\u00eda, auriculoterapia, kinesiolog\u00eda, acupuntura, cromoterapia , esencias florales, maestra de Reiki.--><\/p>\n[\/vc_column_text][\/vc_column][\/vc_row]\n","protected":false},"excerpt":{"rendered":"<p>Curso\u00a0<strong>online en directo<\/strong>\u00a0a trav\u00e9s de Microsoft Teams.<br \/>\n<span style=\"color: #7f7dd1;\" data-darkreader-inline-color=\"\"><br \/>\nAcceso al curso: 4 al 31 de mayo de 2026.<br \/>\nSesiones en directo: 12, 19 y 26 de mayo de 2026, de 18:00 a 20:00 h.<\/span><\/p>\n<hr \/>\n<p><strong>Precio taller: <\/strong>120\u20ac<\/p>\n<hr \/>\n<p>Aprender\u00e1s a aplicar los principios de la crononutrici\u00f3n,\u00a0una disciplina emergente que estudia la relaci\u00f3n entre los horarios de ingesta&#8230; (<a href=\"#tab-description\">Ver m\u00e1s informaci\u00f3n<\/a>)<\/p>\n","protected":false},"featured_media":32094,"comment_status":"open","ping_status":"closed","template":"","meta":{"_joinchat":[]},"product_brand":[],"product_cat":[617,82,92,98,179,198],"product_tag":[390,389,824,388],"class_list":{"0":"post-32090","1":"product","2":"type-product","3":"status-publish","4":"has-post-thumbnail","6":"product_cat-imagenes-profesores","7":"product_cat-naturopatia","8":"product_cat-crecimiento-personal","9":"product_cat-cursos","10":"product_cat-cursos-presenciales","11":"product_cat-presencial-mayo","12":"product_tag-cromo","13":"product_tag-cromoterapia","14":"product_tag-luz","15":"product_tag-montserrat-sorli-ivern","17":"first","18":"instock","19":"purchasable","20":"product-type-simple"},"_links":{"self":[{"href":"https:\/\/tienda.ismet.es\/index.php\/wp-json\/wp\/v2\/product\/32090","targetHints":{"allow":["GET"]}}],"collection":[{"href":"https:\/\/tienda.ismet.es\/index.php\/wp-json\/wp\/v2\/product"}],"about":[{"href":"https:\/\/tienda.ismet.es\/index.php\/wp-json\/wp\/v2\/types\/product"}],"replies":[{"embeddable":true,"href":"https:\/\/tienda.ismet.es\/index.php\/wp-json\/wp\/v2\/comments?post=32090"}],"wp:featuredmedia":[{"embeddable":true,"href":"https:\/\/tienda.ismet.es\/index.php\/wp-json\/wp\/v2\/media\/32094"}],"wp:attachment":[{"href":"https:\/\/tienda.ismet.es\/index.php\/wp-json\/wp\/v2\/media?parent=32090"}],"wp:term":[{"taxonomy":"product_brand","embeddable":true,"href":"https:\/\/tienda.ismet.es\/index.php\/wp-json\/wp\/v2\/product_brand?post=32090"},{"taxonomy":"product_cat","embeddable":true,"href":"https:\/\/tienda.ismet.es\/index.php\/wp-json\/wp\/v2\/product_cat?post=32090"},{"taxonomy":"product_tag","embeddable":true,"href":"https:\/\/tienda.ismet.es\/index.php\/wp-json\/wp\/v2\/product_tag?post=32090"}],"curies":[{"name":"wp","href":"https:\/\/api.w.org\/{rel}","templated":true}]}}