{"id":31967,"date":"2026-03-12T11:41:06","date_gmt":"2026-03-12T10:41:06","guid":{"rendered":"https:\/\/tienda.ismet.es\/?post_type=product&#038;p=31967"},"modified":"2026-03-12T13:03:08","modified_gmt":"2026-03-12T12:03:08","slug":"solicitud-tramites-administrativos","status":"publish","type":"product","link":"https:\/\/tienda.ismet.es\/index.php\/producto\/solicitud-tramites-administrativos\/","title":{"rendered":"Solicitud tr\u00e1mites administrativos"},"content":{"rendered":"","protected":false},"excerpt":{"rendered":"<p>En esta p\u00e1gina puedes solicitar diversos tr\u00e1mites administrativos y recibirlos en formato digital o f\u00edsico. Por ejemplo:<\/p>\n<ul>\n<li>Copia del plan de estudios de una titulaci\u00f3n,<\/li>\n<li>Copia del programa de estudios de asignaturas,<\/li>\n<li>Certificados espec\u00edficos, etc.<\/li>\n<\/ul>\n<p>Por favor indica en el formulario qu\u00e9 tr\u00e1mite deseas realizar y completa toda la informaci\u00f3n lo m\u00e1s detalladamente posible, especialmente si necesitas que en el documento emitido conste alguna informaci\u00f3n espec\u00edfica.<\/p>\n<p><span style=\"color: #ff0000;\"><strong>Importante:<\/strong><\/span><\/p>\n<ul>\n<li>Plazo para realizar los tr\u00e1mites es de 15 d\u00edas naturales.<\/li>\n<li>Puedes solicitar el env\u00edo de la gesti\u00f3n de forma digital o f\u00edsica (recogi\u00e9ndolo en el centro, no se realizan env\u00edos por correo).<\/li>\n<li>Si no pudiera desplazarse presencialmente a Secretar\u00eda para recoger el documento, podr\u00e1 enviar una persona en su nombre o contratar un servicio de mensajer\u00eda (la contrataci\u00f3n y gastos corren a cargo del alumno).<\/li>\n<\/ul>\n","protected":false},"featured_media":31970,"comment_status":"open","ping_status":"closed","template":"","meta":{"_joinchat":[]},"product_brand":[],"product_cat":[88,261],"product_tag":[263,262,398,933],"class_list":{"0":"post-31967","1":"product","2":"type-product","3":"status-publish","4":"has-post-thumbnail","6":"product_cat-otros","7":"product_cat-diplomas-y-titulos","8":"product_tag-certificados","9":"product_tag-diplomas","10":"product_tag-programa-formativo","11":"product_tag-titulo-formativo","13":"first","14":"instock","15":"sold-individually","16":"taxable","17":"shipping-taxable","18":"purchasable","19":"product-type-variable","20":"has-default-attributes"},"_links":{"self":[{"href":"https:\/\/tienda.ismet.es\/index.php\/wp-json\/wp\/v2\/product\/31967","targetHints":{"allow":["GET"]}}],"collection":[{"href":"https:\/\/tienda.ismet.es\/index.php\/wp-json\/wp\/v2\/product"}],"about":[{"href":"https:\/\/tienda.ismet.es\/index.php\/wp-json\/wp\/v2\/types\/product"}],"replies":[{"embeddable":true,"href":"https:\/\/tienda.ismet.es\/index.php\/wp-json\/wp\/v2\/comments?post=31967"}],"wp:featuredmedia":[{"embeddable":true,"href":"https:\/\/tienda.ismet.es\/index.php\/wp-json\/wp\/v2\/media\/31970"}],"wp:attachment":[{"href":"https:\/\/tienda.ismet.es\/index.php\/wp-json\/wp\/v2\/media?parent=31967"}],"wp:term":[{"taxonomy":"product_brand","embeddable":true,"href":"https:\/\/tienda.ismet.es\/index.php\/wp-json\/wp\/v2\/product_brand?post=31967"},{"taxonomy":"product_cat","embeddable":true,"href":"https:\/\/tienda.ismet.es\/index.php\/wp-json\/wp\/v2\/product_cat?post=31967"},{"taxonomy":"product_tag","embeddable":true,"href":"https:\/\/tienda.ismet.es\/index.php\/wp-json\/wp\/v2\/product_tag?post=31967"}],"curies":[{"name":"wp","href":"https:\/\/api.w.org\/{rel}","templated":true}]}}