{"id":31912,"date":"2026-03-04T10:50:48","date_gmt":"2026-03-04T09:50:48","guid":{"rendered":"https:\/\/tienda.ismet.es\/?post_type=product&#038;p=31912"},"modified":"2026-03-04T11:12:58","modified_gmt":"2026-03-04T10:12:58","slug":"evaluacion-y-abordaje-terapeutico-de-la-ansiedad","status":"publish","type":"product","link":"https:\/\/tienda.ismet.es\/index.php\/producto\/evaluacion-y-abordaje-terapeutico-de-la-ansiedad\/","title":{"rendered":"&#8211; Evaluaci\u00f3n y abordaje terap\u00e9utico de la ansiedad"},"content":{"rendered":"[vc_row][vc_column][vc_video link=&#8221;&#8221;][vc_column_text]\n<div class=\"woocommerce-product-details__short-description\">\n<p>&nbsp;<\/p>\n<\/div>\n<p>La ansiedad se ha convertido en uno de los grandes desaf\u00edos de nuestra sociedad. No se trata solo de nerviosismo ocasional, sino de un estado que limita la vida personal, social y profesional de millones de personas.<\/p>\n<p>Actualmente, cerca del 46% de la poblaci\u00f3n mundial (y un 26% en Espa\u00f1a) recurre a ansiol\u00edticos para poder funcionar en su d\u00eda a d\u00eda. Sin embargo, en muchos casos, estos tratamientos no abordan el origen real del problema ni ense\u00f1an a la persona a gestionar lo que le ocurre.<\/p>\n<p>Este curso nace con el objetivo de comprender profundamente la ansiedad y ofrecer herramientas pr\u00e1cticas y eficaces para abordarla de forma integral, tanto en consulta terap\u00e9utica como a nivel personal.<\/p>\n<p>A lo largo de la formaci\u00f3n aprender\u00e1s a diferenciar la ansiedad del simple nerviosismo, a identificar sus verdaderas causas y, sobre todo, a gestionar los s\u00edntomas f\u00edsicos y emocionales que aparecen antes y durante los escenarios temidos (espacios abiertos o cerrados, aglomeraciones, ruidos, ex\u00e1menes, pruebas m\u00e9dicas, entrevistas, estr\u00e9s laboral, etc.).<\/p>\n<hr \/>\n[\/vc_column_text][\/vc_column][\/vc_row]\n","protected":false},"excerpt":{"rendered":"<p>Modalidad presencial<span style=\"color: #7f7dd1;\" data-darkreader-inline-color=\"\"><strong><br \/>\nS\u00e1bado 9 de mayo 2026, de 9 a 19 h. y domingo 10 de mayo 2026, de 9 a 15 h.<br \/>\n<\/strong><\/span><\/p>\n<hr \/>\n<p>Precio: 220\u20ac. Reserva: 80\u20ac (a abonar en el momento de formalizar tu inscripci\u00f3n) + 140\u20ac, a abonar el d\u00eda del curso, en efectivo o tarjeta.<\/p>\n","protected":false},"featured_media":31913,"comment_status":"open","ping_status":"closed","template":"","meta":{"_joinchat":[]},"product_brand":[],"product_cat":[617,82,184,98,180,198],"product_tag":[726,875,219,725,399,705,327],"class_list":{"0":"post-31912","1":"product","2":"type-product","3":"status-publish","4":"has-post-thumbnail","6":"product_cat-imagenes-profesores","7":"product_cat-naturopatia","8":"product_cat-alimentacion-saludable","9":"product_cat-cursos","10":"product_cat-online","11":"product_cat-presencial-mayo","12":"product_tag-analiticas","13":"product_tag-analiticas-y-su-abordaje","14":"product_tag-enric-ser","15":"product_tag-hormonologia","16":"product_tag-naturopatia","17":"product_tag-ortomolecular","18":"product_tag-suplementacion","19":"pa_ediciones-edicion-diciembre","20":"pa_ediciones-edicion-enero","21":"pa_ediciones-edicion-febrero","22":"pa_ediciones-edicion-marzo","23":"pa_ediciones-edicion-abril","24":"pa_ediciones-edicion-mayo","25":"pa_ediciones-edicion-junio","26":"pa_ediciones-edicion-julio","28":"first","29":"instock","30":"purchasable","31":"product-type-simple"},"_links":{"self":[{"href":"https:\/\/tienda.ismet.es\/index.php\/wp-json\/wp\/v2\/product\/31912","targetHints":{"allow":["GET"]}}],"collection":[{"href":"https:\/\/tienda.ismet.es\/index.php\/wp-json\/wp\/v2\/product"}],"about":[{"href":"https:\/\/tienda.ismet.es\/index.php\/wp-json\/wp\/v2\/types\/product"}],"replies":[{"embeddable":true,"href":"https:\/\/tienda.ismet.es\/index.php\/wp-json\/wp\/v2\/comments?post=31912"}],"wp:featuredmedia":[{"embeddable":true,"href":"https:\/\/tienda.ismet.es\/index.php\/wp-json\/wp\/v2\/media\/31913"}],"wp:attachment":[{"href":"https:\/\/tienda.ismet.es\/index.php\/wp-json\/wp\/v2\/media?parent=31912"}],"wp:term":[{"taxonomy":"product_brand","embeddable":true,"href":"https:\/\/tienda.ismet.es\/index.php\/wp-json\/wp\/v2\/product_brand?post=31912"},{"taxonomy":"product_cat","embeddable":true,"href":"https:\/\/tienda.ismet.es\/index.php\/wp-json\/wp\/v2\/product_cat?post=31912"},{"taxonomy":"product_tag","embeddable":true,"href":"https:\/\/tienda.ismet.es\/index.php\/wp-json\/wp\/v2\/product_tag?post=31912"}],"curies":[{"name":"wp","href":"https:\/\/api.w.org\/{rel}","templated":true}]}}