{"id":31517,"date":"2026-01-27T10:03:20","date_gmt":"2026-01-27T09:03:20","guid":{"rendered":"https:\/\/tienda.ismet.es\/?post_type=product&#038;p=31517"},"modified":"2026-03-23T10:22:15","modified_gmt":"2026-03-23T09:22:15","slug":"suplementacion-para-regular-sistema-nervioso-y-nervio-vago","status":"publish","type":"product","link":"https:\/\/tienda.ismet.es\/index.php\/producto\/suplementacion-para-regular-sistema-nervioso-y-nervio-vago\/","title":{"rendered":"&#8211; Suplementaci\u00f3n para regular sistema nervioso y nervio vago"},"content":{"rendered":"[vc_row][vc_column][vc_video link=&#8221;&#8221;][vc_column_text]\n<hr \/>\n<div class=\"woocommerce-product-details__short-description\">QU\u00c9 ES LA SUPLEMENTACI\u00d3N<br \/>\nLa suplementaci\u00f3n nutricional complementa una dieta saludable y puede ayudar a proporcionar uno<br \/>\no m\u00e1s nutrientes como vitaminas, minerales, prote\u00ednas, y otras sustancias nutritivas, para complementar la dieta diaria. Estos suplementos ayudan a asegurar que el cuerpo reciba todos los nutrientes necesarios para funcionar de forma adecuada, especialmente cuando la dieta no es suficiente, y tambi\u00e9n se pueden aplicar para tratar o apoyar en la mejora de diversas condiciones de salud.<\/p>\n<hr \/>\n<h4>Objetivos<\/h4>\n<p>Al finalizar este curso de especializaci\u00f3n Nutricional sus participantes ser\u00e1n capaces de:<br \/>\n\u2022 Detectar excesos o defectos de neurotransmisores en los pacientes que presentan alteraciones neurol\u00f3gicas (depresi\u00f3n, insomnio, cefaleas, etc.)<br \/>\n\u2022 Abordar la regulaci\u00f3n del Nervio Vago con todas sus implicaciones disfuncionales.<br \/>\n\u2022 Realizar recomendaciones diet\u00e9ticas y de suplementaci\u00f3n junto a otras procedentes de terapias afines (fitoterapia, homeopat\u00eda, oligoelementos, biosales, floral&#8230;) para equilibrar y sanar las alteraciones que explicitamos a continuaci\u00f3n en el programa del Curso.<\/p>\n<\/div>\n<hr \/>\n<h4>Programa del Curso<\/h4>\n<p>1. FISIOLOG\u00cdA DEL SISTEMA NERVIOSO<br \/>\n2. EPIDEMIOLOG\u00cdA<br \/>\n3. ABORDAJE DEL ESTR\u00c9S<br \/>\n4. DEPRESI\u00d3N<br \/>\n5. TRASTORNOS DEL SUE\u00d1O E INSOMNIO<br \/>\n6. CEFALEA Y MIGRA\u00d1A<br \/>\n7. ABORDAJE DE LA MEMORIA<br \/>\n8. REGULACI\u00d3N DEL NERVIO VAGO<br \/>\n9. ANEXOS<\/p>\n<hr \/>\n[\/vc_column_text][\/vc_column][\/vc_row]\n","protected":false},"excerpt":{"rendered":"<p>En directo por Teams\/ Curso online,<span style=\"color: #7f7dd1;\" data-darkreader-inline-color=\"\"><strong><br \/>\nD\u00edas: 13-20-27 de abril del 2026.<br \/>\nHorario: de 9:30 a 13:30 h.<br \/>\n<\/strong><\/span><\/p>\n","protected":false},"featured_media":31528,"comment_status":"open","ping_status":"closed","template":"","meta":{"_joinchat":[]},"product_brand":[],"product_cat":[223,617,82,184,98,180,205,197],"product_tag":[726,875,219,725,399,705,327],"class_list":{"0":"post-31517","1":"product","2":"type-product","3":"status-publish","4":"has-post-thumbnail","6":"product_cat-black-friday","7":"product_cat-imagenes-profesores","8":"product_cat-naturopatia","9":"product_cat-alimentacion-saludable","10":"product_cat-cursos","11":"product_cat-online","12":"product_cat-online-abril","13":"product_cat-presencial-abril","14":"product_tag-analiticas","15":"product_tag-analiticas-y-su-abordaje","16":"product_tag-enric-ser","17":"product_tag-hormonologia","18":"product_tag-naturopatia","19":"product_tag-ortomolecular","20":"product_tag-suplementacion","21":"pa_ediciones-edicion-diciembre","22":"pa_ediciones-edicion-enero","23":"pa_ediciones-edicion-febrero","24":"pa_ediciones-edicion-marzo","25":"pa_ediciones-edicion-abril","26":"pa_ediciones-edicion-mayo","27":"pa_ediciones-edicion-junio","28":"pa_ediciones-edicion-julio","30":"first","31":"instock","32":"purchasable","33":"product-type-simple"},"_links":{"self":[{"href":"https:\/\/tienda.ismet.es\/index.php\/wp-json\/wp\/v2\/product\/31517","targetHints":{"allow":["GET"]}}],"collection":[{"href":"https:\/\/tienda.ismet.es\/index.php\/wp-json\/wp\/v2\/product"}],"about":[{"href":"https:\/\/tienda.ismet.es\/index.php\/wp-json\/wp\/v2\/types\/product"}],"replies":[{"embeddable":true,"href":"https:\/\/tienda.ismet.es\/index.php\/wp-json\/wp\/v2\/comments?post=31517"}],"wp:featuredmedia":[{"embeddable":true,"href":"https:\/\/tienda.ismet.es\/index.php\/wp-json\/wp\/v2\/media\/31528"}],"wp:attachment":[{"href":"https:\/\/tienda.ismet.es\/index.php\/wp-json\/wp\/v2\/media?parent=31517"}],"wp:term":[{"taxonomy":"product_brand","embeddable":true,"href":"https:\/\/tienda.ismet.es\/index.php\/wp-json\/wp\/v2\/product_brand?post=31517"},{"taxonomy":"product_cat","embeddable":true,"href":"https:\/\/tienda.ismet.es\/index.php\/wp-json\/wp\/v2\/product_cat?post=31517"},{"taxonomy":"product_tag","embeddable":true,"href":"https:\/\/tienda.ismet.es\/index.php\/wp-json\/wp\/v2\/product_tag?post=31517"}],"curies":[{"name":"wp","href":"https:\/\/api.w.org\/{rel}","templated":true}]}}