{"id":30540,"date":"2025-10-27T17:03:28","date_gmt":"2025-10-27T16:03:28","guid":{"rendered":"https:\/\/tienda.ismet.es\/?post_type=product&#038;p=30540"},"modified":"2026-02-13T14:37:44","modified_gmt":"2026-02-13T13:37:44","slug":"taller-practico-exploracion-y-tratamiento-manual-en-esguince-de-tobillo-por-dr-jordi-sagrera","status":"publish","type":"product","link":"https:\/\/tienda.ismet.es\/index.php\/producto\/taller-practico-exploracion-y-tratamiento-manual-en-esguince-de-tobillo-por-dr-jordi-sagrera\/","title":{"rendered":"&#8211; Taller pr\u00e1ctico exploraci\u00f3n y tratamiento manual en esguince de tobillo, por Dr. Jordi Sagrera"},"content":{"rendered":"[vc_row][vc_column][vc_video link=&#8221;&#8221;][vc_column_text]\n<div class=\"woocommerce-product-details__short-description\">\n<h4><\/h4>\n<p>El Dr. Sagrera nos presenta un taller 100% pr\u00e1ctico, donde nos presentar\u00e1<\/p>\n<p>El\u00a0<b>esguince de tobillo<\/b>\u00a0es una de las lesiones m\u00e1s comunes, tanto en el \u00e1mbito deportivo como en las actividades cotidianas. Su correcta evaluaci\u00f3n y tratamiento son fundamentales para lograr una pronta recuperaci\u00f3n y evitar complicaciones a largo plazo.<\/p>\n<p>En este\u00a0<b>taller pr\u00e1ctico<\/b>, aprender\u00e1s las mejores t\u00e9cnicas de exploraci\u00f3n y tratamiento manual para abordar de manera efectiva este tipo de lesi\u00f3n, garantizando resultados eficaces y una rehabilitaci\u00f3n exitosa.<\/p>\n<hr \/>\n<p>&nbsp;<\/p>\n<p><!--\n\n\n<h4>Impartido por: Jordi Sagrera Ferr\u00e1ndiz.<\/h4>\n\n\nLic. Medicina y cirug\u00eda UB 1973. Acreditado como m\u00e9dico naturista en el colegio de m\u00e9dicos de Barcelona (2005). Magister en Medicina Manual y Osteopat\u00eda en la Univ. Complutense de Madrid. Especializado en Terapias Manuales: Masaje y Osteopat\u00eda. Profesor externo en la Univ. Barcelona, Complutense de Madrid y La Cat\u00f3lica de Montevideo. Miembro de Semooym (sociedad espa\u00f1ola de Medicina Ortop\u00e9dica y manual). Asesor m\u00e9dico de RBA editores y autor de diversos libros. Profesor en cursos de pre y postgrado en distintas Universidades. Asesor m\u00e9dico ISMET en la elaboraci\u00f3n e impartici\u00f3n en distintos cursos.--><\/p>\n<ul>\n<li><b>.Palpaci\u00f3n de estructuras.<\/b><\/li>\n<li><b>.Biomec\u00e1nica.<\/b><\/li>\n<li><b>.Valoraci\u00f3n ligamentos tobillo.<br \/>\n<\/b><\/li>\n<li><b>.Valoraci\u00f3n tendinosa y muscular.<br \/>\n<\/b><\/li>\n<li><b>.Valoraci\u00f3n articular astr\u00e1galo, tibia y peron\u00e9.<br \/>\n<\/b><\/li>\n<li><b>.Test de choque articular.<br \/>\n<\/b><\/li>\n<li><b>.Maniobras fasciales.<br \/>\n<\/b><\/li>\n<li><b>.T\u00e9cnicas para tendones.<br \/>\n<\/b><\/li>\n<li><b>.Masaje m\u00fasculos.<br \/>\n<\/b><\/li>\n<li><b>.Masaje en estiramiento.<br \/>\n<\/b><\/li>\n<li><b>.T\u00e9cnica Cyriax en ligamentos.<br \/>\n<\/b><\/li>\n<li><b>.Correcci\u00f3n articular en tobillo y rodilla.<br \/>\n<\/b><\/li>\n<li><b>.Ejercicios de fortalecimiento y propiocepci\u00f3n.<\/b><\/li>\n<\/ul>\n[\/vc_column_text][\/vc_column][\/vc_row]\n<\/div>\n","protected":false},"excerpt":{"rendered":"<p>Modalidad presencial. <span style=\"color: #7f7dd1;\" data-darkreader-inline-color=\"\"><strong><br \/>\nprogramando fechas<\/strong><\/span><\/p>\n<hr \/>\n<p>Precio total: 130\u20ac. Reserva: 60\u20ac (a abonar en el momento de formalizar tu inscripci\u00f3n) + 70\u20ac, a abonar el d\u00eda del curso, en efectivo o tarjeta.<\/p>\n<hr \/>\n<p>(<a href=\"#tab-description\">Ver m\u00e1s informaci\u00f3n<\/a>)<\/p>\n","protected":false},"featured_media":30541,"comment_status":"open","ping_status":"closed","template":"","meta":{"_joinchat":[]},"product_brand":[],"product_cat":[617,89,98,179],"product_tag":[917,606,436,236,950,918,518,919,607,951,469,348],"class_list":{"0":"post-30540","1":"product","2":"type-product","3":"status-publish","4":"has-post-thumbnail","6":"product_cat-imagenes-profesores","7":"product_cat-terapias-manuales","8":"product_cat-cursos","9":"product_cat-cursos-presenciales","10":"product_tag-casos-clinicos","11":"product_tag-cronica","12":"product_tag-dolor","13":"product_tag-dr-sagrera","14":"product_tag-esguince","15":"product_tag-integral","16":"product_tag-lumbalgia","17":"product_tag-manual","18":"product_tag-pseudociatica","19":"product_tag-taller-practico","20":"product_tag-tratamiento-manual","21":"product_tag-whiplash","22":"pa_ediciones-edicion-diciembre","23":"pa_ediciones-edicion-enero","24":"pa_ediciones-edicion-febrero","25":"pa_ediciones-edicion-marzo","26":"pa_ediciones-edicion-abril","27":"pa_ediciones-edicion-mayo","28":"pa_ediciones-edicion-junio","29":"pa_ediciones-edicion-julio","30":"pa_ediciones-edicion-septiembre","31":"pa_ediciones-edicion-octubre","32":"pa_ediciones-edicion-noviembre","33":"pa_modalidad-online","35":"first","36":"outofstock","37":"purchasable","38":"product-type-simple"},"_links":{"self":[{"href":"https:\/\/tienda.ismet.es\/index.php\/wp-json\/wp\/v2\/product\/30540","targetHints":{"allow":["GET"]}}],"collection":[{"href":"https:\/\/tienda.ismet.es\/index.php\/wp-json\/wp\/v2\/product"}],"about":[{"href":"https:\/\/tienda.ismet.es\/index.php\/wp-json\/wp\/v2\/types\/product"}],"replies":[{"embeddable":true,"href":"https:\/\/tienda.ismet.es\/index.php\/wp-json\/wp\/v2\/comments?post=30540"}],"wp:featuredmedia":[{"embeddable":true,"href":"https:\/\/tienda.ismet.es\/index.php\/wp-json\/wp\/v2\/media\/30541"}],"wp:attachment":[{"href":"https:\/\/tienda.ismet.es\/index.php\/wp-json\/wp\/v2\/media?parent=30540"}],"wp:term":[{"taxonomy":"product_brand","embeddable":true,"href":"https:\/\/tienda.ismet.es\/index.php\/wp-json\/wp\/v2\/product_brand?post=30540"},{"taxonomy":"product_cat","embeddable":true,"href":"https:\/\/tienda.ismet.es\/index.php\/wp-json\/wp\/v2\/product_cat?post=30540"},{"taxonomy":"product_tag","embeddable":true,"href":"https:\/\/tienda.ismet.es\/index.php\/wp-json\/wp\/v2\/product_tag?post=30540"}],"curies":[{"name":"wp","href":"https:\/\/api.w.org\/{rel}","templated":true}]}}