{"id":30478,"date":"2025-10-17T15:26:15","date_gmt":"2025-10-17T14:26:15","guid":{"rendered":"https:\/\/tienda.ismet.es\/?post_type=product&#038;p=30478"},"modified":"2025-10-21T08:57:26","modified_gmt":"2025-10-21T07:57:26","slug":"certificado-de-notas","status":"publish","type":"product","link":"https:\/\/tienda.ismet.es\/index.php\/producto\/certificado-de-notas\/","title":{"rendered":"Solicitar certificado de notas"},"content":{"rendered":"","protected":false},"excerpt":{"rendered":"<p>En esta p\u00e1gina puedes solicitar tu certificado de notas.<\/p>\n<ul>\n<li style=\"display: row;\">Por favor indica en el formulario qu\u00e9 informaci\u00f3n debe incluir el certificado, y a qu\u00e9 programa corresponde.<\/li>\n<\/ul>\n","protected":false},"featured_media":30482,"comment_status":"open","ping_status":"closed","template":"","meta":{"_joinchat":[]},"product_brand":[],"product_cat":[88,261],"product_tag":[263,932],"class_list":{"0":"post-30478","1":"product","2":"type-product","3":"status-publish","4":"has-post-thumbnail","6":"product_cat-otros","7":"product_cat-diplomas-y-titulos","8":"product_tag-certificados","9":"product_tag-duplicado","11":"first","12":"instock","13":"sold-individually","14":"purchasable","15":"product-type-simple"},"_links":{"self":[{"href":"https:\/\/tienda.ismet.es\/index.php\/wp-json\/wp\/v2\/product\/30478","targetHints":{"allow":["GET"]}}],"collection":[{"href":"https:\/\/tienda.ismet.es\/index.php\/wp-json\/wp\/v2\/product"}],"about":[{"href":"https:\/\/tienda.ismet.es\/index.php\/wp-json\/wp\/v2\/types\/product"}],"replies":[{"embeddable":true,"href":"https:\/\/tienda.ismet.es\/index.php\/wp-json\/wp\/v2\/comments?post=30478"}],"wp:featuredmedia":[{"embeddable":true,"href":"https:\/\/tienda.ismet.es\/index.php\/wp-json\/wp\/v2\/media\/30482"}],"wp:attachment":[{"href":"https:\/\/tienda.ismet.es\/index.php\/wp-json\/wp\/v2\/media?parent=30478"}],"wp:term":[{"taxonomy":"product_brand","embeddable":true,"href":"https:\/\/tienda.ismet.es\/index.php\/wp-json\/wp\/v2\/product_brand?post=30478"},{"taxonomy":"product_cat","embeddable":true,"href":"https:\/\/tienda.ismet.es\/index.php\/wp-json\/wp\/v2\/product_cat?post=30478"},{"taxonomy":"product_tag","embeddable":true,"href":"https:\/\/tienda.ismet.es\/index.php\/wp-json\/wp\/v2\/product_tag?post=30478"}],"curies":[{"name":"wp","href":"https:\/\/api.w.org\/{rel}","templated":true}]}}