{"id":30431,"date":"2025-10-13T09:19:15","date_gmt":"2025-10-13T08:19:15","guid":{"rendered":"https:\/\/tienda.ismet.es\/?post_type=product&#038;p=30431"},"modified":"2026-03-23T10:02:36","modified_gmt":"2026-03-23T09:02:36","slug":"drenaje-linfatico-manual-pre-y-post-operatorio-basado-en-el-metodo-vodder","status":"publish","type":"product","link":"https:\/\/tienda.ismet.es\/index.php\/producto\/drenaje-linfatico-manual-pre-y-post-operatorio-basado-en-el-metodo-vodder\/","title":{"rendered":"&#8211; Drenaje linf\u00e1tico manual pre y post operatorio, basado en el M\u00e9todo Vodder"},"content":{"rendered":"[vc_row][vc_column][vc_video link=&#8221;https:\/\/youtu.be\/ISPcl_w27WQ?si=CeTQlZ9ahAn_yS86&#8243;][vc_column_text]\n<hr \/>\n<div class=\"woocommerce-product-details__short-description\">\n<p>El drenaje linf\u00e1tico es una t\u00e9cnica manual suave e indolora. Esta t\u00e9cnica es muy sutil y suele tener un efecto muy relajante y placentero para aquellas personas a las que se le aplica. Trabaja con movimientos lentos y dirigidos, aplica presi\u00f3n de forma lenta y repetitiva siguiendo la direcci\u00f3n de los conductos linf\u00e1ticos.<\/p>\n<hr \/>\n<p><strong>\u00bfQu\u00e9 aprender\u00e1s en este curso?<\/strong><\/p>\n<ul>\n<li>T\u00e9cnicas avanzadas de drenaje linf\u00e1tico manual (DLM): enfocadas en la anatom\u00eda y fisiolog\u00eda del sistema linf\u00e1tico, adaptadas espec\u00edficamente para tratamientos pre y postoperatorios.<\/li>\n<li>Drenaje linf\u00e1tico preoperatorio: Aprender\u00e1s c\u00f3mo preparar los tejidos antes de una cirug\u00eda para regular la microcirculaci\u00f3n y facilitar una recuperaci\u00f3n m\u00e1s r\u00e1pida. Adem\u00e1s, disminuir\u00e1s el estr\u00e9s y ansiedad de tus pacientes antes de la operaci\u00f3n.<\/li>\n<li>Drenaje linf\u00e1tico postoperatorio: Obtendr\u00e1s los conocimientos y habilidades para:<br \/>\nMejorar la circulaci\u00f3n sangu\u00ednea y linf\u00e1tica.<br \/>\nPrevenir complicaciones como fibrosis, seromas y cicatrices pat\u00f3genas.<br \/>\nAcelerar la reabsorci\u00f3n de edema y hematomas, reduciendo el dolor y la inflamaci\u00f3n.<br \/>\nEliminar m\u00e1s r\u00e1pidamente la anestesia, suero y medicamentos utilizados durante la intervenci\u00f3n.<br \/>\nAliviar el estr\u00e9s postoperatorio, proporcionando bienestar a los pacientes.<br \/>\nAyudar a recuperar la sensibilidad de la piel m\u00e1s r\u00e1pidamente.<\/li>\n<\/ul>\n<hr \/>\n[\/vc_column_text][\/vc_column][\/vc_row]\n<\/div>\n","protected":false},"excerpt":{"rendered":"<p>Modalidad presencial. <span style=\"color: #7f7dd1;\" data-darkreader-inline-color=\"\"><strong><br \/>\nJueves, del 7 de mayo al 11 de junio 2026. <\/strong><br \/>\nHorario; de 9.30 a 13:30 horas.<br \/>\n24 horas lectivas (6 sesiones)<\/span><\/p>\n<hr \/>\n<p>Precio total: 368\u20ac.<br \/>\nReserva de plaza 60\u20ac (a abonar en el momento de formalizar inscripci\u00f3n) + 2 pagos de 154\u20ac en efectivo o tarjeta, a abonar el 7 de mayo y el 4 junio 2026, en efectivo o tarjeta, en la secretar\u00eda de la escuela.<\/p>\n<hr \/>\n<p>&#8230; (<a href=\"#tab-description\">Ver m\u00e1s informaci\u00f3n<\/a>)<\/p>\n","protected":false},"featured_media":30458,"comment_status":"open","ping_status":"closed","template":"","meta":{"_joinchat":[]},"product_brand":[],"product_cat":[617,89,182,98,179,198],"product_tag":[462,464,417,942,941,387],"class_list":{"0":"post-30431","1":"product","2":"type-product","3":"status-publish","4":"has-post-thumbnail","6":"product_cat-imagenes-profesores","7":"product_cat-terapias-manuales","8":"product_cat-wellness-y-estetica","9":"product_cat-cursos","10":"product_cat-cursos-presenciales","11":"product_cat-presencial-mayo","12":"product_tag-drenaje-linfatico-manual","13":"product_tag-metodo-vodder","14":"product_tag-montse-espejo","15":"product_tag-post-operatorio","16":"product_tag-pre-y-post-operatorio","17":"product_tag-tecnicas-manuales","18":"pa_ediciones-edicion-diciembre","19":"pa_ediciones-edicion-enero","20":"pa_ediciones-edicion-febrero","21":"pa_ediciones-edicion-marzo","22":"pa_ediciones-edicion-abril","23":"pa_ediciones-edicion-mayo","24":"pa_ediciones-edicion-junio","25":"pa_ediciones-edicion-julio","26":"pa_ediciones-edicion-agosto","27":"pa_ediciones-edicion-septiembre","28":"pa_ediciones-edicion-octubre","29":"pa_ediciones-edicion-noviembre","30":"pa_modalidad-online","32":"first","33":"instock","34":"purchasable","35":"product-type-simple"},"_links":{"self":[{"href":"https:\/\/tienda.ismet.es\/index.php\/wp-json\/wp\/v2\/product\/30431","targetHints":{"allow":["GET"]}}],"collection":[{"href":"https:\/\/tienda.ismet.es\/index.php\/wp-json\/wp\/v2\/product"}],"about":[{"href":"https:\/\/tienda.ismet.es\/index.php\/wp-json\/wp\/v2\/types\/product"}],"replies":[{"embeddable":true,"href":"https:\/\/tienda.ismet.es\/index.php\/wp-json\/wp\/v2\/comments?post=30431"}],"wp:featuredmedia":[{"embeddable":true,"href":"https:\/\/tienda.ismet.es\/index.php\/wp-json\/wp\/v2\/media\/30458"}],"wp:attachment":[{"href":"https:\/\/tienda.ismet.es\/index.php\/wp-json\/wp\/v2\/media?parent=30431"}],"wp:term":[{"taxonomy":"product_brand","embeddable":true,"href":"https:\/\/tienda.ismet.es\/index.php\/wp-json\/wp\/v2\/product_brand?post=30431"},{"taxonomy":"product_cat","embeddable":true,"href":"https:\/\/tienda.ismet.es\/index.php\/wp-json\/wp\/v2\/product_cat?post=30431"},{"taxonomy":"product_tag","embeddable":true,"href":"https:\/\/tienda.ismet.es\/index.php\/wp-json\/wp\/v2\/product_tag?post=30431"}],"curies":[{"name":"wp","href":"https:\/\/api.w.org\/{rel}","templated":true}]}}