{"id":29877,"date":"2025-08-27T10:52:19","date_gmt":"2025-08-27T09:52:19","guid":{"rendered":"https:\/\/tienda.ismet.es\/?post_type=product&#038;p=29877"},"modified":"2026-02-12T13:26:20","modified_gmt":"2026-02-12T12:26:20","slug":"psiconeuroinmunologia","status":"publish","type":"product","link":"https:\/\/tienda.ismet.es\/index.php\/producto\/psiconeuroinmunologia\/","title":{"rendered":"&#8211; Psiconeuroinmunolog\u00eda PNI, para profesionales de salud integrativa"},"content":{"rendered":"[vc_row][vc_column][vc_video link=&#8221;&#8221;][vc_column_text]\n<div class=\"woocommerce-product-details__short-description\">\n<hr \/>\n<p>\u00bfQu\u00e9 es la Psiconeuroinmunolog\u00eda?<br \/>\nLa PNI estudia la interacci\u00f3n entre los sistemas nervioso, inmune, endocrino y el comportamiento psicosocial. Su enfoque reconoce que la salud es el resultado del equilibrio din\u00e1mico entre m\u00faltiples sistemas corporales, influenciados por el entorno, la alimentaci\u00f3n, el estr\u00e9s y la actividad f\u00edsica.<\/p>\n<p><strong>Programa<\/strong><\/p>\n<ul>\n<li>M\u00f3dulo 1. Introducci\u00f3n \u25cb Antecedentes hist\u00f3ricos de la PNIE<br \/>\n. Fundamentos de la PNIE<br \/>\n. Integraci\u00f3n de sistemas<br \/>\n. Eje Biopsico-contextual<\/li>\n<li>M\u00f3dulo 2. Diagn\u00f3stico funcional \u25cb Rangos funcionales<br \/>\n. Par\u00e1metros anal\u00edticos: Serie roja, metabolismo del hierro, serie blanca, perfil metab\u00f3lico, perfil hep\u00e1tico, perfil tiroideo, vitaminas y minerales.<\/li>\n<li>M\u00f3dulo 3. Microbiota \u25cb Funciones y metabolitos<br \/>\n. Composici\u00f3n<br \/>\n. Ventana de oportunidad<br \/>\n. Microbiota sana<br \/>\n. Microbiota y alimentaci\u00f3n<\/li>\n<li>M\u00f3dulo 4. Patolog\u00edas y protocolos habituales en PNIE<br \/>\n. Unidad gastroduodenal:<br \/>\nSalud bucal<br \/>\n\u2013 Est\u00f3mago (Hipoclorhidria, H. Pylory, autoinmunidad)<br \/>\n\u2013 P\u00e1ncreas (EPI)<br \/>\n\u2013 Ves\u00edcula Biliar (Insuficiencia Biliar y Litiasis)<br \/>\n\u2013 Duodeno (SII, SIBO, Par\u00e1sitos, C\u00e1ndida)<br \/>\n. Fatiga adrenal<br \/>\n. Dolor<br \/>\n. Neuroinflamaci\u00f3n<br \/>\n. Sue\u00f1o y descanso<\/li>\n<li>M\u00f3dulo 5. Emociones y salud \u25cb Emociones, conducta y dolor<br \/>\n. Regulaci\u00f3n emocional<br \/>\n. Estr\u00e9s y eje HPA<\/li>\n<li>M\u00f3dulo 6. Fundamentos de la consulta cl\u00ednica \u25cb Rol del terapeuta y \u00e9tica profesional<br \/>\n. La entrevista inicial<br \/>\n. Estructuraci\u00f3n de la consulta<br \/>\n. Manejo de las expectativas del paciente<\/li>\n<li>M\u00f3dulo 7. Herramientas y habilidades del terapeuta \u25cb Autocuidado y confianza profesional<br \/>\n. Habilidades emocionales<br \/>\n. Health coaching<\/li>\n<\/ul>\n<hr \/>\n<p><!--\n\n\n<h4>Impartido por: Miguel L\u00f3pez Alarc\u00f3n<\/h4>\n\n\nShiatsu terapeuta y t\u00e9cnicas japonesas-Diplomado en MTCH (Acupuntura) y terapias tradicionales chinas. D.A.P de COFENAT. Formaci\u00f3n complementaria en Quiropr\u00e1ctica, Kinesiolog\u00eda y Oligoterapia.--><\/p>\n[\/vc_column_text][\/vc_column][\/vc_row]\n<\/div>\n","protected":false},"excerpt":{"rendered":"<p>Modalidad onlie. <span style=\"color: #7f7dd1;\" data-darkreader-inline-color=\"\"><br \/>\nProgramando fechas<\/span><\/p>\n<hr \/>\n<p>Precio total: 922\u20ac. Se abona importe de reserva de plaza 70\u20ac.<br \/>\nEl importe restante del curso se domiciliar\u00e1 en 6 pagos de 142\u20ac\/mes, en los meses de enero hasta junio, por domiciliaci\u00f3n bancaria.<\/p>\n<p>Su enfoque reconoce que la salud es el resultado del equilibrio din\u00e1mico entre m\u00faltiples sistemas corporales, influenciados por el entorno, la alimentaci\u00f3n, el estr\u00e9s y la actividad f\u00edsica&#8230; (<a href=\"#tab-description\">Ver m\u00e1s informaci\u00f3n<\/a>)<\/p>\n","protected":false},"featured_media":29878,"comment_status":"open","ping_status":"closed","template":"","meta":{"_joinchat":[]},"product_brand":[],"product_cat":[617,89,98,179],"product_tag":[936,937,928,779],"class_list":{"0":"post-29877","1":"product","2":"type-product","3":"status-publish","4":"has-post-thumbnail","6":"product_cat-imagenes-profesores","7":"product_cat-terapias-manuales","8":"product_cat-cursos","9":"product_cat-cursos-presenciales","10":"product_tag-pni","11":"product_tag-psico","12":"product_tag-psiconeuroinmunologia","13":"product_tag-salud-integrativa","15":"first","16":"outofstock","17":"virtual","18":"purchasable","19":"product-type-simple"},"_links":{"self":[{"href":"https:\/\/tienda.ismet.es\/index.php\/wp-json\/wp\/v2\/product\/29877","targetHints":{"allow":["GET"]}}],"collection":[{"href":"https:\/\/tienda.ismet.es\/index.php\/wp-json\/wp\/v2\/product"}],"about":[{"href":"https:\/\/tienda.ismet.es\/index.php\/wp-json\/wp\/v2\/types\/product"}],"replies":[{"embeddable":true,"href":"https:\/\/tienda.ismet.es\/index.php\/wp-json\/wp\/v2\/comments?post=29877"}],"wp:featuredmedia":[{"embeddable":true,"href":"https:\/\/tienda.ismet.es\/index.php\/wp-json\/wp\/v2\/media\/29878"}],"wp:attachment":[{"href":"https:\/\/tienda.ismet.es\/index.php\/wp-json\/wp\/v2\/media?parent=29877"}],"wp:term":[{"taxonomy":"product_brand","embeddable":true,"href":"https:\/\/tienda.ismet.es\/index.php\/wp-json\/wp\/v2\/product_brand?post=29877"},{"taxonomy":"product_cat","embeddable":true,"href":"https:\/\/tienda.ismet.es\/index.php\/wp-json\/wp\/v2\/product_cat?post=29877"},{"taxonomy":"product_tag","embeddable":true,"href":"https:\/\/tienda.ismet.es\/index.php\/wp-json\/wp\/v2\/product_tag?post=29877"}],"curies":[{"name":"wp","href":"https:\/\/api.w.org\/{rel}","templated":true}]}}