{"id":29635,"date":"2025-07-15T11:38:45","date_gmt":"2025-07-15T10:38:45","guid":{"rendered":"https:\/\/tienda.ismet.es\/?post_type=product&#038;p=29635"},"modified":"2026-03-04T10:21:27","modified_gmt":"2026-03-04T09:21:27","slug":"geometria-sagrada-y-terapia","status":"publish","type":"product","link":"https:\/\/tienda.ismet.es\/index.php\/producto\/geometria-sagrada-y-terapia\/","title":{"rendered":"&#8211; Geometr\u00eda sagrada y terapia"},"content":{"rendered":"[vc_row][vc_column][vc_video link=&#8221;https:\/\/youtu.be\/dEtjRCWU2ss&#8221;][vc_column_text]\n<hr \/>\n<div class=\"woocommerce-product-details__short-description\">\n<h4>Beneficios de la Geometr\u00eda Sagrada<\/h4>\n<ul>\n<li><a id=\"objetivos\" name=\"objetivos\"><\/a>Armonizaci\u00f3n de nuestra vida cotidiana.<\/li>\n<li>Tratamientos para el agua, alimentos, e incluso para nuestras mascotas y plantas.<\/li>\n<li>Recuperaci\u00f3n de la informaci\u00f3n primordial de las c\u00e9lulas, mejorando sabor y textura de los alimentos.<\/li>\n<li>Armonizaci\u00f3n de chakras en animales y plantas, promoviendo su salud.<\/li>\n<\/ul>\n<\/div>\n<hr \/>\n<p><!--\n\n\n<h4>Impartido por: Montserrat Sorli Ivern<\/h4>\n\n\nTerapeuta cu\u00e1ntica, con m\u00e1s de 30 a\u00f1os de experiencia. Empresaria de un negocio de cosm\u00e9tica natural. Terapeuta y Medium Canalizadora. Formaci\u00f3n en Naturopat\u00eda, reflexolog\u00eda, auriculoterapia, kinesiolog\u00eda, acupuntura, cromoterapia , esencias florales, maestra de Reiki-->[\/vc_column_text][\/vc_column][\/vc_row]\n","protected":false},"excerpt":{"rendered":"<p>Modalidad presencial.<span style=\"color: #7f7dd1;\" data-darkreader-inline-color=\"\"><strong><br \/>\nS\u00e1bado 11 y domingo 12 de abril 2026.<br \/>\nHorario: s\u00e1bado, de 9 a 19h y domingo de 9 a 15 horas.<br \/>\n<\/strong><\/span><\/p>\n<hr \/>\n<p>Precio: 180\u20ac. Las plazas son limitadas. Es necesario reservar con antelaci\u00f3n y abonar 70\u20ac del importe. (El importe no se devolver\u00e1 en caso de anulaci\u00f3n por parte del alumno). El importe restante (110\u20ac) se abonar\u00e1 el 1er d\u00eda del curso, en efectivo o tarjeta.<\/p>\n<hr \/>\n<p>La Geometr\u00eda son figuras, formas o arquetipos m\u00f3rficos universales que constituyen un c\u00f3digo de lectura del mundo interior y exterior&#8230; (<a href=\"#tab-description\">Ver m\u00e1s informaci\u00f3n<\/a>)<\/p>\n","protected":false},"featured_media":29645,"comment_status":"open","ping_status":"closed","template":"","meta":{"_joinchat":[]},"product_brand":[],"product_cat":[617,92,183,98,180,197],"product_tag":[492,872,388,460],"class_list":{"0":"post-29635","1":"product","2":"type-product","3":"status-publish","4":"has-post-thumbnail","6":"product_cat-imagenes-profesores","7":"product_cat-crecimiento-personal","8":"product_cat-terapias-energeticas","9":"product_cat-cursos","10":"product_cat-online","11":"product_cat-presencial-abril","12":"product_tag-geometria-sagrada","13":"product_tag-iniciacion","14":"product_tag-montserrat-sorli-ivern","15":"product_tag-nivel-1","16":"pa_ediciones-edicion-diciembre","17":"pa_ediciones-edicion-enero","18":"pa_ediciones-edicion-febrero","19":"pa_ediciones-edicion-marzo","20":"pa_ediciones-edicion-abril","21":"pa_ediciones-edicion-mayo","22":"pa_ediciones-edicion-junio","23":"pa_ediciones-edicion-julio","24":"pa_ediciones-edicion-agosto","25":"pa_ediciones-edicion-septiembre","26":"pa_ediciones-edicion-octubre","27":"pa_ediciones-edicion-noviembre","28":"pa_modalidad-online","29":"pa_modalidad-presencial","31":"first","32":"instock","33":"purchasable","34":"product-type-simple"},"_links":{"self":[{"href":"https:\/\/tienda.ismet.es\/index.php\/wp-json\/wp\/v2\/product\/29635","targetHints":{"allow":["GET"]}}],"collection":[{"href":"https:\/\/tienda.ismet.es\/index.php\/wp-json\/wp\/v2\/product"}],"about":[{"href":"https:\/\/tienda.ismet.es\/index.php\/wp-json\/wp\/v2\/types\/product"}],"replies":[{"embeddable":true,"href":"https:\/\/tienda.ismet.es\/index.php\/wp-json\/wp\/v2\/comments?post=29635"}],"wp:featuredmedia":[{"embeddable":true,"href":"https:\/\/tienda.ismet.es\/index.php\/wp-json\/wp\/v2\/media\/29645"}],"wp:attachment":[{"href":"https:\/\/tienda.ismet.es\/index.php\/wp-json\/wp\/v2\/media?parent=29635"}],"wp:term":[{"taxonomy":"product_brand","embeddable":true,"href":"https:\/\/tienda.ismet.es\/index.php\/wp-json\/wp\/v2\/product_brand?post=29635"},{"taxonomy":"product_cat","embeddable":true,"href":"https:\/\/tienda.ismet.es\/index.php\/wp-json\/wp\/v2\/product_cat?post=29635"},{"taxonomy":"product_tag","embeddable":true,"href":"https:\/\/tienda.ismet.es\/index.php\/wp-json\/wp\/v2\/product_tag?post=29635"}],"curies":[{"name":"wp","href":"https:\/\/api.w.org\/{rel}","templated":true}]}}