{"id":29549,"date":"2025-07-07T13:48:01","date_gmt":"2025-07-07T12:48:01","guid":{"rendered":"https:\/\/tienda.ismet.es\/?post_type=product&#038;p=29549"},"modified":"2026-02-12T14:43:05","modified_gmt":"2026-02-12T13:43:05","slug":"craneopuntura","status":"publish","type":"product","link":"https:\/\/tienda.ismet.es\/index.php\/producto\/craneopuntura\/","title":{"rendered":"&#8211; Craneopuntura"},"content":{"rendered":"[vc_row][vc_column][vc_video link=&#8221;https:\/\/youtu.be\/5juRJQ9h0hk&#8221;][vc_column_text]\n<div class=\"woocommerce-product-details__short-description\">\n<hr \/>\n<p>\u00bfQu\u00e9 es la craneopuntura?<br \/>\nLa craneopuntura (tambi\u00e9n conocida como acupuntura craneal o acupuntura del cr\u00e1neo) es una t\u00e9cnica especializada dentro de la Medicina Tradicional China y la acupuntura contempor\u00e1nea que consiste en estimular \u00e1reas espec\u00edficas del cuero cabelludo mediante la inserci\u00f3n de agujas finas, con el objetivo de tratar diversas condiciones neurol\u00f3gicas, sensoriales y motoras.<\/p>\n<hr \/>\n<h4>Objetivos<\/h4>\n<ul>\n<li>Se pretende que el alumno, se forme como en la Craneopuntura tradicional de Jiao Shunfa, a trav\u00e9s de conocer las diecinueve zonas de punci\u00f3n, sus combinaciones, las patolog\u00edas que pueden ser tratadas con ella, as\u00ed como practicar la inserci\u00f3n de la aguja, manipulaci\u00f3n, direcci\u00f3n, y uso del aparato de electroacupuntura en esta t\u00e9cnica que aporta grandes resultados al acupuntor en la practica diaria.Ventajas de la Craneopuntura:\n<ul>\n<li>Alta eficacia en problemas neurol\u00f3gicos.<\/li>\n<li>T\u00e9cnica no invasiva y segura si se realiza con conocimiento anat\u00f3mico.<\/li>\n<li>Se puede combinar con acupuntura corporal, fisioterapia o medicina convencional.<\/li>\n<\/ul>\n<\/li>\n<\/ul>\n<\/div>\n<hr \/>\n<h4>Programa del Curso<\/h4>\n<ol>\n<li style=\"list-style-type: none;\">\n<ol>\n<li>Biograf\u00eda de Jiao Shunfa<\/li>\n<li>Localizaci\u00f3n de las zonas de excitaci\u00f3n (punci\u00f3n):<br \/>\nZona motora (zona motriz y zona del lenguaje I)<br \/>\nZona sensitiva<br \/>\nZona de corea y de control de movimientos involuntarios (zona de corea y temblores)<br \/>\nZona vasomotora (constricci\u00f3n-dilataci\u00f3n de 1os vasos) (zona vaso-motriz)<br \/>\nZona vertiginosa-auditiva (zona vest\u00edbulo-coclear)<br \/>\nSegunda zona del habla (zona del lenguaje II)<br \/>\nTercera zona del habla (zona del lenguaje III)<br \/>\nZona de praxia (zona psicomotriz)<br \/>\nZona de motora y sensitiva del pie (zona sensitivo-motriz del pie)<br \/>\nZona de la visi\u00f3n<br \/>\nZona del equilibrio<br \/>\nZona del est\u00f3mago<br \/>\nZona hepato-biliar<br \/>\nZona de la cavidad tor\u00e1cica (zona de t\u00f3rax)<br \/>\nZona genital (zona genito-urinaria)<br \/>\nZona intestinal<br \/>\nZona naso-gloso-far\u00edngea<br \/>\nZona psico-afectiva<br \/>\nZona de las enfermedades mentales<\/li>\n<li>T\u00e9cnicas de punci\u00f3n y protocolos<\/li>\n<li>Relaci\u00f3n de las zonas con la corteza Cerebral y principales indicaciones terap\u00e9uticas<\/li>\n<\/ol>\n<\/li>\n<\/ol>\n<hr \/>\n<p><!--\n\n\n<h4>Impartido por: Alfonso Delgado<\/h4>\n\n\nLicenciado. En Medicina Tradicional China. Natur\u00f3pata y Home\u00f3pata. T\u00e9cnico. Superior en Diet\u00e9tica.-->[\/vc_column_text][\/vc_column][\/vc_row]\n","protected":false},"excerpt":{"rendered":"<p>Modalidad presencial. <span style=\"color: #7f7dd1;\"><strong><br \/>\nProgramando fechas&#8230;<br \/>\n<\/strong><\/span><\/p>\n<hr \/>\n<p><strong>Precio Total: <\/strong> 165 \u20ac. Reserva: 50\u20ac (a abonar en el momento de formalizar tu inscripci\u00f3n) + 115\u20ac, a abonar el d\u00eda del curso, en efectivo o tarjeta.<br \/>\nPlazas limitadas. Reservar con antelaci\u00f3n.<\/p>\n<hr \/>\n<p>La craneopuntura (tambi\u00e9n conocida como acupuntura craneal o acupuntura del cr\u00e1neo)&#8230; (<a href=\"#tab-description\">Ver m\u00e1s informaci\u00f3n<\/a>)<\/p>\n<hr \/>\n","protected":false},"featured_media":31739,"comment_status":"open","ping_status":"closed","template":"","meta":{"_joinchat":[]},"product_brand":[],"product_cat":[617,90,182,98],"product_tag":[320,497,496,495,334],"class_list":{"0":"post-29549","1":"product","2":"type-product","3":"status-publish","4":"has-post-thumbnail","6":"product_cat-imagenes-profesores","7":"product_cat-medicina-china-y-acupuntura","8":"product_cat-wellness-y-estetica","9":"product_cat-cursos","10":"product_tag-acupuntura","11":"product_tag-electroacupuntura","12":"product_tag-laserpuntura","13":"product_tag-lifting-facial","14":"product_tag-mtc","16":"first","17":"instock","18":"purchasable","19":"product-type-simple"},"_links":{"self":[{"href":"https:\/\/tienda.ismet.es\/index.php\/wp-json\/wp\/v2\/product\/29549","targetHints":{"allow":["GET"]}}],"collection":[{"href":"https:\/\/tienda.ismet.es\/index.php\/wp-json\/wp\/v2\/product"}],"about":[{"href":"https:\/\/tienda.ismet.es\/index.php\/wp-json\/wp\/v2\/types\/product"}],"replies":[{"embeddable":true,"href":"https:\/\/tienda.ismet.es\/index.php\/wp-json\/wp\/v2\/comments?post=29549"}],"wp:featuredmedia":[{"embeddable":true,"href":"https:\/\/tienda.ismet.es\/index.php\/wp-json\/wp\/v2\/media\/31739"}],"wp:attachment":[{"href":"https:\/\/tienda.ismet.es\/index.php\/wp-json\/wp\/v2\/media?parent=29549"}],"wp:term":[{"taxonomy":"product_brand","embeddable":true,"href":"https:\/\/tienda.ismet.es\/index.php\/wp-json\/wp\/v2\/product_brand?post=29549"},{"taxonomy":"product_cat","embeddable":true,"href":"https:\/\/tienda.ismet.es\/index.php\/wp-json\/wp\/v2\/product_cat?post=29549"},{"taxonomy":"product_tag","embeddable":true,"href":"https:\/\/tienda.ismet.es\/index.php\/wp-json\/wp\/v2\/product_tag?post=29549"}],"curies":[{"name":"wp","href":"https:\/\/api.w.org\/{rel}","templated":true}]}}