{"id":29545,"date":"2025-07-07T12:02:52","date_gmt":"2025-07-07T11:02:52","guid":{"rendered":"https:\/\/tienda.ismet.es\/?post_type=product&#038;p=29545"},"modified":"2026-02-17T11:41:09","modified_gmt":"2026-02-17T10:41:09","slug":"puntos-gatillo-miofasciales","status":"publish","type":"product","link":"https:\/\/tienda.ismet.es\/index.php\/producto\/puntos-gatillo-miofasciales\/","title":{"rendered":"&#8211; Puntos gatillo miofasciales . Combinaci\u00f3n de t\u00e9cnicas japonesas aplicadas para el tratamiento del dolor musculoesquel\u00e9tico"},"content":{"rendered":"[vc_row][vc_column][vc_video link=&#8221;https:\/\/www.youtube.com\/embed\/n69GojwRUX0&#8243;][vc_column_text]\n<div class=\"woocommerce-product-details__short-description\">\n<hr \/>\n<p>El dolor miofascial es una de las principales causas de dolor musculoesquel\u00e9tico que afecta a personas de todas las edades. Su origen est\u00e1 en los Puntos Gatillo Miofasciales (PGM): peque\u00f1as zonas de contracci\u00f3n muscular sostenida que generan dolor, rigidez, y disfunci\u00f3n. Hoy sabemos que muchos cuadros de dolor cr\u00f3nico, limitaci\u00f3n articular o molestias difusas tienen como ra\u00edz la activaci\u00f3n de estos puntos. Esta teor\u00eda est\u00e1 respaldada por numerosos estudios cl\u00ednicos y publicaciones especializadas, y ha sido ampliamente difundida por referentes como Leon Chaitow, pionero en la integraci\u00f3n de terapias manuales avanzadas.<\/p>\n<hr \/>\n<p>Programa<\/p>\n<ul>\n<li>M\u00f3dulo 1\/ Cintura escapular y EESS<br \/>\nEnfocado en miembros superiores, cuello y cintura escapular<br \/>\nT\u00e9cnicas que aprender\u00e1s<br \/>\nIncorporamos un abordaje terap\u00e9utico integral basado en m\u00e9todos japoneses y orientales, aplicables tanto en consulta cl\u00ednica como en entornos est\u00e9ticos o deportivos:<br \/>\n&gt;Shiatsu: diferenciaci\u00f3n de t\u00e9cnicas digitales (intermitente, arrastre, isqu\u00e9mica)<br \/>\n&gt;Sotai (Stretching miotensivo por antagonistas)<br \/>\n&gt;Termiterapia japonesa (aparato termorregulador con masaje directo en m\u00fasculo)<br \/>\n&gt;Stretching pasivo y postisom\u00e9tricos<br \/>\n&gt;Hinaishin (agujas intrad\u00e9micas japonesas)<br \/>\n&gt;Kinesiotaping aplicado al m\u00fasculo afectado<br \/>\n&gt;Acupuntura \u00abtrigger point\u00bb (opcional seg\u00fan perfil del alumno)<\/li>\n<\/ul>\n<p>&nbsp;<\/p>\n<ul>\n<li>M\u00f3dulo 2\/ Regi\u00f3n lumbosacra y EEII<br \/>\nIntroducci\u00f3n al dolor miofascial: Identificaci\u00f3n y comprensi\u00f3n de los puntos gatillo.<br \/>\nTipos de puntos gatillo: Diferenciaci\u00f3n entre los puntos activos y latentes.<br \/>\nProtocolo Terap\u00e9utico Personalizado:<br \/>\n&gt;Shiatsu<br \/>\n&gt;Sotai<br \/>\n&gt;Termiterapia<br \/>\n&gt;Stretching<br \/>\n&gt;Hinaishin<br \/>\n&gt;Kinesiotaping<br \/>\n&gt;Acupuntura Trigger Point (opcional)<br \/>\nEste enfoque integral est\u00e1 dise\u00f1ado para trabajar en los m\u00fasculos clave mencionados, ayudando a liberar tensiones, mejorar la circulaci\u00f3n y promover una recuperaci\u00f3n m\u00e1s r\u00e1pida y efectiva. Disfruta de un tratamiento que combina lo mejor de la tradici\u00f3n japonesa con la \u00faltima ciencia en salud muscular.<\/li>\n<\/ul>\n[\/vc_column_text][\/vc_column][\/vc_row]\n<\/div>\n","protected":false},"excerpt":{"rendered":"<p>Modalidad presencial<br \/>\n<span style=\"color: #7f7dd1;\" data-darkreader-inline-color=\"\"><strong><br \/>\nM\u00f3dulo 1-. Cintura escapular y EESS Enfocado en miembros superiores, cuello y cintura escapular.<\/strong><br \/>\nProgramando fechas<\/span><\/p>\n<hr \/>\n<p><span style=\"color: #7f7dd1;\" data-darkreader-inline-color=\"\"><strong><br \/>\nM\u00f3dulo 2-. Regi\u00f3n lumbosacra y EEII.<\/strong><br \/>\nProgramando fechas<\/span><\/p>\n<hr \/>\n<p>Precio: Reserva de plaza: 50\u20ac + 6 pagos de 130\u20ac\/mes, de octubre 2025 a marzo 2026.<br \/>\n(Opcionalmente se puede cursar uno de los dos m\u00f3dulos. En este caso, el importe ser\u00e1 el siguiente:<br \/>\nReserva de plaza: 50\u20ac + 3 pagos de 130\u20ac\/mes, en los tres primeros meses).<\/p>\n<hr \/>\n<p>Este enfoque integral est\u00e1 dise\u00f1ado para trabajar en los m\u00fasculos clave mencionados, ayudando a liberar tensiones&#8230; (<a href=\"#tab-description\">Ver m\u00e1s informaci\u00f3n<\/a>)<\/p>\n","protected":false},"featured_media":29548,"comment_status":"open","ping_status":"closed","template":"","meta":{"_joinchat":[]},"product_brand":[],"product_cat":[617,89,98,179],"product_tag":[357,395,239,440,446,519],"class_list":{"0":"post-29545","1":"product","2":"type-product","3":"status-publish","4":"has-post-thumbnail","6":"product_cat-imagenes-profesores","7":"product_cat-terapias-manuales","8":"product_cat-cursos","9":"product_cat-cursos-presenciales","10":"product_tag-masaje","11":"product_tag-masaje-neurosedante","12":"product_tag-miguel-lopez","13":"product_tag-shiatsu","14":"product_tag-tecnicas-japonesas","15":"product_tag-terapia-manual","16":"pa_ediciones-edicion-febrero","17":"pa_ediciones-edicion-octubre","19":"first","20":"instock","21":"purchasable","22":"product-type-variable"},"_links":{"self":[{"href":"https:\/\/tienda.ismet.es\/index.php\/wp-json\/wp\/v2\/product\/29545","targetHints":{"allow":["GET"]}}],"collection":[{"href":"https:\/\/tienda.ismet.es\/index.php\/wp-json\/wp\/v2\/product"}],"about":[{"href":"https:\/\/tienda.ismet.es\/index.php\/wp-json\/wp\/v2\/types\/product"}],"replies":[{"embeddable":true,"href":"https:\/\/tienda.ismet.es\/index.php\/wp-json\/wp\/v2\/comments?post=29545"}],"wp:featuredmedia":[{"embeddable":true,"href":"https:\/\/tienda.ismet.es\/index.php\/wp-json\/wp\/v2\/media\/29548"}],"wp:attachment":[{"href":"https:\/\/tienda.ismet.es\/index.php\/wp-json\/wp\/v2\/media?parent=29545"}],"wp:term":[{"taxonomy":"product_brand","embeddable":true,"href":"https:\/\/tienda.ismet.es\/index.php\/wp-json\/wp\/v2\/product_brand?post=29545"},{"taxonomy":"product_cat","embeddable":true,"href":"https:\/\/tienda.ismet.es\/index.php\/wp-json\/wp\/v2\/product_cat?post=29545"},{"taxonomy":"product_tag","embeddable":true,"href":"https:\/\/tienda.ismet.es\/index.php\/wp-json\/wp\/v2\/product_tag?post=29545"}],"curies":[{"name":"wp","href":"https:\/\/api.w.org\/{rel}","templated":true}]}}