{"id":29300,"date":"2025-06-10T09:31:47","date_gmt":"2025-06-10T08:31:47","guid":{"rendered":"https:\/\/tienda.ismet.es\/?post_type=product&#038;p=29300"},"modified":"2026-02-17T11:43:58","modified_gmt":"2026-02-17T10:43:58","slug":"osteopatia-estructural-2","status":"publish","type":"product","link":"https:\/\/tienda.ismet.es\/index.php\/producto\/osteopatia-estructural-2\/","title":{"rendered":"&#8211; Osteopat\u00eda estructural"},"content":{"rendered":"[vc_row][vc_column][vc_video link=&#8221;&#8221;][vc_column_text]\n<div class=\"woocommerce-product-details__short-description\">\n<h4>Presentaci\u00f3n<\/h4>\n<ul>\n<li>\n<h4 class=\"titular\">\u00bfQu\u00e9 es la Osteopat\u00eda Estructural?<\/h4>\n<p>La Osteopat\u00eda Estructural es una rama de la Osteopat\u00eda que se enfoca en el abordaje terap\u00e9utico de los problemas musculoesquel\u00e9ticos a trav\u00e9s de t\u00e9cnicas manuales espec\u00edficas.<br \/>\nSe basa en la premisa de que el cuerpo humano es una unidad integrada, donde el sistema musculoesquel\u00e9tico, los \u00f3rganos y los tejidos est\u00e1n interrelacionados y cualquier alteraci\u00f3n en uno de estos sistemas puede afectar a los dem\u00e1s. En particular, la Osteopat\u00eda Estructural se centra en la manipulaci\u00f3n de las articulaciones, m\u00fasculos y huesos para restaurar la alineaci\u00f3n correcta del cuerpo, aliviar el dolor y mejorar la movilidad. A diferencia de otros enfoques terap\u00e9uticos, la Osteopat\u00eda busca tratar la causa subyacente de los problemas f\u00edsicos y no solo aliviar los s\u00edntomas. Estudiar Osteopat\u00eda Estructural es valioso porque te permite ofrecer una alternativa natural y eficaz para tratar una amplia gama de problemas musculoesquel\u00e9ticos. Adem\u00e1s, te otorga habilidades manuales avanzadas, te permite trabajar en un campo en expansi\u00f3n y te da la satisfacci\u00f3n de ayudar a los pacientes a mejorar su salud y calidad de vida de manera integral.<\/li>\n<\/ul>\n<hr \/>\n<p>Beneficios de la Osteopat\u00eda Estructural:<\/p>\n<ul>\n<li><strong>Alivio del dolor<\/strong>: A trav\u00e9s de la manipulaci\u00f3n suave, se alivia el dolor muscular y articular.<\/li>\n<li><strong>Mejora de la movilidad<\/strong>: El cuerpo recupera su rango de movimiento natural.<\/li>\n<li><strong>Bienestar general<\/strong>: Reduce tensiones, mejora la circulaci\u00f3n y promueve un estado de relajaci\u00f3n.<\/li>\n<li>En resumen, la <strong style=\"font-size: 1rem;\">Osteopat\u00eda Estructural<\/strong><span style=\"font-size: 1rem;\"> es una metodolog\u00eda de tratamiento altamente efectiva para quienes buscan una soluci\u00f3n integral a sus problemas musculoesquel\u00e9ticos. Mediante t\u00e9cnicas manuales especializadas, no solo se abordan los s\u00edntomas, sino que se trabaja para <\/span><strong style=\"font-size: 1rem;\">restaurar el equilibrio<\/strong><span style=\"font-size: 1rem;\"> y la <\/span><strong style=\"font-size: 1rem;\">funci\u00f3n<\/strong><span style=\"font-size: 1rem;\"> del cuerpo de manera natural.<\/span><\/li>\n<\/ul>\n<div><\/div>\n[\/vc_column_text][\/vc_column][\/vc_row]\n<\/div>\n","protected":false},"excerpt":{"rendered":"<p><strong>Modalidad presencial<\/strong><br \/>\nProgramando fechas<\/p>\n<hr \/>\n<p><strong>Precio total: <\/strong>El importe del curso se domiciliar\u00e1 en 10 pagos de 142\u20ac. mensuales.<\/p>\n<hr \/>\n<p>La movilidad de los \u00f3rganos y sus tejidos conectivos restablece el equilibrio y facilita la salud integral en todo el cuerpo&#8230;(<a href=\"#tab-description\">Ver m\u00e1s informaci\u00f3n<\/a>)<\/p>\n","protected":false},"featured_media":29304,"comment_status":"open","ping_status":"closed","template":"","meta":{"_joinchat":[]},"product_brand":[],"product_cat":[617,191,98],"product_tag":[741,311,260,250],"class_list":{"0":"post-29300","1":"product","2":"type-product","3":"status-publish","4":"has-post-thumbnail","6":"product_cat-imagenes-profesores","7":"product_cat-osteopatia","8":"product_cat-cursos","9":"product_tag-estructural","10":"product_tag-osteo","11":"product_tag-osteopatia","12":"product_tag-osteopatia-estructural","13":"pa_ediciones-grupo-sabados","14":"pa_ediciones-grupo-domingo","16":"first","17":"instock","18":"purchasable","19":"product-type-simple"},"_links":{"self":[{"href":"https:\/\/tienda.ismet.es\/index.php\/wp-json\/wp\/v2\/product\/29300","targetHints":{"allow":["GET"]}}],"collection":[{"href":"https:\/\/tienda.ismet.es\/index.php\/wp-json\/wp\/v2\/product"}],"about":[{"href":"https:\/\/tienda.ismet.es\/index.php\/wp-json\/wp\/v2\/types\/product"}],"replies":[{"embeddable":true,"href":"https:\/\/tienda.ismet.es\/index.php\/wp-json\/wp\/v2\/comments?post=29300"}],"wp:featuredmedia":[{"embeddable":true,"href":"https:\/\/tienda.ismet.es\/index.php\/wp-json\/wp\/v2\/media\/29304"}],"wp:attachment":[{"href":"https:\/\/tienda.ismet.es\/index.php\/wp-json\/wp\/v2\/media?parent=29300"}],"wp:term":[{"taxonomy":"product_brand","embeddable":true,"href":"https:\/\/tienda.ismet.es\/index.php\/wp-json\/wp\/v2\/product_brand?post=29300"},{"taxonomy":"product_cat","embeddable":true,"href":"https:\/\/tienda.ismet.es\/index.php\/wp-json\/wp\/v2\/product_cat?post=29300"},{"taxonomy":"product_tag","embeddable":true,"href":"https:\/\/tienda.ismet.es\/index.php\/wp-json\/wp\/v2\/product_tag?post=29300"}],"curies":[{"name":"wp","href":"https:\/\/api.w.org\/{rel}","templated":true}]}}