{"id":28731,"date":"2025-04-24T12:17:44","date_gmt":"2025-04-24T11:17:44","guid":{"rendered":"https:\/\/tienda.ismet.es\/?post_type=product&#038;p=28731"},"modified":"2025-10-27T14:35:25","modified_gmt":"2025-10-27T13:35:25","slug":"taller-practico-de-casos-clinicos-terapia-manual-integral-por-el-dr-jordi-sagrera","status":"publish","type":"product","link":"https:\/\/tienda.ismet.es\/index.php\/producto\/taller-practico-de-casos-clinicos-terapia-manual-integral-por-el-dr-jordi-sagrera\/","title":{"rendered":"&#8211; Taller pr\u00e1ctico de casos cl\u00ednicos terapia manual integral (whiplash, esguince y m\u00e1s), por el Dr. Sagrera"},"content":{"rendered":"[vc_row][vc_column][vc_video link=&#8221;&#8221;][vc_column_text]\n<div class=\"woocommerce-product-details__short-description\">\n<h4><\/h4>\n<p>El Dr. Sagrera nos presenta un taller 100% pr\u00e1ctico, donde nos presentar\u00e1 4 casos cl\u00ednicos muy recurrentes en nuestras consultas. La din\u00e1mica del taller ser\u00e1 presentar un buen enfoque a trav\u00e9s de una correcta anamnesis, para seguir con su correspondiente exploraci\u00f3n y elecci\u00f3n de maniobras y las t\u00e9cnicas m\u00e1s efectivas, y todo ello dar\u00e1 como resultado la obtenci\u00f3n de unos buenos resultados.<br \/>\nEn esta ocasi\u00f3n, vamos a desarrollar y poner en pr\u00e1ctica el enfoque de 4 casos frecuentes en los que, despu\u00e9s de una lesi\u00f3n y pasada la fase de recuperaci\u00f3n, quedan alteraciones funcionales y de dolor y movilidad, que ayudaremos a mejorar significativamente con terapia manual.<\/p>\n<hr \/>\n<p><strong>\u00bfPor qu\u00e9 realizar una formaci\u00f3n en terapia manual especializada en casos cl\u00ednicos?<\/strong><\/p>\n<p><u>Realizar una formaci\u00f3n en terapia manual especializada en casos cl\u00ednicos puede ser interesante por varias razones:<\/u><br \/>\n1.Mejora de habilidades espec\u00edficas: Al especializarte en casos cl\u00ednicos, puedes desarrollar t\u00e9cnicas avanzadas y adaptadas a necesidades espec\u00edficas de tus pacientes. Esto te permite abordar condiciones complejas de forma m\u00e1s eficaz.<\/p>\n<p>2.Mayor capacidad de evaluaci\u00f3n y abordaje terap\u00e9utico: La formaci\u00f3n especializada te proporciona un enfoque m\u00e1s profundo sobre las diferentes patolog\u00edas y c\u00f3mo tratarlas de manera manual, permiti\u00e9ndote ofrecer un tratamiento m\u00e1s preciso y adecuado para cada caso.<\/p>\n<p>3.Aumento de la empleabilidad y competitividad: Los profesionales que se especializan en \u00e1reas concretas, como la terapia manual para casos cl\u00ednicos complejos, se vuelven m\u00e1s demandados en el mercado laboral, lo que puede abrirte m\u00e1s puertas en centros m\u00e9dicos, de fisioterapia, rehabilitaci\u00f3n, entre otros; o como profesional independiente.<\/p>\n<p>4.Mejora de resultados cl\u00ednicos: Al dominar t\u00e9cnicas especializadas, puedes ofrecer tratamientos m\u00e1s eficaces, mejorando los resultados y la satisfacci\u00f3n de tus pacientes. Esto puede hacer que tu pr\u00e1ctica sea m\u00e1s exitosa y estable.<\/p>\n<p>5.Desarrollo de confianza en pacientes: Los pacientes suelen sentirse m\u00e1s c\u00f3modos con un terapeuta que muestra un alto nivel de especializaci\u00f3n y conocimiento. Esto puede generar mayor confianza y una relaci\u00f3n terap\u00e9utica m\u00e1s s\u00f3lida.<\/p>\n<p>6.Innovaci\u00f3n y actualizaci\u00f3n en el campo: La terapia manual es un \u00e1rea en constante evoluci\u00f3n, y especializarse te permite estar al tanto de los avances m\u00e1s recientes, utilizando las t\u00e9cnicas m\u00e1s innovadoras y efectivas.<\/p>\n<p>7.Valoraci\u00f3n en contextos cl\u00ednicos multidisciplinarios: Una formaci\u00f3n especializada en terapia manual te da la oportunidad de colaborar de manera m\u00e1s efectiva con otros profesionales de la salud (m\u00e9dicos, fisioterapeutas, etc.) en el tratamiento de patolog\u00edas complejas, lo que mejora los resultados globales del paciente.<\/p>\n<p>En resumen, hacer una formaci\u00f3n de terapia manual especializada en casos cl\u00ednicos no solo ampl\u00eda tus competencias profesionales, sino que tambi\u00e9n te posiciona mejor para afrontar una variedad de condiciones complejas de forma eficiente, impactando positivamente tanto en los pacientes como en tu carrera profesional.<\/p>\n<hr \/>\n<p><!--\n\n\n<h4>Impartido por: Jordi Sagrera Ferr\u00e1ndiz.<\/h4>\n\n\nLic. Medicina y cirug\u00eda UB 1973. Acreditado como m\u00e9dico naturista en el colegio de m\u00e9dicos de Barcelona (2005). Magister en Medicina Manual y Osteopat\u00eda en la Univ. Complutense de Madrid. Especializado en Terapias Manuales: Masaje y Osteopat\u00eda. Profesor externo en la Univ. Barcelona, Complutense de Madrid y La Cat\u00f3lica de Montevideo. Miembro de Semooym (sociedad espa\u00f1ola de Medicina Ortop\u00e9dica y manual). Asesor m\u00e9dico de RBA editores y autor de diversos libros. Profesor en cursos de pre y postgrado en distintas Universidades. Asesor m\u00e9dico ISMET en la elaboraci\u00f3n e impartici\u00f3n en distintos cursos.--><\/p>\n[\/vc_column_text][\/vc_column][\/vc_row]\n<\/div>\n","protected":false},"excerpt":{"rendered":"<p>Modalidad presencial. <span style=\"color: #7f7dd1;\" data-darkreader-inline-color=\"\"><strong><br \/>\nS\u00e1bado 11 de abril 2026.<br \/>\nHorario: de 10 a 14 y de 15 a 18h.<br \/>\n<\/strong><\/span><\/p>\n<hr \/>\n<p>Precio: 130\u20ac. Reserva plaza: 60\u20ac, y 70\u20ac restantes se abonar\u00e1n el 1er d\u00eda del curso, antes de empezar, en efectivo o tarjeta.<\/p>\n<hr \/>\n<p>En resumen, hacer una formaci\u00f3n de terapia manual especializada en casos cl\u00ednicos no solo ampl\u00eda tus competencias profesionales&#8230;(<a href=\"#tab-description\">Ver m\u00e1s informaci\u00f3n<\/a>)<\/p>\n","protected":false},"featured_media":28732,"comment_status":"open","ping_status":"closed","template":"","meta":{"_joinchat":[]},"product_brand":[],"product_cat":[617,89,98,179,197],"product_tag":[917,606,436,236,950,918,518,919,607,951,469,348],"class_list":{"0":"post-28731","1":"product","2":"type-product","3":"status-publish","4":"has-post-thumbnail","6":"product_cat-imagenes-profesores","7":"product_cat-terapias-manuales","8":"product_cat-cursos","9":"product_cat-cursos-presenciales","10":"product_cat-presencial-abril","11":"product_tag-casos-clinicos","12":"product_tag-cronica","13":"product_tag-dolor","14":"product_tag-dr-sagrera","15":"product_tag-esguince","16":"product_tag-integral","17":"product_tag-lumbalgia","18":"product_tag-manual","19":"product_tag-pseudociatica","20":"product_tag-taller-practico","21":"product_tag-tratamiento-manual","22":"product_tag-whiplash","23":"pa_ediciones-edicion-diciembre","24":"pa_ediciones-edicion-enero","25":"pa_ediciones-edicion-febrero","26":"pa_ediciones-edicion-marzo","27":"pa_ediciones-edicion-abril","28":"pa_ediciones-edicion-mayo","29":"pa_ediciones-edicion-junio","30":"pa_ediciones-edicion-julio","31":"pa_ediciones-edicion-septiembre","32":"pa_ediciones-edicion-octubre","33":"pa_ediciones-edicion-noviembre","34":"pa_modalidad-online","36":"first","37":"instock","38":"purchasable","39":"product-type-simple"},"_links":{"self":[{"href":"https:\/\/tienda.ismet.es\/index.php\/wp-json\/wp\/v2\/product\/28731","targetHints":{"allow":["GET"]}}],"collection":[{"href":"https:\/\/tienda.ismet.es\/index.php\/wp-json\/wp\/v2\/product"}],"about":[{"href":"https:\/\/tienda.ismet.es\/index.php\/wp-json\/wp\/v2\/types\/product"}],"replies":[{"embeddable":true,"href":"https:\/\/tienda.ismet.es\/index.php\/wp-json\/wp\/v2\/comments?post=28731"}],"wp:featuredmedia":[{"embeddable":true,"href":"https:\/\/tienda.ismet.es\/index.php\/wp-json\/wp\/v2\/media\/28732"}],"wp:attachment":[{"href":"https:\/\/tienda.ismet.es\/index.php\/wp-json\/wp\/v2\/media?parent=28731"}],"wp:term":[{"taxonomy":"product_brand","embeddable":true,"href":"https:\/\/tienda.ismet.es\/index.php\/wp-json\/wp\/v2\/product_brand?post=28731"},{"taxonomy":"product_cat","embeddable":true,"href":"https:\/\/tienda.ismet.es\/index.php\/wp-json\/wp\/v2\/product_cat?post=28731"},{"taxonomy":"product_tag","embeddable":true,"href":"https:\/\/tienda.ismet.es\/index.php\/wp-json\/wp\/v2\/product_tag?post=28731"}],"curies":[{"name":"wp","href":"https:\/\/api.w.org\/{rel}","templated":true}]}}