{"id":28231,"date":"2025-03-14T15:47:41","date_gmt":"2025-03-14T14:47:41","guid":{"rendered":"https:\/\/tienda.ismet.es\/?post_type=product&#038;p=28231"},"modified":"2026-01-15T14:47:58","modified_gmt":"2026-01-15T13:47:58","slug":"masaje-oncologico-nivel-avanzado","status":"publish","type":"product","link":"https:\/\/tienda.ismet.es\/index.php\/producto\/masaje-oncologico-nivel-avanzado\/","title":{"rendered":"&#8211; Masaje oncol\u00f3gico, nivel avanzado"},"content":{"rendered":"[vc_row][vc_column][vc_video link=&#8221;https:\/\/youtu.be\/QSE8rJsVV54&#8243;][vc_column_text]\n<hr \/>\n<h4>Objetivos<\/h4>\n<ul>\n<li>Comunicar de forma efectiva a los clientes con c\u00e1ncer los estudios cl\u00ednicos que hay detr\u00e1s de la eficacia del Masaje Oncol\u00f3gico y los beneficios que les pueden aportar.<\/li>\n<li>Entender el impacto psicol\u00f3gico del diagn\u00f3stico, tratamiento y sus secuelas tanto para pacientes como para los terapeutas.<\/li>\n<li>Desarrollar una relaci\u00f3n terap\u00e9utica sana con los clientes desde el diagn\u00f3stico hasta la etapa final de la vida.<\/li>\n<li>Aprender a incorporar de forma segura las t\u00e9cnicas de masaje terap\u00e9utico en las sesiones de masaje oncol\u00f3gico.<\/li>\n<li>Realizar un masaje abdominal efectivo.<\/li>\n<li>Aprender a trabajar sobre cicatrices quir\u00fargicas.<\/li>\n<li>Realizar de forma correcta las T\u00e9cnicas avanzadas de liberaci\u00f3n fascial en oncolog\u00eda tras una mastectom\u00eda.<\/li>\n<li style=\"list-style-type: none;\"><\/li>\n<\/ul>\n<p><!--\n\n\n<h4>Impartido por:<\/h4>\n\n\n<strong>Montse Garc\u00eda<\/strong>\nNatur\u00f3pata, Quiromasajista. Experta en reflexoterapia podal y masaje deportivo. Facioterapeuta, formadora certificada en Facioterapia-Dien Chan por el Profesor Dr. B\u00f9i Qu\u00f4c Ch\u00e2u en Espa\u00f1a (2004) y en Ho Chi Minh, en Vietnam (2006 y 2009). Coordinadora de masajistas deportivos en Competiciones de \u00e1mbito nacional e internacional. Premio \u201cSta. \u00c1gueda 2008\u201d, por su dedicaci\u00f3n y trayectoria en el mundo del deporte\n\n<strong>Montse Espejo<\/strong>\nQuiromasajista, linfoterapeuta.\n\n<strong>Sonia Carrera<\/strong>\nDiplomada en fisioterapia y enfermer\u00eda. Especialista en drenaje linf\u00e1tico y fisioterapia oncol\u00f3gica.\n--><br \/>\n[\/vc_column_text][\/vc_column][\/vc_row]\n","protected":false},"excerpt":{"rendered":"<p>Modalidad presencial. <span style=\"color: #7f7dd1;\"><strong><br \/>\nD\u00edas: 27, 28 y 29 de julio 2026.<br \/>\nHorario: lunes y martes, de 9:30 a 14 y de 15 a 18:30h. mi\u00e9rcoles, de 9 a 15h.<br \/>\n(22 horas + 4 meses de acompa\u00f1amiento online)<\/strong><\/span><\/p>\n<hr \/>\n<p><strong>Precio total:<\/strong> 550\u20ac. en efectivo o tarjeta, en secretar\u00eda.<\/p>\n<hr \/>\n<p>El masaje oncol\u00f3gico reduce los efectos secundarios causados por los tratamientos convencionales de c\u00e1ncer y los s\u00edntomas del proceso de la enfermedad misma&#8230; (<a href=\"#tab-description\">Ver m\u00e1s informaci\u00f3n<\/a>)<\/p>\n","protected":false},"featured_media":28232,"comment_status":"open","ping_status":"closed","template":"","meta":{"_joinchat":[]},"product_brand":[],"product_cat":[617,89,98,179,200],"product_tag":[844,805,357,429,767,559,922,431,430,766],"class_list":{"0":"post-28231","1":"product","2":"type-product","3":"status-publish","4":"has-post-thumbnail","6":"product_cat-imagenes-profesores","7":"product_cat-terapias-manuales","8":"product_cat-cursos","9":"product_cat-cursos-presenciales","10":"product_cat-presencial-julio","11":"product_tag-avanzado","12":"product_tag-cancer","13":"product_tag-masaje","14":"product_tag-masaje-onco","15":"product_tag-masaje-oncologico","16":"product_tag-nivel-2","17":"product_tag-nivel-avanzado","18":"product_tag-onco","19":"product_tag-oncologico","20":"product_tag-tacto-compasivo","21":"pa_ediciones-edicion-septiembre","23":"first","24":"instock","25":"purchasable","26":"product-type-simple"},"_links":{"self":[{"href":"https:\/\/tienda.ismet.es\/index.php\/wp-json\/wp\/v2\/product\/28231","targetHints":{"allow":["GET"]}}],"collection":[{"href":"https:\/\/tienda.ismet.es\/index.php\/wp-json\/wp\/v2\/product"}],"about":[{"href":"https:\/\/tienda.ismet.es\/index.php\/wp-json\/wp\/v2\/types\/product"}],"replies":[{"embeddable":true,"href":"https:\/\/tienda.ismet.es\/index.php\/wp-json\/wp\/v2\/comments?post=28231"}],"wp:featuredmedia":[{"embeddable":true,"href":"https:\/\/tienda.ismet.es\/index.php\/wp-json\/wp\/v2\/media\/28232"}],"wp:attachment":[{"href":"https:\/\/tienda.ismet.es\/index.php\/wp-json\/wp\/v2\/media?parent=28231"}],"wp:term":[{"taxonomy":"product_brand","embeddable":true,"href":"https:\/\/tienda.ismet.es\/index.php\/wp-json\/wp\/v2\/product_brand?post=28231"},{"taxonomy":"product_cat","embeddable":true,"href":"https:\/\/tienda.ismet.es\/index.php\/wp-json\/wp\/v2\/product_cat?post=28231"},{"taxonomy":"product_tag","embeddable":true,"href":"https:\/\/tienda.ismet.es\/index.php\/wp-json\/wp\/v2\/product_tag?post=28231"}],"curies":[{"name":"wp","href":"https:\/\/api.w.org\/{rel}","templated":true}]}}