{"id":27884,"date":"2025-02-24T11:45:58","date_gmt":"2025-02-24T10:45:58","guid":{"rendered":"https:\/\/tienda.ismet.es\/?post_type=product&#038;p=27884"},"modified":"2026-03-12T16:06:10","modified_gmt":"2026-03-12T15:06:10","slug":"curso-intensivo-de-masaje","status":"publish","type":"product","link":"https:\/\/tienda.ismet.es\/index.php\/producto\/curso-intensivo-de-masaje\/","title":{"rendered":"&#8211; Curso intensivo de masaje"},"content":{"rendered":"[vc_row][vc_column][vc_video link=&#8221;https:\/\/youtu.be\/p62t7mCurQA&#8221;][vc_column_text]\n<hr \/>\n<h4>Objetivos<\/h4>\n<p>\u2611 Aumenta tu bienestar y el de los dem\u00e1s: El masaje es una herramienta poderosa para reducir el estr\u00e9s, la ansiedad y mejorar la calidad de vida. Al aprender estas t\u00e9cnicas, podr\u00e1s ofrecer a otros una experiencia relajante y terap\u00e9utica que mejora su salud f\u00edsica y emocional.<br \/>\n\u2611 Ampl\u00eda tus oportunidades profesionales: El mercado de la salud y el bienestar est\u00e1 en constante crecimiento. Esta formaci\u00f3n te permite abrir nuevas puertas en el mundo laboral, ya sea como masajista profesional o para integrar estas habilidades en tu pr\u00e1ctica actual.<br \/>\n\u2611 Mejora tu salud personal: Practicar masaje no solo beneficia a los dem\u00e1s, sino que tambi\u00e9n te ayuda a desarrollar una mayor conciencia de tu cuerpo, reduciendo tus propios niveles de tensi\u00f3n y estr\u00e9s.<br \/>\n\u2611 Una inversi\u00f3n para el futuro: Aprender una habilidad como el masaje es una inversi\u00f3n en tu futuro, ya que te brinda una herramienta pr\u00e1ctica y \u00fatil que siempre ser\u00e1 valorada.<\/p>\n<hr \/>\n<p>Qu\u00e9 aprender\u00e1s:<\/p>\n<ul>\n<li>Ambientaci\u00f3n de la sala.<\/li>\n<li>El masajista, instalaci\u00f3n del usuario, materiales.<\/li>\n<li>Desarrollo de la percepci\u00f3n y la sensibilidad.<\/li>\n<li>Entrenamiento psicomotriz y dominio de la posici\u00f3n.<\/li>\n<li>Pr\u00e1ctica del contacto, de la intensidad y sentido direccional.<\/li>\n<li>Acciones y efectos del masaje y las manipulaciones.<\/li>\n<li>Gimnasia de manos.<\/li>\n<li>Pr\u00e1cticas de masaje en espalda.<\/li>\n<li>Pr\u00e1cticas de masaje en brazos.<\/li>\n<li>Pr\u00e1cticas de masaje en abdomen.<\/li>\n<li>Pr\u00e1cticas de masaje en pies.<\/li>\n<li>Pr\u00e1cticas de masaje en piernas.<\/li>\n<\/ul>\n<hr \/>\n<p><!--\n\n\n<h4>Impartido por: Montse Espejo<\/h4>\n\n\nQuiromasajista y linfoterapeuta manual. Diplomada en Kinesiolog\u00eda (hol\u00edstica, emocional y del comportamiento) y en Osteopat\u00eda Sacro-craneal..--><\/p>\n[\/vc_column_text][\/vc_column][\/vc_row]\n","protected":false},"excerpt":{"rendered":"<p>Modalidad presencial. <span style=\"color: #7f7dd1;\" data-darkreader-inline-color=\"\"><strong><br \/>\nLos lunes, del 1 de junio al 13 de julio 2026<br \/>\nFechas: los lunes 1-8-15-22-29 junio, 6-13 julio 2026, de 15:30 a 20:00 horas.<\/strong><\/span><\/p>\n<hr \/>\n<p><b>Precio Total: <\/b>396\u20ac. Reserva de plaza (80\u20ac) + 2 pagos de 158\u20ac, a abonar en efectivo o tarjeta.<\/p>\n<hr \/>\n<p>(<a href=\"#tab-description\">Ver m\u00e1s informaci\u00f3n<\/a>)<\/p>\n","protected":false},"featured_media":28299,"comment_status":"open","ping_status":"closed","template":"","meta":{"_joinchat":[]},"product_brand":[],"product_cat":[617,89,182,98,179,199],"product_tag":[921,882,357,417,387,368],"class_list":{"0":"post-27884","1":"product","2":"type-product","3":"status-publish","4":"has-post-thumbnail","6":"product_cat-imagenes-profesores","7":"product_cat-terapias-manuales","8":"product_cat-wellness-y-estetica","9":"product_cat-cursos","10":"product_cat-cursos-presenciales","11":"product_cat-presencial-junio","12":"product_tag-curso-intensivo-de-masaje","13":"product_tag-intensivo","14":"product_tag-masaje","15":"product_tag-montse-espejo","16":"product_tag-tecnicas-manuales","17":"product_tag-terapias-manuales","19":"first","20":"instock","21":"virtual","22":"purchasable","23":"product-type-simple"},"_links":{"self":[{"href":"https:\/\/tienda.ismet.es\/index.php\/wp-json\/wp\/v2\/product\/27884","targetHints":{"allow":["GET"]}}],"collection":[{"href":"https:\/\/tienda.ismet.es\/index.php\/wp-json\/wp\/v2\/product"}],"about":[{"href":"https:\/\/tienda.ismet.es\/index.php\/wp-json\/wp\/v2\/types\/product"}],"replies":[{"embeddable":true,"href":"https:\/\/tienda.ismet.es\/index.php\/wp-json\/wp\/v2\/comments?post=27884"}],"wp:featuredmedia":[{"embeddable":true,"href":"https:\/\/tienda.ismet.es\/index.php\/wp-json\/wp\/v2\/media\/28299"}],"wp:attachment":[{"href":"https:\/\/tienda.ismet.es\/index.php\/wp-json\/wp\/v2\/media?parent=27884"}],"wp:term":[{"taxonomy":"product_brand","embeddable":true,"href":"https:\/\/tienda.ismet.es\/index.php\/wp-json\/wp\/v2\/product_brand?post=27884"},{"taxonomy":"product_cat","embeddable":true,"href":"https:\/\/tienda.ismet.es\/index.php\/wp-json\/wp\/v2\/product_cat?post=27884"},{"taxonomy":"product_tag","embeddable":true,"href":"https:\/\/tienda.ismet.es\/index.php\/wp-json\/wp\/v2\/product_tag?post=27884"}],"curies":[{"name":"wp","href":"https:\/\/api.w.org\/{rel}","templated":true}]}}